{"id":6792,"date":"2025-11-14T19:21:53","date_gmt":"2025-11-14T19:21:53","guid":{"rendered":"https:\/\/agenciausphot.com\/uze\/produto\/pingente-arvore-da-vida\/"},"modified":"2025-11-18T14:06:50","modified_gmt":"2025-11-18T14:06:50","slug":"pingente-arvore-da-vida","status":"publish","type":"product","link":"https:\/\/agenciausphot.com\/uze\/en\/product\/pingente-arvore-da-vida\/","title":{"rendered":"Pingente arvore da vida"},"content":{"rendered":"<p data-start=\"0\" data-end=\"188\">Pingente \u00c1rvore da Vida em Prata 925 \u2014 s\u00edmbolo de <strong data-start=\"78\" data-end=\"111\">for\u00e7a, equil\u00edbrio e renova\u00e7\u00e3o<\/strong>, representando as conex\u00f5es entre o c\u00e9u, a terra e todas as formas de vida.<\/p>\n<p data-start=\"190\" data-end=\"432\">Produzido em <strong data-start=\"203\" data-end=\"225\">Prata 925 leg\u00edtima<\/strong>, este pingente possui <strong data-start=\"248\" data-end=\"267\">garantia eterna<\/strong>, mantendo o brilho e a durabilidade ao longo do tempo. Seu design delicado e significativo torna-o perfeito para o uso di\u00e1rio ou como presente cheio de prop\u00f3sito.<\/p>\n<p data-start=\"434\" data-end=\"451\">\u2728 <strong data-start=\"436\" data-end=\"449\">Detalhes:<\/strong><\/p>\n<ul data-start=\"452\" data-end=\"579\">\n<li data-start=\"452\" data-end=\"475\">\n<p data-start=\"454\" data-end=\"475\">Material: Prata 925<\/p>\n<\/li>\n<li data-start=\"476\" data-end=\"498\">\n<p data-start=\"478\" data-end=\"498\">Acabamento: Polido<\/p>\n<\/li>\n<li data-start=\"499\" data-end=\"519\">\n<p data-start=\"501\" data-end=\"519\">Garantia: Eterna<\/p>\n<\/li>\n<li data-start=\"520\" data-end=\"579\">\n<p data-start=\"522\" data-end=\"579\">S\u00edmbolo: \u00c1rvore da Vida (for\u00e7a, prote\u00e7\u00e3o e crescimento)<\/p>\n<\/li>\n<\/ul>","protected":false},"excerpt":{"rendered":"<p>Pingente \u00c1rvore da Vida em Prata 925 \u2014 s\u00edmbolo de for\u00e7a, equil\u00edbrio e renova\u00e7\u00e3o, representando as conex\u00f5es entre o c\u00e9u, a terra e todas as&#8230;<\/p>","protected":false},"featured_media":6791,"comment_status":"open","ping_status":"closed","template":"","meta":[],"etheme_brands":[],"product_brand":[],"product_cat":[119,118],"product_tag":[133],"class_list":{"0":"post-6792","1":"product","2":"type-product","3":"status-publish","4":"has-post-thumbnail","6":"product_cat-categoriapingentespingente-feminino","7":"product_cat-categoriapingentes","8":"product_tag-uze-pratas","10":"first","11":"instock","12":"shipping-taxable","13":"purchasable","14":"product-type-simple"},"_links":{"self":[{"href":"https:\/\/agenciausphot.com\/uze\/en\/wp-json\/wp\/v2\/product\/6792","targetHints":{"allow":["GET"]}}],"collection":[{"href":"https:\/\/agenciausphot.com\/uze\/en\/wp-json\/wp\/v2\/product"}],"about":[{"href":"https:\/\/agenciausphot.com\/uze\/en\/wp-json\/wp\/v2\/types\/product"}],"replies":[{"embeddable":true,"href":"https:\/\/agenciausphot.com\/uze\/en\/wp-json\/wp\/v2\/comments?post=6792"}],"version-history":[{"count":1,"href":"https:\/\/agenciausphot.com\/uze\/en\/wp-json\/wp\/v2\/product\/6792\/revisions"}],"predecessor-version":[{"id":6895,"href":"https:\/\/agenciausphot.com\/uze\/en\/wp-json\/wp\/v2\/product\/6792\/revisions\/6895"}],"wp:featuredmedia":[{"embeddable":true,"href":"https:\/\/agenciausphot.com\/uze\/en\/wp-json\/wp\/v2\/media\/6791"}],"wp:attachment":[{"href":"https:\/\/agenciausphot.com\/uze\/en\/wp-json\/wp\/v2\/media?parent=6792"}],"wp:term":[{"taxonomy":"brand","embeddable":true,"href":"https:\/\/agenciausphot.com\/uze\/en\/wp-json\/wp\/v2\/etheme_brands?post=6792"},{"taxonomy":"product_brand","embeddable":true,"href":"https:\/\/agenciausphot.com\/uze\/en\/wp-json\/wp\/v2\/product_brand?post=6792"},{"taxonomy":"product_cat","embeddable":true,"href":"https:\/\/agenciausphot.com\/uze\/en\/wp-json\/wp\/v2\/product_cat?post=6792"},{"taxonomy":"product_tag","embeddable":true,"href":"https:\/\/agenciausphot.com\/uze\/en\/wp-json\/wp\/v2\/product_tag?post=6792"}],"curies":[{"name":"wp","href":"https:\/\/api.w.org\/{rel}","templated":true}]}}