{"id":6790,"date":"2025-11-14T19:21:51","date_gmt":"2025-11-14T19:21:51","guid":{"rendered":"https:\/\/agenciausphot.com\/uze\/produto\/pingente-nossa-senhora-aparecida-com-cruz\/"},"modified":"2025-11-18T14:06:50","modified_gmt":"2025-11-18T14:06:50","slug":"pingente-nossa-senhora-aparecida-com-cruz","status":"publish","type":"product","link":"https:\/\/agenciausphot.com\/uze\/en\/product\/pingente-nossa-senhora-aparecida-com-cruz\/","title":{"rendered":"Pingente nossa senhora aparecida com cruz"},"content":{"rendered":"<p data-start=\"0\" data-end=\"283\">Pingente Nossa Senhora Aparecida com Cruz em Prata 925 \u2014 uma pe\u00e7a de f\u00e9 e eleg\u00e2ncia, perfeita para quem deseja carregar prote\u00e7\u00e3o e estilo no dia a dia. Seu design delicado une a imagem da padroeira do Brasil \u00e0 cruz, s\u00edmbolo de devo\u00e7\u00e3o e espiritualidade.<\/p>\n<p data-start=\"285\" data-end=\"501\">Produzido em <strong data-start=\"298\" data-end=\"320\">Prata 925 leg\u00edtima<\/strong>, o pingente possui <strong data-start=\"340\" data-end=\"359\">garantia eterna<\/strong> quanto \u00e0 autenticidade do material, garantindo brilho duradouro e resist\u00eancia. Ideal para presentear ou usar como amuleto de f\u00e9 e prote\u00e7\u00e3o.<\/p>\n<p data-start=\"503\" data-end=\"520\">\u2728 <strong data-start=\"505\" data-end=\"518\">Detalhes:<\/strong><\/p>\n<ul data-start=\"521\" data-end=\"636\">\n<li data-start=\"521\" data-end=\"544\">\n<p data-start=\"523\" data-end=\"544\">Material: Prata 925<\/p>\n<\/li>\n<li data-start=\"545\" data-end=\"567\">\n<p data-start=\"547\" data-end=\"567\">Acabamento: Polido<\/p>\n<\/li>\n<li data-start=\"568\" data-end=\"588\">\n<p data-start=\"570\" data-end=\"588\">Garantia: Eterna<\/p>\n<\/li>\n<li data-start=\"589\" data-end=\"636\">\n<p data-start=\"591\" data-end=\"636\">Ideal para: uso di\u00e1rio ou presente especial<\/p>\n<\/li>\n<\/ul>","protected":false},"excerpt":{"rendered":"<p>Pingente Nossa Senhora Aparecida com Cruz em Prata 925 \u2014 uma pe\u00e7a de f\u00e9 e eleg\u00e2ncia, perfeita para quem deseja carregar prote\u00e7\u00e3o e estilo no&#8230;<\/p>","protected":false},"featured_media":6789,"comment_status":"open","ping_status":"closed","template":"","meta":[],"etheme_brands":[],"product_brand":[],"product_cat":[119,118],"product_tag":[133],"class_list":{"0":"post-6790","1":"product","2":"type-product","3":"status-publish","4":"has-post-thumbnail","6":"product_cat-categoriapingentespingente-feminino","7":"product_cat-categoriapingentes","8":"product_tag-uze-pratas","10":"first","11":"instock","12":"shipping-taxable","13":"purchasable","14":"product-type-simple"},"_links":{"self":[{"href":"https:\/\/agenciausphot.com\/uze\/en\/wp-json\/wp\/v2\/product\/6790","targetHints":{"allow":["GET"]}}],"collection":[{"href":"https:\/\/agenciausphot.com\/uze\/en\/wp-json\/wp\/v2\/product"}],"about":[{"href":"https:\/\/agenciausphot.com\/uze\/en\/wp-json\/wp\/v2\/types\/product"}],"replies":[{"embeddable":true,"href":"https:\/\/agenciausphot.com\/uze\/en\/wp-json\/wp\/v2\/comments?post=6790"}],"version-history":[{"count":1,"href":"https:\/\/agenciausphot.com\/uze\/en\/wp-json\/wp\/v2\/product\/6790\/revisions"}],"predecessor-version":[{"id":6894,"href":"https:\/\/agenciausphot.com\/uze\/en\/wp-json\/wp\/v2\/product\/6790\/revisions\/6894"}],"wp:featuredmedia":[{"embeddable":true,"href":"https:\/\/agenciausphot.com\/uze\/en\/wp-json\/wp\/v2\/media\/6789"}],"wp:attachment":[{"href":"https:\/\/agenciausphot.com\/uze\/en\/wp-json\/wp\/v2\/media?parent=6790"}],"wp:term":[{"taxonomy":"brand","embeddable":true,"href":"https:\/\/agenciausphot.com\/uze\/en\/wp-json\/wp\/v2\/etheme_brands?post=6790"},{"taxonomy":"product_brand","embeddable":true,"href":"https:\/\/agenciausphot.com\/uze\/en\/wp-json\/wp\/v2\/product_brand?post=6790"},{"taxonomy":"product_cat","embeddable":true,"href":"https:\/\/agenciausphot.com\/uze\/en\/wp-json\/wp\/v2\/product_cat?post=6790"},{"taxonomy":"product_tag","embeddable":true,"href":"https:\/\/agenciausphot.com\/uze\/en\/wp-json\/wp\/v2\/product_tag?post=6790"}],"curies":[{"name":"wp","href":"https:\/\/api.w.org\/{rel}","templated":true}]}}