{"id":6550,"date":"2025-11-04T13:50:53","date_gmt":"2025-11-04T13:50:53","guid":{"rendered":"https:\/\/agenciausphot.com\/uze\/produto\/anel-regulavel-cobra\/"},"modified":"2025-11-04T20:39:44","modified_gmt":"2025-11-04T20:39:44","slug":"anel-regulavel-cobra","status":"publish","type":"product","link":"https:\/\/agenciausphot.com\/uze\/en\/product\/anel-regulavel-cobra\/","title":{"rendered":"Anel regulavel cobra"},"content":{"rendered":"<p data-start=\"124\" data-end=\"446\"><strong data-start=\"126\" data-end=\"163\">Anel Regul\u00e1vel Cobra em Prata 925<\/strong> \u2728<br data-start=\"165\" data-end=\"168\"><br \/>\nCom design moderno e marcante, o anel cobra simboliza for\u00e7a, renova\u00e7\u00e3o e poder feminino. Produzido em <strong data-start=\"270\" data-end=\"292\">prata 925 leg\u00edtima<\/strong>, possui ajuste regul\u00e1vel que garante conforto e perfeito encaixe em qualquer dedo. Ideal para quem busca um acess\u00f3rio cheio de atitude e personalidade.<\/p>\n<p data-start=\"448\" data-end=\"466\">\ud83d\udc8d <strong data-start=\"451\" data-end=\"464\">Detalhes:<\/strong><\/p>\n<ul data-start=\"467\" data-end=\"575\">\n<li data-start=\"467\" data-end=\"499\">\n<p data-start=\"469\" data-end=\"499\">Material: Prata 925 leg\u00edtima<\/p>\n<\/li>\n<li data-start=\"500\" data-end=\"517\">\n<p data-start=\"502\" data-end=\"517\">Modelo: Cobra<\/p>\n<\/li>\n<li data-start=\"518\" data-end=\"540\">\n<p data-start=\"520\" data-end=\"540\">Tamanho: Regul\u00e1vel<\/p>\n<\/li>\n<li data-start=\"541\" data-end=\"575\">\n<p data-start=\"543\" data-end=\"575\">Acabamento: Polido e detalhado<\/p>\n<\/li>\n<\/ul>","protected":false},"excerpt":{"rendered":"<p>Anel Regul\u00e1vel Cobra em Prata 925 \u2728 Com design moderno e marcante, o anel cobra simboliza for\u00e7a, renova\u00e7\u00e3o e poder feminino. Produzido em prata 925&#8230;<\/p>","protected":false},"featured_media":6549,"comment_status":"open","ping_status":"closed","template":"","meta":[],"etheme_brands":[],"product_brand":[],"product_cat":[103,92],"product_tag":[133],"class_list":{"0":"post-6550","1":"product","2":"type-product","3":"status-publish","4":"has-post-thumbnail","6":"product_cat-categoriaanisanel-feminino","7":"product_cat-categoriaanis","8":"product_tag-uze-pratas","10":"first","11":"outofstock","12":"shipping-taxable","13":"purchasable","14":"product-type-simple"},"_links":{"self":[{"href":"https:\/\/agenciausphot.com\/uze\/en\/wp-json\/wp\/v2\/product\/6550","targetHints":{"allow":["GET"]}}],"collection":[{"href":"https:\/\/agenciausphot.com\/uze\/en\/wp-json\/wp\/v2\/product"}],"about":[{"href":"https:\/\/agenciausphot.com\/uze\/en\/wp-json\/wp\/v2\/types\/product"}],"replies":[{"embeddable":true,"href":"https:\/\/agenciausphot.com\/uze\/en\/wp-json\/wp\/v2\/comments?post=6550"}],"version-history":[{"count":1,"href":"https:\/\/agenciausphot.com\/uze\/en\/wp-json\/wp\/v2\/product\/6550\/revisions"}],"predecessor-version":[{"id":6575,"href":"https:\/\/agenciausphot.com\/uze\/en\/wp-json\/wp\/v2\/product\/6550\/revisions\/6575"}],"wp:featuredmedia":[{"embeddable":true,"href":"https:\/\/agenciausphot.com\/uze\/en\/wp-json\/wp\/v2\/media\/6549"}],"wp:attachment":[{"href":"https:\/\/agenciausphot.com\/uze\/en\/wp-json\/wp\/v2\/media?parent=6550"}],"wp:term":[{"taxonomy":"brand","embeddable":true,"href":"https:\/\/agenciausphot.com\/uze\/en\/wp-json\/wp\/v2\/etheme_brands?post=6550"},{"taxonomy":"product_brand","embeddable":true,"href":"https:\/\/agenciausphot.com\/uze\/en\/wp-json\/wp\/v2\/product_brand?post=6550"},{"taxonomy":"product_cat","embeddable":true,"href":"https:\/\/agenciausphot.com\/uze\/en\/wp-json\/wp\/v2\/product_cat?post=6550"},{"taxonomy":"product_tag","embeddable":true,"href":"https:\/\/agenciausphot.com\/uze\/en\/wp-json\/wp\/v2\/product_tag?post=6550"}],"curies":[{"name":"wp","href":"https:\/\/api.w.org\/{rel}","templated":true}]}}