{"id":6326,"date":"2025-10-30T19:32:10","date_gmt":"2025-10-30T19:32:10","guid":{"rendered":"https:\/\/agenciausphot.com\/uze\/produto\/anel-duplo\/"},"modified":"2025-12-22T16:27:28","modified_gmt":"2025-12-22T16:27:28","slug":"anel-duplo","status":"publish","type":"product","link":"https:\/\/agenciausphot.com\/uze\/en\/product\/anel-duplo\/","title":{"rendered":"Anel duplo"},"content":{"rendered":"<h3 data-start=\"80\" data-end=\"109\">Anel Duplo em Prata 925<\/h3>\n<p data-start=\"110\" data-end=\"396\">Moderno e elegante, o Anel Duplo \u00e9 confeccionado em prata 925 leg\u00edtima e traz um design contempor\u00e2neo com duas faixas paralelas que simbolizam uni\u00e3o e equil\u00edbrio.<br data-start=\"272\" data-end=\"275\"><br \/>\nCom acabamento polido e tra\u00e7os delicados, \u00e9 uma pe\u00e7a vers\u00e1til que combina facilmente com diferentes estilos e ocasi\u00f5es.<\/p>\n<p data-start=\"398\" data-end=\"424\"><strong data-start=\"398\" data-end=\"422\">Detalhes do produto:<\/strong><\/p>\n<ul data-start=\"425\" data-end=\"593\">\n<li data-start=\"425\" data-end=\"457\">\n<p data-start=\"427\" data-end=\"457\">Material: Prata 925 leg\u00edtima<\/p>\n<\/li>\n<li data-start=\"458\" data-end=\"504\">\n<p data-start=\"460\" data-end=\"504\">Design: Duas faixas paralelas (anel duplo)<\/p>\n<\/li>\n<li data-start=\"505\" data-end=\"537\">\n<p data-start=\"507\" data-end=\"537\">Acabamento: Liso e brilhante<\/p>\n<\/li>\n<li data-start=\"538\" data-end=\"564\">\n<p data-start=\"540\" data-end=\"564\">Produto hipoalerg\u00eanico<\/p>\n<\/li>\n<li data-start=\"565\" data-end=\"593\">\n<p data-start=\"567\" data-end=\"593\">Garantia eterna da prata<\/p>\n<\/li>\n<\/ul>","protected":false},"excerpt":{"rendered":"<p>Anel Duplo em Prata 925 Moderno e elegante, o Anel Duplo \u00e9 confeccionado em prata 925 leg\u00edtima e traz um design contempor\u00e2neo com duas faixas&#8230;<\/p>","protected":false},"featured_media":6325,"comment_status":"open","ping_status":"closed","template":"","meta":[],"etheme_brands":[],"product_brand":[],"product_cat":[103,92],"product_tag":[132],"class_list":{"0":"post-6326","1":"product","2":"type-product","3":"status-publish","4":"has-post-thumbnail","6":"product_cat-categoriaanisanel-feminino","7":"product_cat-categoriaanis","8":"product_tag-monzi","10":"first","11":"instock","12":"shipping-taxable","13":"purchasable","14":"product-type-variable"},"_links":{"self":[{"href":"https:\/\/agenciausphot.com\/uze\/en\/wp-json\/wp\/v2\/product\/6326","targetHints":{"allow":["GET"]}}],"collection":[{"href":"https:\/\/agenciausphot.com\/uze\/en\/wp-json\/wp\/v2\/product"}],"about":[{"href":"https:\/\/agenciausphot.com\/uze\/en\/wp-json\/wp\/v2\/types\/product"}],"replies":[{"embeddable":true,"href":"https:\/\/agenciausphot.com\/uze\/en\/wp-json\/wp\/v2\/comments?post=6326"}],"version-history":[{"count":1,"href":"https:\/\/agenciausphot.com\/uze\/en\/wp-json\/wp\/v2\/product\/6326\/revisions"}],"predecessor-version":[{"id":6573,"href":"https:\/\/agenciausphot.com\/uze\/en\/wp-json\/wp\/v2\/product\/6326\/revisions\/6573"}],"wp:featuredmedia":[{"embeddable":true,"href":"https:\/\/agenciausphot.com\/uze\/en\/wp-json\/wp\/v2\/media\/6325"}],"wp:attachment":[{"href":"https:\/\/agenciausphot.com\/uze\/en\/wp-json\/wp\/v2\/media?parent=6326"}],"wp:term":[{"taxonomy":"brand","embeddable":true,"href":"https:\/\/agenciausphot.com\/uze\/en\/wp-json\/wp\/v2\/etheme_brands?post=6326"},{"taxonomy":"product_brand","embeddable":true,"href":"https:\/\/agenciausphot.com\/uze\/en\/wp-json\/wp\/v2\/product_brand?post=6326"},{"taxonomy":"product_cat","embeddable":true,"href":"https:\/\/agenciausphot.com\/uze\/en\/wp-json\/wp\/v2\/product_cat?post=6326"},{"taxonomy":"product_tag","embeddable":true,"href":"https:\/\/agenciausphot.com\/uze\/en\/wp-json\/wp\/v2\/product_tag?post=6326"}],"curies":[{"name":"wp","href":"https:\/\/api.w.org\/{rel}","templated":true}]}}