{"id":6306,"date":"2025-10-30T19:28:45","date_gmt":"2025-10-30T19:28:45","guid":{"rendered":"https:\/\/agenciausphot.com\/uze\/produto\/gargantilha-borboleta-envelhecida\/"},"modified":"2025-12-05T04:41:38","modified_gmt":"2025-12-05T04:41:38","slug":"gargantilha-borboleta-envelhecida","status":"publish","type":"product","link":"https:\/\/agenciausphot.com\/uze\/en\/product\/gargantilha-borboleta-envelhecida\/","title":{"rendered":"Gargantilha borboleta envelhecida"},"content":{"rendered":"<h3 data-start=\"111\" data-end=\"137\">Detalhes do Produto:<\/h3>\n<p data-start=\"138\" data-end=\"473\">Gargantilha em <strong data-start=\"153\" data-end=\"175\">Prata 925 leg\u00edtima<\/strong>, com corrente delicada e pingente em formato de <strong data-start=\"224\" data-end=\"249\">borboleta envelhecida<\/strong>, com acabamento escurecido que real\u00e7a os detalhes das asas e traz um ar vintage e sofisticado. A pe\u00e7a transmite liberdade, transforma\u00e7\u00e3o e delicadeza, sendo perfeita para compor produ\u00e7\u00f5es cheias de estilo e personalidade.<\/p>\n<p data-start=\"475\" data-end=\"596\">As pratas 925 possuem <strong data-start=\"497\" data-end=\"519\">garantia vital\u00edcia<\/strong>, reconhecidas por sua durabilidade, qualidade e excelente custo-benef\u00edcio.<\/p>\n<hr data-start=\"598\" data-end=\"601\">\n<h3 data-start=\"603\" data-end=\"635\">Especifica\u00e7\u00f5es do produto:<\/h3>\n<ul data-start=\"636\" data-end=\"887\">\n<li data-start=\"636\" data-end=\"694\">\n<p data-start=\"638\" data-end=\"694\"><strong data-start=\"638\" data-end=\"649\">Modelo:<\/strong> Gargantilha Borboleta Envelhecida em Prata<\/p>\n<\/li>\n<li data-start=\"695\" data-end=\"744\">\n<p data-start=\"697\" data-end=\"744\"><strong data-start=\"697\" data-end=\"725\">Comprimento da Corrente:<\/strong> 45cm (ajust\u00e1vel)<\/p>\n<\/li>\n<li data-start=\"745\" data-end=\"799\">\n<p data-start=\"747\" data-end=\"799\"><strong data-start=\"747\" data-end=\"760\">Pingente:<\/strong> Borboleta com acabamento envelhecido<\/p>\n<\/li>\n<li data-start=\"800\" data-end=\"836\">\n<p data-start=\"802\" data-end=\"836\"><strong data-start=\"802\" data-end=\"815\">Material:<\/strong> Prata 925 leg\u00edtima<\/p>\n<\/li>\n<li data-start=\"837\" data-end=\"861\">\n<p data-start=\"839\" data-end=\"861\"><strong data-start=\"839\" data-end=\"850\">G\u00eanero:<\/strong> Feminino<\/p>\n<\/li>\n<li data-start=\"862\" data-end=\"887\">\n<p data-start=\"864\" data-end=\"887\"><strong data-start=\"864\" data-end=\"873\">Peso:<\/strong> Aprox. 2,5g<\/p>\n<\/li>\n<\/ul>\n<hr data-start=\"889\" data-end=\"892\">\n<h3 data-start=\"894\" data-end=\"909\">Garantia:<\/h3>\n<p data-start=\"910\" data-end=\"1168\">Todas as gargantilhas em <strong data-start=\"935\" data-end=\"948\">Prata 925<\/strong> acompanham <strong data-start=\"960\" data-end=\"1004\">Certificado de Garantia de Autenticidade<\/strong>, assegurando a <strong data-start=\"1020\" data-end=\"1038\">dura\u00e7\u00e3o eterna<\/strong> do material. Diferente das bijuterias, pe\u00e7as em Prata 925 mant\u00eam seu valor e beleza por toda a vida, assim como o <strong data-start=\"1153\" data-end=\"1165\">Ouro 18k<\/strong>.<\/p>","protected":false},"excerpt":{"rendered":"<p>Detalhes do Produto: Gargantilha em Prata 925 leg\u00edtima, com corrente delicada e pingente em formato de borboleta envelhecida, com acabamento escurecido que real\u00e7a os detalhes&#8230;<\/p>","protected":false},"featured_media":6304,"comment_status":"open","ping_status":"closed","template":"","meta":[],"etheme_brands":[],"product_brand":[],"product_cat":[106,93],"product_tag":[133],"class_list":{"0":"post-6306","1":"product","2":"type-product","3":"status-publish","4":"has-post-thumbnail","6":"product_cat-categoriacolarescolar-feminino","7":"product_cat-categoriacolares","8":"product_tag-uze-pratas","10":"first","11":"outofstock","12":"shipping-taxable","13":"product-type-variable"},"_links":{"self":[{"href":"https:\/\/agenciausphot.com\/uze\/en\/wp-json\/wp\/v2\/product\/6306","targetHints":{"allow":["GET"]}}],"collection":[{"href":"https:\/\/agenciausphot.com\/uze\/en\/wp-json\/wp\/v2\/product"}],"about":[{"href":"https:\/\/agenciausphot.com\/uze\/en\/wp-json\/wp\/v2\/types\/product"}],"replies":[{"embeddable":true,"href":"https:\/\/agenciausphot.com\/uze\/en\/wp-json\/wp\/v2\/comments?post=6306"}],"version-history":[{"count":1,"href":"https:\/\/agenciausphot.com\/uze\/en\/wp-json\/wp\/v2\/product\/6306\/revisions"}],"predecessor-version":[{"id":6541,"href":"https:\/\/agenciausphot.com\/uze\/en\/wp-json\/wp\/v2\/product\/6306\/revisions\/6541"}],"wp:featuredmedia":[{"embeddable":true,"href":"https:\/\/agenciausphot.com\/uze\/en\/wp-json\/wp\/v2\/media\/6304"}],"wp:attachment":[{"href":"https:\/\/agenciausphot.com\/uze\/en\/wp-json\/wp\/v2\/media?parent=6306"}],"wp:term":[{"taxonomy":"brand","embeddable":true,"href":"https:\/\/agenciausphot.com\/uze\/en\/wp-json\/wp\/v2\/etheme_brands?post=6306"},{"taxonomy":"product_brand","embeddable":true,"href":"https:\/\/agenciausphot.com\/uze\/en\/wp-json\/wp\/v2\/product_brand?post=6306"},{"taxonomy":"product_cat","embeddable":true,"href":"https:\/\/agenciausphot.com\/uze\/en\/wp-json\/wp\/v2\/product_cat?post=6306"},{"taxonomy":"product_tag","embeddable":true,"href":"https:\/\/agenciausphot.com\/uze\/en\/wp-json\/wp\/v2\/product_tag?post=6306"}],"curies":[{"name":"wp","href":"https:\/\/api.w.org\/{rel}","templated":true}]}}