{"id":5757,"date":"2025-10-29T13:16:06","date_gmt":"2025-10-29T13:16:06","guid":{"rendered":"https:\/\/agenciausphot.com\/uze\/produto\/pulseira-inspiracao-tiffany-em-bolas-3mm-prata\/"},"modified":"2025-10-29T13:16:06","modified_gmt":"2025-10-29T13:16:06","slug":"pulseira-inspiracao-tiffany-em-bolas-3mm-prata","status":"publish","type":"product","link":"https:\/\/agenciausphot.com\/uze\/en\/product\/pulseira-inspiracao-tiffany-em-bolas-3mm-prata\/","title":{"rendered":"Pulseira inspira\u00e7\u00e3o tiffany em bolas 3mm prata"},"content":{"rendered":"<p data-start=\"104\" data-end=\"506\"><strong data-start=\"104\" data-end=\"171\">Pulseira Inspira\u00e7\u00e3o Tiffany \u2013 Bolas 3mm em Prata 925 Leg\u00edtima<\/strong><br data-start=\"171\" data-end=\"174\"><br \/>\nElegante e atemporal, essa pulseira \u00e9 inspirada no cl\u00e1ssico estilo Tiffany. Produzida em <strong data-start=\"263\" data-end=\"285\">prata 925 leg\u00edtima<\/strong>, com esferas delicadas de <strong data-start=\"312\" data-end=\"319\">3mm<\/strong>, ela traz brilho sutil e sofistica\u00e7\u00e3o para qualquer ocasi\u00e3o.<br data-start=\"380\" data-end=\"383\"><br \/>\n\ud83d\udc8e Possui <strong data-start=\"393\" data-end=\"421\">garantia eterna da prata<\/strong>, n\u00e3o escurece com o uso e \u00e9 perfeita para compor mix de pulseiras ou usar sozinha.<\/p>\n<p data-start=\"508\" data-end=\"523\"><strong data-start=\"508\" data-end=\"521\">Detalhes:<\/strong><\/p>\n<ul data-start=\"524\" data-end=\"647\">\n<li data-start=\"524\" data-end=\"556\">\n<p data-start=\"526\" data-end=\"556\">Material: Prata 925 leg\u00edtima<\/p>\n<\/li>\n<li data-start=\"557\" data-end=\"584\">\n<p data-start=\"559\" data-end=\"584\">Di\u00e2metro das bolas: 3mm<\/p>\n<\/li>\n<li data-start=\"585\" data-end=\"618\">\n<p data-start=\"587\" data-end=\"618\">Fecho resistente tipo lagosta<\/p>\n<\/li>\n<li data-start=\"619\" data-end=\"647\">\n<p data-start=\"621\" data-end=\"647\">Garantia eterna da prata<\/p>\n<\/li>\n<\/ul>","protected":false},"excerpt":{"rendered":"<p>Pulseira Inspira\u00e7\u00e3o Tiffany \u2013 Bolas 3mm em Prata 925 Leg\u00edtima Elegante e atemporal, essa pulseira \u00e9 inspirada no cl\u00e1ssico estilo Tiffany. Produzida em prata 925&#8230;<\/p>","protected":false},"featured_media":5756,"comment_status":"open","ping_status":"closed","template":"","meta":[],"etheme_brands":[],"product_brand":[],"product_cat":[98,90],"product_tag":[133],"class_list":{"0":"post-5757","1":"product","2":"type-product","3":"status-publish","4":"has-post-thumbnail","6":"product_cat-categoriapulseiraspulseira-feminina","7":"product_cat-categoriapulseiras","8":"product_tag-uze-pratas","10":"first","11":"outofstock","12":"shipping-taxable","13":"purchasable","14":"product-type-simple"},"_links":{"self":[{"href":"https:\/\/agenciausphot.com\/uze\/en\/wp-json\/wp\/v2\/product\/5757","targetHints":{"allow":["GET"]}}],"collection":[{"href":"https:\/\/agenciausphot.com\/uze\/en\/wp-json\/wp\/v2\/product"}],"about":[{"href":"https:\/\/agenciausphot.com\/uze\/en\/wp-json\/wp\/v2\/types\/product"}],"replies":[{"embeddable":true,"href":"https:\/\/agenciausphot.com\/uze\/en\/wp-json\/wp\/v2\/comments?post=5757"}],"version-history":[{"count":0,"href":"https:\/\/agenciausphot.com\/uze\/en\/wp-json\/wp\/v2\/product\/5757\/revisions"}],"wp:featuredmedia":[{"embeddable":true,"href":"https:\/\/agenciausphot.com\/uze\/en\/wp-json\/wp\/v2\/media\/5756"}],"wp:attachment":[{"href":"https:\/\/agenciausphot.com\/uze\/en\/wp-json\/wp\/v2\/media?parent=5757"}],"wp:term":[{"taxonomy":"brand","embeddable":true,"href":"https:\/\/agenciausphot.com\/uze\/en\/wp-json\/wp\/v2\/etheme_brands?post=5757"},{"taxonomy":"product_brand","embeddable":true,"href":"https:\/\/agenciausphot.com\/uze\/en\/wp-json\/wp\/v2\/product_brand?post=5757"},{"taxonomy":"product_cat","embeddable":true,"href":"https:\/\/agenciausphot.com\/uze\/en\/wp-json\/wp\/v2\/product_cat?post=5757"},{"taxonomy":"product_tag","embeddable":true,"href":"https:\/\/agenciausphot.com\/uze\/en\/wp-json\/wp\/v2\/product_tag?post=5757"}],"curies":[{"name":"wp","href":"https:\/\/api.w.org\/{rel}","templated":true}]}}