{"id":5745,"date":"2025-10-29T13:15:58","date_gmt":"2025-10-29T13:15:58","guid":{"rendered":"https:\/\/agenciausphot.com\/uze\/produto\/oculos-de-sol-rose-vision\/"},"modified":"2025-10-29T16:17:37","modified_gmt":"2025-10-29T16:17:37","slug":"oculos-de-sol-rose-vision","status":"publish","type":"product","link":"https:\/\/agenciausphot.com\/uze\/en\/product\/oculos-de-sol-rose-vision\/","title":{"rendered":"\u00d3culos de sol ros\u00e9 vision"},"content":{"rendered":"<h3 data-start=\"82\" data-end=\"113\">\u00d3culos de Sol Ros\u00e9 Vision<\/h3>\n<p data-start=\"114\" data-end=\"406\">Delicado e sofisticado, o \u00d3culos de Sol Ros\u00e9 Vision \u00e9 a escolha perfeita para quem ama um visual elegante com um toque de modernidade.<br data-start=\"248\" data-end=\"251\"><br \/>\nCom arma\u00e7\u00e3o em tom ros\u00e9 e lentes com prote\u00e7\u00e3o UV, ele une charme, conforto e estilo, sendo ideal para compor produ\u00e7\u00f5es femininas cheias de personalidade.<\/p>\n<p data-start=\"408\" data-end=\"434\"><strong data-start=\"408\" data-end=\"432\">Detalhes do produto:<\/strong><\/p>\n<ul data-start=\"435\" data-end=\"653\">\n<li data-start=\"435\" data-end=\"458\">\n<p data-start=\"437\" data-end=\"458\">Modelo: Ros\u00e9 Vision<\/p>\n<\/li>\n<li data-start=\"459\" data-end=\"503\">\n<p data-start=\"461\" data-end=\"503\">Arma\u00e7\u00e3o: Tom ros\u00e9 com acabamento premium<\/p>\n<\/li>\n<li data-start=\"504\" data-end=\"542\">\n<p data-start=\"506\" data-end=\"542\">Lentes: Degrad\u00ea com prote\u00e7\u00e3o UV400<\/p>\n<\/li>\n<li data-start=\"543\" data-end=\"574\">\n<p data-start=\"545\" data-end=\"574\">Material: Leve e resistente<\/p>\n<\/li>\n<li data-start=\"575\" data-end=\"606\">\n<p data-start=\"577\" data-end=\"606\">Estilo: Feminino e elegante<\/p>\n<\/li>\n<li data-start=\"607\" data-end=\"653\">\n<p data-start=\"609\" data-end=\"653\">Indica\u00e7\u00e3o: Uso di\u00e1rio e ocasi\u00f5es especiais<\/p>\n<\/li>\n<\/ul>\n<p data-start=\"655\" data-end=\"769\">Um acess\u00f3rio sofisticado e rom\u00e2ntico, ideal para quem deseja unir delicadeza, prote\u00e7\u00e3o e estilo em um s\u00f3 \u00f3culos.<\/p>","protected":false},"excerpt":{"rendered":"<p>\u00d3culos de Sol Ros\u00e9 Vision Delicado e sofisticado, o \u00d3culos de Sol Ros\u00e9 Vision \u00e9 a escolha perfeita para quem ama um visual elegante com&#8230;<\/p>","protected":false},"featured_media":5744,"comment_status":"open","ping_status":"closed","template":"","meta":[],"etheme_brands":[],"product_brand":[],"product_cat":[126,124],"product_tag":[133],"class_list":{"0":"post-5745","1":"product","2":"type-product","3":"status-publish","4":"has-post-thumbnail","6":"product_cat-categoriaculosculos-feminino","7":"product_cat-categoriaculos","8":"product_tag-uze-pratas","10":"first","11":"outofstock","12":"shipping-taxable","13":"purchasable","14":"product-type-simple"},"_links":{"self":[{"href":"https:\/\/agenciausphot.com\/uze\/en\/wp-json\/wp\/v2\/product\/5745","targetHints":{"allow":["GET"]}}],"collection":[{"href":"https:\/\/agenciausphot.com\/uze\/en\/wp-json\/wp\/v2\/product"}],"about":[{"href":"https:\/\/agenciausphot.com\/uze\/en\/wp-json\/wp\/v2\/types\/product"}],"replies":[{"embeddable":true,"href":"https:\/\/agenciausphot.com\/uze\/en\/wp-json\/wp\/v2\/comments?post=5745"}],"version-history":[{"count":1,"href":"https:\/\/agenciausphot.com\/uze\/en\/wp-json\/wp\/v2\/product\/5745\/revisions"}],"predecessor-version":[{"id":6286,"href":"https:\/\/agenciausphot.com\/uze\/en\/wp-json\/wp\/v2\/product\/5745\/revisions\/6286"}],"wp:featuredmedia":[{"embeddable":true,"href":"https:\/\/agenciausphot.com\/uze\/en\/wp-json\/wp\/v2\/media\/5744"}],"wp:attachment":[{"href":"https:\/\/agenciausphot.com\/uze\/en\/wp-json\/wp\/v2\/media?parent=5745"}],"wp:term":[{"taxonomy":"brand","embeddable":true,"href":"https:\/\/agenciausphot.com\/uze\/en\/wp-json\/wp\/v2\/etheme_brands?post=5745"},{"taxonomy":"product_brand","embeddable":true,"href":"https:\/\/agenciausphot.com\/uze\/en\/wp-json\/wp\/v2\/product_brand?post=5745"},{"taxonomy":"product_cat","embeddable":true,"href":"https:\/\/agenciausphot.com\/uze\/en\/wp-json\/wp\/v2\/product_cat?post=5745"},{"taxonomy":"product_tag","embeddable":true,"href":"https:\/\/agenciausphot.com\/uze\/en\/wp-json\/wp\/v2\/product_tag?post=5745"}],"curies":[{"name":"wp","href":"https:\/\/api.w.org\/{rel}","templated":true}]}}