{"id":5743,"date":"2025-10-29T13:15:56","date_gmt":"2025-10-29T13:15:56","guid":{"rendered":"https:\/\/agenciausphot.com\/uze\/produto\/oculos-de-sol-solaris-blue\/"},"modified":"2025-10-29T16:22:09","modified_gmt":"2025-10-29T16:22:09","slug":"oculos-de-sol-solaris-blue","status":"publish","type":"product","link":"https:\/\/agenciausphot.com\/uze\/en\/product\/oculos-de-sol-solaris-blue\/","title":{"rendered":"\u00d3culos de sol solaris blue"},"content":{"rendered":"<h3 data-start=\"83\" data-end=\"115\">\u00d3culos de Sol Solaris Blue<\/h3>\n<p data-start=\"116\" data-end=\"407\">Moderno e cheio de personalidade, o \u00d3culos de Sol Solaris Blue \u00e9 perfeito para quem gosta de unir estilo e atitude em um \u00fanico acess\u00f3rio.<br data-start=\"253\" data-end=\"256\"><br \/>\nCom lentes em tom azul e arma\u00e7\u00e3o leve, ele proporciona conforto, prote\u00e7\u00e3o e um visual marcante \u2014 ideal para quem busca se destacar com autenticidade.<\/p>\n<p data-start=\"409\" data-end=\"435\"><strong data-start=\"409\" data-end=\"433\">Detalhes do produto:<\/strong><\/p>\n<ul data-start=\"436\" data-end=\"629\">\n<li data-start=\"436\" data-end=\"460\">\n<p data-start=\"438\" data-end=\"460\">Modelo: Solaris Blue<\/p>\n<\/li>\n<li data-start=\"461\" data-end=\"515\">\n<p data-start=\"463\" data-end=\"515\">Arma\u00e7\u00e3o: Leve e resistente, com acabamento premium<\/p>\n<\/li>\n<li data-start=\"516\" data-end=\"551\">\n<p data-start=\"518\" data-end=\"551\">Lentes: Azul com prote\u00e7\u00e3o UV400<\/p>\n<\/li>\n<li data-start=\"552\" data-end=\"587\">\n<p data-start=\"554\" data-end=\"587\">Estilo: Unissex e contempor\u00e2neo<\/p>\n<\/li>\n<li data-start=\"588\" data-end=\"629\">\n<p data-start=\"590\" data-end=\"629\">Indica\u00e7\u00e3o: Uso di\u00e1rio e looks urbanos<\/p>\n<\/li>\n<\/ul>\n<p data-start=\"631\" data-end=\"743\">Um acess\u00f3rio vibrante e sofisticado, ideal para quem ama um toque moderno e ousado sem abrir m\u00e3o da eleg\u00e2ncia.<\/p>","protected":false},"excerpt":{"rendered":"<p>\u00d3culos de Sol Solaris Blue Moderno e cheio de personalidade, o \u00d3culos de Sol Solaris Blue \u00e9 perfeito para quem gosta de unir estilo e&#8230;<\/p>","protected":false},"featured_media":5742,"comment_status":"open","ping_status":"closed","template":"","meta":[],"etheme_brands":[],"product_brand":[],"product_cat":[125,124],"product_tag":[133],"class_list":{"0":"post-5743","1":"product","2":"type-product","3":"status-publish","4":"has-post-thumbnail","6":"product_cat-categoriaculosculos-masculino","7":"product_cat-categoriaculos","8":"product_tag-uze-pratas","10":"first","11":"outofstock","12":"shipping-taxable","13":"purchasable","14":"product-type-simple"},"_links":{"self":[{"href":"https:\/\/agenciausphot.com\/uze\/en\/wp-json\/wp\/v2\/product\/5743","targetHints":{"allow":["GET"]}}],"collection":[{"href":"https:\/\/agenciausphot.com\/uze\/en\/wp-json\/wp\/v2\/product"}],"about":[{"href":"https:\/\/agenciausphot.com\/uze\/en\/wp-json\/wp\/v2\/types\/product"}],"replies":[{"embeddable":true,"href":"https:\/\/agenciausphot.com\/uze\/en\/wp-json\/wp\/v2\/comments?post=5743"}],"version-history":[{"count":1,"href":"https:\/\/agenciausphot.com\/uze\/en\/wp-json\/wp\/v2\/product\/5743\/revisions"}],"predecessor-version":[{"id":6285,"href":"https:\/\/agenciausphot.com\/uze\/en\/wp-json\/wp\/v2\/product\/5743\/revisions\/6285"}],"wp:featuredmedia":[{"embeddable":true,"href":"https:\/\/agenciausphot.com\/uze\/en\/wp-json\/wp\/v2\/media\/5742"}],"wp:attachment":[{"href":"https:\/\/agenciausphot.com\/uze\/en\/wp-json\/wp\/v2\/media?parent=5743"}],"wp:term":[{"taxonomy":"brand","embeddable":true,"href":"https:\/\/agenciausphot.com\/uze\/en\/wp-json\/wp\/v2\/etheme_brands?post=5743"},{"taxonomy":"product_brand","embeddable":true,"href":"https:\/\/agenciausphot.com\/uze\/en\/wp-json\/wp\/v2\/product_brand?post=5743"},{"taxonomy":"product_cat","embeddable":true,"href":"https:\/\/agenciausphot.com\/uze\/en\/wp-json\/wp\/v2\/product_cat?post=5743"},{"taxonomy":"product_tag","embeddable":true,"href":"https:\/\/agenciausphot.com\/uze\/en\/wp-json\/wp\/v2\/product_tag?post=5743"}],"curies":[{"name":"wp","href":"https:\/\/api.w.org\/{rel}","templated":true}]}}