{"id":5726,"date":"2025-10-29T13:15:42","date_gmt":"2025-10-29T13:15:42","guid":{"rendered":"https:\/\/agenciausphot.com\/uze\/produto\/oculos-de-sol-aviador-venture\/"},"modified":"2025-10-29T16:48:15","modified_gmt":"2025-10-29T16:48:15","slug":"oculos-de-sol-aviador-venture","status":"publish","type":"product","link":"https:\/\/agenciausphot.com\/uze\/en\/product\/oculos-de-sol-aviador-venture\/","title":{"rendered":"\u00d3culos de sol aviador venture"},"content":{"rendered":"<h3 data-start=\"86\" data-end=\"121\">\u00d3culos de Sol Aviador Venture<\/h3>\n<p data-start=\"122\" data-end=\"435\">Cl\u00e1ssico e sofisticado, o \u00d3culos de Sol Aviador Venture combina design tradicional com um toque moderno, ideal para quem busca eleg\u00e2ncia e presen\u00e7a em qualquer ocasi\u00e3o.<br data-start=\"290\" data-end=\"293\"><br \/>\nCom arma\u00e7\u00e3o met\u00e1lica leve e lentes amplas, ele garante conforto e prote\u00e7\u00e3o total contra os raios UV, al\u00e9m de um visual marcante e atemporal.<\/p>\n<p data-start=\"437\" data-end=\"463\"><strong data-start=\"437\" data-end=\"461\">Detalhes do produto:<\/strong><\/p>\n<ul data-start=\"464\" data-end=\"649\">\n<li data-start=\"464\" data-end=\"491\">\n<p data-start=\"466\" data-end=\"491\">Modelo: Aviador Venture<\/p>\n<\/li>\n<li data-start=\"492\" data-end=\"531\">\n<p data-start=\"494\" data-end=\"531\">Arma\u00e7\u00e3o: Met\u00e1lica leve e resistente<\/p>\n<\/li>\n<li data-start=\"532\" data-end=\"570\">\n<p data-start=\"534\" data-end=\"570\">Lentes: Escuras com prote\u00e7\u00e3o UV400<\/p>\n<\/li>\n<li data-start=\"571\" data-end=\"602\">\n<p data-start=\"573\" data-end=\"602\">Estilo: Unissex e atemporal<\/p>\n<\/li>\n<li data-start=\"603\" data-end=\"649\">\n<p data-start=\"605\" data-end=\"649\">Indica\u00e7\u00e3o: Uso di\u00e1rio e ocasi\u00f5es especiais<\/p>\n<\/li>\n<\/ul>\n<p data-start=\"651\" data-end=\"784\">Um acess\u00f3rio ic\u00f4nico que transmite estilo e confian\u00e7a \u2014 perfeito para quem aprecia o equil\u00edbrio entre o cl\u00e1ssico e o contempor\u00e2neo.<\/p>","protected":false},"excerpt":{"rendered":"<p>\u00d3culos de Sol Aviador Venture Cl\u00e1ssico e sofisticado, o \u00d3culos de Sol Aviador Venture combina design tradicional com um toque moderno, ideal para quem busca&#8230;<\/p>","protected":false},"featured_media":5723,"comment_status":"open","ping_status":"closed","template":"","meta":[],"etheme_brands":[],"product_brand":[],"product_cat":[125,124],"product_tag":[133],"class_list":{"0":"post-5726","1":"product","2":"type-product","3":"status-publish","4":"has-post-thumbnail","6":"product_cat-categoriaculosculos-masculino","7":"product_cat-categoriaculos","8":"product_tag-uze-pratas","10":"first","11":"instock","12":"shipping-taxable","13":"purchasable","14":"product-type-simple"},"_links":{"self":[{"href":"https:\/\/agenciausphot.com\/uze\/en\/wp-json\/wp\/v2\/product\/5726","targetHints":{"allow":["GET"]}}],"collection":[{"href":"https:\/\/agenciausphot.com\/uze\/en\/wp-json\/wp\/v2\/product"}],"about":[{"href":"https:\/\/agenciausphot.com\/uze\/en\/wp-json\/wp\/v2\/types\/product"}],"replies":[{"embeddable":true,"href":"https:\/\/agenciausphot.com\/uze\/en\/wp-json\/wp\/v2\/comments?post=5726"}],"version-history":[{"count":1,"href":"https:\/\/agenciausphot.com\/uze\/en\/wp-json\/wp\/v2\/product\/5726\/revisions"}],"predecessor-version":[{"id":6279,"href":"https:\/\/agenciausphot.com\/uze\/en\/wp-json\/wp\/v2\/product\/5726\/revisions\/6279"}],"wp:featuredmedia":[{"embeddable":true,"href":"https:\/\/agenciausphot.com\/uze\/en\/wp-json\/wp\/v2\/media\/5723"}],"wp:attachment":[{"href":"https:\/\/agenciausphot.com\/uze\/en\/wp-json\/wp\/v2\/media?parent=5726"}],"wp:term":[{"taxonomy":"brand","embeddable":true,"href":"https:\/\/agenciausphot.com\/uze\/en\/wp-json\/wp\/v2\/etheme_brands?post=5726"},{"taxonomy":"product_brand","embeddable":true,"href":"https:\/\/agenciausphot.com\/uze\/en\/wp-json\/wp\/v2\/product_brand?post=5726"},{"taxonomy":"product_cat","embeddable":true,"href":"https:\/\/agenciausphot.com\/uze\/en\/wp-json\/wp\/v2\/product_cat?post=5726"},{"taxonomy":"product_tag","embeddable":true,"href":"https:\/\/agenciausphot.com\/uze\/en\/wp-json\/wp\/v2\/product_tag?post=5726"}],"curies":[{"name":"wp","href":"https:\/\/api.w.org\/{rel}","templated":true}]}}