{"id":5722,"date":"2025-10-29T13:15:37","date_gmt":"2025-10-29T13:15:37","guid":{"rendered":"https:\/\/agenciausphot.com\/uze\/produto\/oculos-de-sol-prisma\/"},"modified":"2025-10-29T16:55:15","modified_gmt":"2025-10-29T16:55:15","slug":"oculos-de-sol-prisma","status":"publish","type":"product","link":"https:\/\/agenciausphot.com\/uze\/en\/product\/oculos-de-sol-prisma\/","title":{"rendered":"\u00d3culos de sol prisma"},"content":{"rendered":"<h3 data-start=\"77\" data-end=\"103\">\u00d3culos de Sol Prisma<\/h3>\n<p data-start=\"104\" data-end=\"422\">Cheio de estilo e personalidade, o \u00d3culos de Sol Prisma traz um design moderno que combina eleg\u00e2ncia e autenticidade.<br data-start=\"221\" data-end=\"224\"><br \/>\nCom arma\u00e7\u00e3o leve e acabamento premium, ele oferece conforto e prote\u00e7\u00e3o total contra os raios UV, enquanto suas lentes refletem nuances sofisticadas que real\u00e7am o visual com um toque contempor\u00e2neo.<\/p>\n<p data-start=\"424\" data-end=\"450\"><strong data-start=\"424\" data-end=\"448\">Detalhes do produto:<\/strong><\/p>\n<ul data-start=\"451\" data-end=\"640\">\n<li data-start=\"451\" data-end=\"469\">\n<p data-start=\"453\" data-end=\"469\">Modelo: Prisma<\/p>\n<\/li>\n<li data-start=\"470\" data-end=\"513\">\n<p data-start=\"472\" data-end=\"513\">Arma\u00e7\u00e3o: Leve, resistente e confort\u00e1vel<\/p>\n<\/li>\n<li data-start=\"514\" data-end=\"563\">\n<p data-start=\"516\" data-end=\"563\">Lentes: Com prote\u00e7\u00e3o UV400 e efeito reflexivo<\/p>\n<\/li>\n<li data-start=\"564\" data-end=\"593\">\n<p data-start=\"566\" data-end=\"593\">Estilo: Unissex e moderno<\/p>\n<\/li>\n<li data-start=\"594\" data-end=\"640\">\n<p data-start=\"596\" data-end=\"640\">Indica\u00e7\u00e3o: Uso di\u00e1rio e ocasi\u00f5es especiais<\/p>\n<\/li>\n<\/ul>\n<p data-start=\"642\" data-end=\"773\">Um acess\u00f3rio que une moda e funcionalidade, perfeito para quem busca um visual marcante e sofisticado em qualquer momento do dia.<\/p>","protected":false},"excerpt":{"rendered":"<p>\u00d3culos de Sol Prisma Cheio de estilo e personalidade, o \u00d3culos de Sol Prisma traz um design moderno que combina eleg\u00e2ncia e autenticidade. Com arma\u00e7\u00e3o&#8230;<\/p>","protected":false},"featured_media":5719,"comment_status":"open","ping_status":"closed","template":"","meta":[],"etheme_brands":[],"product_brand":[],"product_cat":[125,124],"product_tag":[133],"class_list":{"0":"post-5722","1":"product","2":"type-product","3":"status-publish","4":"has-post-thumbnail","6":"product_cat-categoriaculosculos-masculino","7":"product_cat-categoriaculos","8":"product_tag-uze-pratas","10":"first","11":"instock","12":"shipping-taxable","13":"purchasable","14":"product-type-simple"},"_links":{"self":[{"href":"https:\/\/agenciausphot.com\/uze\/en\/wp-json\/wp\/v2\/product\/5722","targetHints":{"allow":["GET"]}}],"collection":[{"href":"https:\/\/agenciausphot.com\/uze\/en\/wp-json\/wp\/v2\/product"}],"about":[{"href":"https:\/\/agenciausphot.com\/uze\/en\/wp-json\/wp\/v2\/types\/product"}],"replies":[{"embeddable":true,"href":"https:\/\/agenciausphot.com\/uze\/en\/wp-json\/wp\/v2\/comments?post=5722"}],"version-history":[{"count":1,"href":"https:\/\/agenciausphot.com\/uze\/en\/wp-json\/wp\/v2\/product\/5722\/revisions"}],"predecessor-version":[{"id":6278,"href":"https:\/\/agenciausphot.com\/uze\/en\/wp-json\/wp\/v2\/product\/5722\/revisions\/6278"}],"wp:featuredmedia":[{"embeddable":true,"href":"https:\/\/agenciausphot.com\/uze\/en\/wp-json\/wp\/v2\/media\/5719"}],"wp:attachment":[{"href":"https:\/\/agenciausphot.com\/uze\/en\/wp-json\/wp\/v2\/media?parent=5722"}],"wp:term":[{"taxonomy":"brand","embeddable":true,"href":"https:\/\/agenciausphot.com\/uze\/en\/wp-json\/wp\/v2\/etheme_brands?post=5722"},{"taxonomy":"product_brand","embeddable":true,"href":"https:\/\/agenciausphot.com\/uze\/en\/wp-json\/wp\/v2\/product_brand?post=5722"},{"taxonomy":"product_cat","embeddable":true,"href":"https:\/\/agenciausphot.com\/uze\/en\/wp-json\/wp\/v2\/product_cat?post=5722"},{"taxonomy":"product_tag","embeddable":true,"href":"https:\/\/agenciausphot.com\/uze\/en\/wp-json\/wp\/v2\/product_tag?post=5722"}],"curies":[{"name":"wp","href":"https:\/\/api.w.org\/{rel}","templated":true}]}}