{"id":5718,"date":"2025-10-29T13:15:33","date_gmt":"2025-10-29T13:15:33","guid":{"rendered":"https:\/\/agenciausphot.com\/uze\/produto\/oculos-de-sol-verde-astro\/"},"modified":"2025-10-29T17:00:17","modified_gmt":"2025-10-29T17:00:17","slug":"oculos-de-sol-verde-astro","status":"publish","type":"product","link":"https:\/\/agenciausphot.com\/uze\/en\/product\/oculos-de-sol-verde-astro\/","title":{"rendered":"\u00d3culos de sol verde astro"},"content":{"rendered":"<hr data-start=\"77\" data-end=\"80\">\n<h3 data-start=\"82\" data-end=\"113\">\u00d3culos de Sol Verde Astro<\/h3>\n<p data-start=\"114\" data-end=\"431\">Futurista e cheio de personalidade, o \u00d3culos de Sol Verde Astro \u00e9 ideal para quem gosta de se destacar com estilo.<br data-start=\"228\" data-end=\"231\"><br \/>\nCom design moderno e arma\u00e7\u00e3o marcante, ele combina conforto, leveza e um toque ousado de cor. As lentes com tonalidade verde oferecem prote\u00e7\u00e3o total contra os raios UV e um visual \u00fanico e aut\u00eantico.<\/p>\n<p data-start=\"433\" data-end=\"459\"><strong data-start=\"433\" data-end=\"457\">Detalhes do produto:<\/strong><\/p>\n<ul data-start=\"460\" data-end=\"640\">\n<li data-start=\"460\" data-end=\"483\">\n<p data-start=\"462\" data-end=\"483\">Modelo: Verde Astro<\/p>\n<\/li>\n<li data-start=\"484\" data-end=\"524\">\n<p data-start=\"486\" data-end=\"524\">Arma\u00e7\u00e3o: Leve, resistente e estilosa<\/p>\n<\/li>\n<li data-start=\"525\" data-end=\"562\">\n<p data-start=\"527\" data-end=\"562\">Lentes: Verdes com prote\u00e7\u00e3o UV400<\/p>\n<\/li>\n<li data-start=\"563\" data-end=\"598\">\n<p data-start=\"565\" data-end=\"598\">Estilo: Unissex e contempor\u00e2neo<\/p>\n<\/li>\n<li data-start=\"599\" data-end=\"640\">\n<p data-start=\"601\" data-end=\"640\">Indica\u00e7\u00e3o: Uso di\u00e1rio e looks urbanos<\/p>\n<\/li>\n<\/ul>\n<p data-start=\"642\" data-end=\"752\">Um acess\u00f3rio moderno e cheio de atitude, perfeito para quem busca inova\u00e7\u00e3o, cor e eleg\u00e2ncia em um s\u00f3 \u00f3culos.<\/p>","protected":false},"excerpt":{"rendered":"<p>\u00d3culos de Sol Verde Astro Futurista e cheio de personalidade, o \u00d3culos de Sol Verde Astro \u00e9 ideal para quem gosta de se destacar com&#8230;<\/p>","protected":false},"featured_media":5717,"comment_status":"open","ping_status":"closed","template":"","meta":[],"etheme_brands":[],"product_brand":[],"product_cat":[128,124],"product_tag":[133],"class_list":{"0":"post-5718","1":"product","2":"type-product","3":"status-publish","4":"has-post-thumbnail","6":"product_cat-categoriaculosculos-unisex","7":"product_cat-categoriaculos","8":"product_tag-uze-pratas","10":"first","11":"instock","12":"shipping-taxable","13":"purchasable","14":"product-type-simple"},"_links":{"self":[{"href":"https:\/\/agenciausphot.com\/uze\/en\/wp-json\/wp\/v2\/product\/5718","targetHints":{"allow":["GET"]}}],"collection":[{"href":"https:\/\/agenciausphot.com\/uze\/en\/wp-json\/wp\/v2\/product"}],"about":[{"href":"https:\/\/agenciausphot.com\/uze\/en\/wp-json\/wp\/v2\/types\/product"}],"replies":[{"embeddable":true,"href":"https:\/\/agenciausphot.com\/uze\/en\/wp-json\/wp\/v2\/comments?post=5718"}],"version-history":[{"count":1,"href":"https:\/\/agenciausphot.com\/uze\/en\/wp-json\/wp\/v2\/product\/5718\/revisions"}],"predecessor-version":[{"id":6277,"href":"https:\/\/agenciausphot.com\/uze\/en\/wp-json\/wp\/v2\/product\/5718\/revisions\/6277"}],"wp:featuredmedia":[{"embeddable":true,"href":"https:\/\/agenciausphot.com\/uze\/en\/wp-json\/wp\/v2\/media\/5717"}],"wp:attachment":[{"href":"https:\/\/agenciausphot.com\/uze\/en\/wp-json\/wp\/v2\/media?parent=5718"}],"wp:term":[{"taxonomy":"brand","embeddable":true,"href":"https:\/\/agenciausphot.com\/uze\/en\/wp-json\/wp\/v2\/etheme_brands?post=5718"},{"taxonomy":"product_brand","embeddable":true,"href":"https:\/\/agenciausphot.com\/uze\/en\/wp-json\/wp\/v2\/product_brand?post=5718"},{"taxonomy":"product_cat","embeddable":true,"href":"https:\/\/agenciausphot.com\/uze\/en\/wp-json\/wp\/v2\/product_cat?post=5718"},{"taxonomy":"product_tag","embeddable":true,"href":"https:\/\/agenciausphot.com\/uze\/en\/wp-json\/wp\/v2\/product_tag?post=5718"}],"curies":[{"name":"wp","href":"https:\/\/api.w.org\/{rel}","templated":true}]}}