{"id":5712,"date":"2025-10-29T13:15:28","date_gmt":"2025-10-29T13:15:28","guid":{"rendered":"https:\/\/agenciausphot.com\/uze\/produto\/oculos-de-sol-mabel\/"},"modified":"2025-10-29T17:30:13","modified_gmt":"2025-10-29T17:30:13","slug":"oculos-de-sol-mabel","status":"publish","type":"product","link":"https:\/\/agenciausphot.com\/uze\/en\/product\/oculos-de-sol-mabel\/","title":{"rendered":"\u00d3culos de sol  mabel"},"content":{"rendered":"<h3 data-start=\"76\" data-end=\"101\">\u00d3culos de Sol Mabel<\/h3>\n<p data-start=\"102\" data-end=\"447\">Moderno e sofisticado, o \u00d3culos de Sol Mabel \u00e9 a escolha perfeita para quem busca um visual elegante com um toque de atitude.<br data-start=\"227\" data-end=\"230\"><br \/>\nCom design contempor\u00e2neo e arma\u00e7\u00e3o imponente, ele combina conforto, leveza e prote\u00e7\u00e3o, tornando-se o acess\u00f3rio ideal para qualquer ocasi\u00e3o. As lentes com prote\u00e7\u00e3o UV garantem seguran\u00e7a e estilo em todos os momentos.<\/p>\n<p data-start=\"449\" data-end=\"475\"><strong data-start=\"449\" data-end=\"473\">Detalhes do produto:<\/strong><\/p>\n<ul data-start=\"476\" data-end=\"669\">\n<li data-start=\"476\" data-end=\"493\">\n<p data-start=\"478\" data-end=\"493\">Modelo: Mabel<\/p>\n<\/li>\n<li data-start=\"494\" data-end=\"548\">\n<p data-start=\"496\" data-end=\"548\">Arma\u00e7\u00e3o: Leve, resistente e com acabamento premium<\/p>\n<\/li>\n<li data-start=\"549\" data-end=\"587\">\n<p data-start=\"551\" data-end=\"587\">Lentes: Escuras com prote\u00e7\u00e3o UV400<\/p>\n<\/li>\n<li data-start=\"588\" data-end=\"622\">\n<p data-start=\"590\" data-end=\"622\">Estilo: Feminino e sofisticado<\/p>\n<\/li>\n<li data-start=\"623\" data-end=\"669\">\n<p data-start=\"625\" data-end=\"669\">Indica\u00e7\u00e3o: Uso di\u00e1rio e momentos especiais<\/p>\n<\/li>\n<\/ul>\n<p data-start=\"671\" data-end=\"762\">Um acess\u00f3rio marcante e vers\u00e1til, perfeito para real\u00e7ar o look com eleg\u00e2ncia e confian\u00e7a.<\/p>","protected":false},"excerpt":{"rendered":"<p>\u00d3culos de Sol Mabel Moderno e sofisticado, o \u00d3culos de Sol Mabel \u00e9 a escolha perfeita para quem busca um visual elegante com um toque&#8230;<\/p>","protected":false},"featured_media":5709,"comment_status":"open","ping_status":"closed","template":"","meta":[],"etheme_brands":[],"product_brand":[],"product_cat":[126,124],"product_tag":[133],"class_list":{"0":"post-5712","1":"product","2":"type-product","3":"status-publish","4":"has-post-thumbnail","6":"product_cat-categoriaculosculos-feminino","7":"product_cat-categoriaculos","8":"product_tag-uze-pratas","10":"first","11":"instock","12":"shipping-taxable","13":"purchasable","14":"product-type-simple"},"_links":{"self":[{"href":"https:\/\/agenciausphot.com\/uze\/en\/wp-json\/wp\/v2\/product\/5712","targetHints":{"allow":["GET"]}}],"collection":[{"href":"https:\/\/agenciausphot.com\/uze\/en\/wp-json\/wp\/v2\/product"}],"about":[{"href":"https:\/\/agenciausphot.com\/uze\/en\/wp-json\/wp\/v2\/types\/product"}],"replies":[{"embeddable":true,"href":"https:\/\/agenciausphot.com\/uze\/en\/wp-json\/wp\/v2\/comments?post=5712"}],"version-history":[{"count":1,"href":"https:\/\/agenciausphot.com\/uze\/en\/wp-json\/wp\/v2\/product\/5712\/revisions"}],"predecessor-version":[{"id":6275,"href":"https:\/\/agenciausphot.com\/uze\/en\/wp-json\/wp\/v2\/product\/5712\/revisions\/6275"}],"wp:featuredmedia":[{"embeddable":true,"href":"https:\/\/agenciausphot.com\/uze\/en\/wp-json\/wp\/v2\/media\/5709"}],"wp:attachment":[{"href":"https:\/\/agenciausphot.com\/uze\/en\/wp-json\/wp\/v2\/media?parent=5712"}],"wp:term":[{"taxonomy":"brand","embeddable":true,"href":"https:\/\/agenciausphot.com\/uze\/en\/wp-json\/wp\/v2\/etheme_brands?post=5712"},{"taxonomy":"product_brand","embeddable":true,"href":"https:\/\/agenciausphot.com\/uze\/en\/wp-json\/wp\/v2\/product_brand?post=5712"},{"taxonomy":"product_cat","embeddable":true,"href":"https:\/\/agenciausphot.com\/uze\/en\/wp-json\/wp\/v2\/product_cat?post=5712"},{"taxonomy":"product_tag","embeddable":true,"href":"https:\/\/agenciausphot.com\/uze\/en\/wp-json\/wp\/v2\/product_tag?post=5712"}],"curies":[{"name":"wp","href":"https:\/\/api.w.org\/{rel}","templated":true}]}}