{"id":5708,"date":"2025-10-29T13:15:24","date_gmt":"2025-10-29T13:15:24","guid":{"rendered":"https:\/\/agenciausphot.com\/uze\/produto\/oculos-de-sol-auroura\/"},"modified":"2025-11-18T14:06:49","modified_gmt":"2025-11-18T14:06:49","slug":"oculos-de-sol-auroura","status":"publish","type":"product","link":"https:\/\/agenciausphot.com\/uze\/en\/product\/oculos-de-sol-auroura\/","title":{"rendered":"\u00d3culos de sol auroura"},"content":{"rendered":"<hr data-start=\"73\" data-end=\"76\">\n<h3 data-start=\"78\" data-end=\"105\">\u00d3culos de Sol Auroura<\/h3>\n<p data-start=\"106\" data-end=\"420\">Elegante e cheio de charme, o \u00d3culos de Sol Auroura combina estilo moderno e delicadeza em um design \u00fanico.<br data-start=\"213\" data-end=\"216\"><br \/>\nCom arma\u00e7\u00e3o leve e formato sofisticado, ele proporciona conforto, prote\u00e7\u00e3o e um toque de personalidade ao visual. Suas lentes com prote\u00e7\u00e3o UV garantem seguran\u00e7a para os olhos sem abrir m\u00e3o da eleg\u00e2ncia.<\/p>\n<p data-start=\"422\" data-end=\"448\"><strong data-start=\"422\" data-end=\"446\">Detalhes do produto:<\/strong><\/p>\n<ul data-start=\"449\" data-end=\"647\">\n<li data-start=\"449\" data-end=\"468\">\n<p data-start=\"451\" data-end=\"468\">Modelo: Auroura<\/p>\n<\/li>\n<li data-start=\"469\" data-end=\"512\">\n<p data-start=\"471\" data-end=\"512\">Arma\u00e7\u00e3o: Leve, resistente e confort\u00e1vel<\/p>\n<\/li>\n<li data-start=\"513\" data-end=\"564\">\n<p data-start=\"515\" data-end=\"564\">Lentes: Com prote\u00e7\u00e3o UV400 e acabamento premium<\/p>\n<\/li>\n<li data-start=\"565\" data-end=\"600\">\n<p data-start=\"567\" data-end=\"600\">Estilo: Unissex e contempor\u00e2neo<\/p>\n<\/li>\n<li data-start=\"601\" data-end=\"647\">\n<p data-start=\"603\" data-end=\"647\">Indica\u00e7\u00e3o: Uso di\u00e1rio e ocasi\u00f5es especiais<\/p>\n<\/li>\n<\/ul>\n<p data-start=\"649\" data-end=\"770\">Um acess\u00f3rio que une leveza e sofistica\u00e7\u00e3o \u2014 perfeito para quem quer iluminar o visual com um toque moderno e elegante.<\/p>","protected":false},"excerpt":{"rendered":"<p>\u00d3culos de Sol Auroura Elegante e cheio de charme, o \u00d3culos de Sol Auroura combina estilo moderno e delicadeza em um design \u00fanico. Com arma\u00e7\u00e3o&#8230;<\/p>","protected":false},"featured_media":5705,"comment_status":"open","ping_status":"closed","template":"","meta":[],"etheme_brands":[],"product_brand":[],"product_cat":[126,124],"product_tag":[133],"class_list":{"0":"post-5708","1":"product","2":"type-product","3":"status-publish","4":"has-post-thumbnail","6":"product_cat-categoriaculosculos-feminino","7":"product_cat-categoriaculos","8":"product_tag-uze-pratas","10":"first","11":"outofstock","12":"shipping-taxable","13":"purchasable","14":"product-type-simple"},"_links":{"self":[{"href":"https:\/\/agenciausphot.com\/uze\/en\/wp-json\/wp\/v2\/product\/5708","targetHints":{"allow":["GET"]}}],"collection":[{"href":"https:\/\/agenciausphot.com\/uze\/en\/wp-json\/wp\/v2\/product"}],"about":[{"href":"https:\/\/agenciausphot.com\/uze\/en\/wp-json\/wp\/v2\/types\/product"}],"replies":[{"embeddable":true,"href":"https:\/\/agenciausphot.com\/uze\/en\/wp-json\/wp\/v2\/comments?post=5708"}],"version-history":[{"count":1,"href":"https:\/\/agenciausphot.com\/uze\/en\/wp-json\/wp\/v2\/product\/5708\/revisions"}],"predecessor-version":[{"id":6274,"href":"https:\/\/agenciausphot.com\/uze\/en\/wp-json\/wp\/v2\/product\/5708\/revisions\/6274"}],"wp:featuredmedia":[{"embeddable":true,"href":"https:\/\/agenciausphot.com\/uze\/en\/wp-json\/wp\/v2\/media\/5705"}],"wp:attachment":[{"href":"https:\/\/agenciausphot.com\/uze\/en\/wp-json\/wp\/v2\/media?parent=5708"}],"wp:term":[{"taxonomy":"brand","embeddable":true,"href":"https:\/\/agenciausphot.com\/uze\/en\/wp-json\/wp\/v2\/etheme_brands?post=5708"},{"taxonomy":"product_brand","embeddable":true,"href":"https:\/\/agenciausphot.com\/uze\/en\/wp-json\/wp\/v2\/product_brand?post=5708"},{"taxonomy":"product_cat","embeddable":true,"href":"https:\/\/agenciausphot.com\/uze\/en\/wp-json\/wp\/v2\/product_cat?post=5708"},{"taxonomy":"product_tag","embeddable":true,"href":"https:\/\/agenciausphot.com\/uze\/en\/wp-json\/wp\/v2\/product_tag?post=5708"}],"curies":[{"name":"wp","href":"https:\/\/api.w.org\/{rel}","templated":true}]}}