{"id":5700,"date":"2025-10-29T13:15:17","date_gmt":"2025-10-29T13:15:17","guid":{"rendered":"https:\/\/agenciausphot.com\/uze\/produto\/oculos-de-sol-quadrado-marrom\/"},"modified":"2025-11-04T20:39:42","modified_gmt":"2025-11-04T20:39:42","slug":"oculos-de-sol-quadrado-marrom","status":"publish","type":"product","link":"https:\/\/agenciausphot.com\/uze\/en\/product\/oculos-de-sol-quadrado-marrom\/","title":{"rendered":"\u00d3culos de sol quadrado marrom"},"content":{"rendered":"<h3 data-start=\"86\" data-end=\"121\">\u00d3culos de Sol Quadrado Marrom<\/h3>\n<p data-start=\"122\" data-end=\"405\">Moderno e elegante, o \u00d3culos de Sol Quadrado Marrom \u00e9 o acess\u00f3rio ideal para quem busca um visual sofisticado e atemporal.<br data-start=\"244\" data-end=\"247\"><br \/>\nCom arma\u00e7\u00e3o em tom marrom e design quadrado, ele oferece conforto e estilo, enquanto as lentes com prote\u00e7\u00e3o UV garantem seguran\u00e7a e bem-estar para os olhos.<\/p>\n<p data-start=\"407\" data-end=\"433\"><strong data-start=\"407\" data-end=\"431\">Detalhes do produto:<\/strong><\/p>\n<ul data-start=\"434\" data-end=\"651\">\n<li data-start=\"434\" data-end=\"461\">\n<p data-start=\"436\" data-end=\"461\">Modelo: Quadrado Marrom<\/p>\n<\/li>\n<li data-start=\"462\" data-end=\"504\">\n<p data-start=\"464\" data-end=\"504\">Arma\u00e7\u00e3o: Marrom com acabamento premium<\/p>\n<\/li>\n<li data-start=\"505\" data-end=\"543\">\n<p data-start=\"507\" data-end=\"543\">Lentes: Escuras com prote\u00e7\u00e3o UV400<\/p>\n<\/li>\n<li data-start=\"544\" data-end=\"575\">\n<p data-start=\"546\" data-end=\"575\">Material: Leve e resistente<\/p>\n<\/li>\n<li data-start=\"576\" data-end=\"606\">\n<p data-start=\"578\" data-end=\"606\">Estilo: Unissex e vers\u00e1til<\/p>\n<\/li>\n<li data-start=\"607\" data-end=\"651\">\n<p data-start=\"609\" data-end=\"651\">Indica\u00e7\u00e3o: Uso di\u00e1rio e ocasi\u00f5es casuais<\/p>\n<\/li>\n<\/ul>","protected":false},"excerpt":{"rendered":"<p>\u00d3culos de Sol Quadrado Marrom Moderno e elegante, o \u00d3culos de Sol Quadrado Marrom \u00e9 o acess\u00f3rio ideal para quem busca um visual sofisticado e&#8230;<\/p>","protected":false},"featured_media":5697,"comment_status":"open","ping_status":"closed","template":"","meta":[],"etheme_brands":[],"product_brand":[],"product_cat":[126,124],"product_tag":[133],"class_list":{"0":"post-5700","1":"product","2":"type-product","3":"status-publish","4":"has-post-thumbnail","6":"product_cat-categoriaculosculos-feminino","7":"product_cat-categoriaculos","8":"product_tag-uze-pratas","10":"first","11":"instock","12":"shipping-taxable","13":"purchasable","14":"product-type-simple"},"_links":{"self":[{"href":"https:\/\/agenciausphot.com\/uze\/en\/wp-json\/wp\/v2\/product\/5700","targetHints":{"allow":["GET"]}}],"collection":[{"href":"https:\/\/agenciausphot.com\/uze\/en\/wp-json\/wp\/v2\/product"}],"about":[{"href":"https:\/\/agenciausphot.com\/uze\/en\/wp-json\/wp\/v2\/types\/product"}],"replies":[{"embeddable":true,"href":"https:\/\/agenciausphot.com\/uze\/en\/wp-json\/wp\/v2\/comments?post=5700"}],"version-history":[{"count":1,"href":"https:\/\/agenciausphot.com\/uze\/en\/wp-json\/wp\/v2\/product\/5700\/revisions"}],"predecessor-version":[{"id":6272,"href":"https:\/\/agenciausphot.com\/uze\/en\/wp-json\/wp\/v2\/product\/5700\/revisions\/6272"}],"wp:featuredmedia":[{"embeddable":true,"href":"https:\/\/agenciausphot.com\/uze\/en\/wp-json\/wp\/v2\/media\/5697"}],"wp:attachment":[{"href":"https:\/\/agenciausphot.com\/uze\/en\/wp-json\/wp\/v2\/media?parent=5700"}],"wp:term":[{"taxonomy":"brand","embeddable":true,"href":"https:\/\/agenciausphot.com\/uze\/en\/wp-json\/wp\/v2\/etheme_brands?post=5700"},{"taxonomy":"product_brand","embeddable":true,"href":"https:\/\/agenciausphot.com\/uze\/en\/wp-json\/wp\/v2\/product_brand?post=5700"},{"taxonomy":"product_cat","embeddable":true,"href":"https:\/\/agenciausphot.com\/uze\/en\/wp-json\/wp\/v2\/product_cat?post=5700"},{"taxonomy":"product_tag","embeddable":true,"href":"https:\/\/agenciausphot.com\/uze\/en\/wp-json\/wp\/v2\/product_tag?post=5700"}],"curies":[{"name":"wp","href":"https:\/\/api.w.org\/{rel}","templated":true}]}}