{"id":5692,"date":"2025-10-29T13:15:09","date_gmt":"2025-10-29T13:15:09","guid":{"rendered":"https:\/\/agenciausphot.com\/uze\/produto\/oculos-de-sol-eyewear-marrom-gradiente\/"},"modified":"2025-11-04T20:39:41","modified_gmt":"2025-11-04T20:39:41","slug":"oculos-de-sol-eyewear-marrom-gradiente","status":"publish","type":"product","link":"https:\/\/agenciausphot.com\/uze\/en\/product\/oculos-de-sol-eyewear-marrom-gradiente\/","title":{"rendered":"\u00d3culos de sol  eyewear marrom gradiente"},"content":{"rendered":"<h3 data-start=\"95\" data-end=\"139\">\u00d3culos de Sol Eyewear Marrom Gradiente<\/h3>\n<p data-start=\"140\" data-end=\"426\">Sofisticado e cheio de estilo, o \u00d3culos de Sol Eyewear Marrom Gradiente \u00e9 perfeito para quem busca eleg\u00e2ncia e conforto em todos os momentos.<br data-start=\"281\" data-end=\"284\"><br \/>\nCom arma\u00e7\u00e3o em tom marrom e lentes em degrad\u00ea, ele garante um visual moderno e vers\u00e1til, al\u00e9m de oferecer prote\u00e7\u00e3o total contra os raios UV.<\/p>\n<p data-start=\"428\" data-end=\"454\"><strong data-start=\"428\" data-end=\"452\">Detalhes do produto:<\/strong><\/p>\n<ul data-start=\"455\" data-end=\"696\">\n<li data-start=\"455\" data-end=\"491\">\n<p data-start=\"457\" data-end=\"491\">Modelo: Eyewear Marrom Gradiente<\/p>\n<\/li>\n<li data-start=\"492\" data-end=\"534\">\n<p data-start=\"494\" data-end=\"534\">Arma\u00e7\u00e3o: Marrom com acabamento premium<\/p>\n<\/li>\n<li data-start=\"535\" data-end=\"573\">\n<p data-start=\"537\" data-end=\"573\">Lentes: Degrad\u00ea com prote\u00e7\u00e3o UV400<\/p>\n<\/li>\n<li data-start=\"574\" data-end=\"618\">\n<p data-start=\"576\" data-end=\"618\">Material: Leve, resistente e confort\u00e1vel<\/p>\n<\/li>\n<li data-start=\"619\" data-end=\"649\">\n<p data-start=\"621\" data-end=\"649\">Estilo: Unissex e elegante<\/p>\n<\/li>\n<li data-start=\"650\" data-end=\"696\">\n<p data-start=\"652\" data-end=\"696\">Indica\u00e7\u00e3o: Uso di\u00e1rio e ocasi\u00f5es especiais<\/p>\n<\/li>\n<\/ul>\n<p data-start=\"698\" data-end=\"822\">Um acess\u00f3rio que une design sofisticado e funcionalidade, ideal para quem gosta de estar na moda com conforto e seguran\u00e7a.<\/p>","protected":false},"excerpt":{"rendered":"<p>\u00d3culos de Sol Eyewear Marrom Gradiente Sofisticado e cheio de estilo, o \u00d3culos de Sol Eyewear Marrom Gradiente \u00e9 perfeito para quem busca eleg\u00e2ncia e&#8230;<\/p>","protected":false},"featured_media":5689,"comment_status":"open","ping_status":"closed","template":"","meta":[],"etheme_brands":[],"product_brand":[],"product_cat":[126,124],"product_tag":[133],"class_list":{"0":"post-5692","1":"product","2":"type-product","3":"status-publish","4":"has-post-thumbnail","6":"product_cat-categoriaculosculos-feminino","7":"product_cat-categoriaculos","8":"product_tag-uze-pratas","10":"first","11":"instock","12":"shipping-taxable","13":"purchasable","14":"product-type-simple"},"_links":{"self":[{"href":"https:\/\/agenciausphot.com\/uze\/en\/wp-json\/wp\/v2\/product\/5692","targetHints":{"allow":["GET"]}}],"collection":[{"href":"https:\/\/agenciausphot.com\/uze\/en\/wp-json\/wp\/v2\/product"}],"about":[{"href":"https:\/\/agenciausphot.com\/uze\/en\/wp-json\/wp\/v2\/types\/product"}],"replies":[{"embeddable":true,"href":"https:\/\/agenciausphot.com\/uze\/en\/wp-json\/wp\/v2\/comments?post=5692"}],"version-history":[{"count":1,"href":"https:\/\/agenciausphot.com\/uze\/en\/wp-json\/wp\/v2\/product\/5692\/revisions"}],"predecessor-version":[{"id":6270,"href":"https:\/\/agenciausphot.com\/uze\/en\/wp-json\/wp\/v2\/product\/5692\/revisions\/6270"}],"wp:featuredmedia":[{"embeddable":true,"href":"https:\/\/agenciausphot.com\/uze\/en\/wp-json\/wp\/v2\/media\/5689"}],"wp:attachment":[{"href":"https:\/\/agenciausphot.com\/uze\/en\/wp-json\/wp\/v2\/media?parent=5692"}],"wp:term":[{"taxonomy":"brand","embeddable":true,"href":"https:\/\/agenciausphot.com\/uze\/en\/wp-json\/wp\/v2\/etheme_brands?post=5692"},{"taxonomy":"product_brand","embeddable":true,"href":"https:\/\/agenciausphot.com\/uze\/en\/wp-json\/wp\/v2\/product_brand?post=5692"},{"taxonomy":"product_cat","embeddable":true,"href":"https:\/\/agenciausphot.com\/uze\/en\/wp-json\/wp\/v2\/product_cat?post=5692"},{"taxonomy":"product_tag","embeddable":true,"href":"https:\/\/agenciausphot.com\/uze\/en\/wp-json\/wp\/v2\/product_tag?post=5692"}],"curies":[{"name":"wp","href":"https:\/\/api.w.org\/{rel}","templated":true}]}}