{"id":5686,"date":"2025-10-29T13:15:04","date_gmt":"2025-10-29T13:15:04","guid":{"rendered":"https:\/\/agenciausphot.com\/uze\/produto\/oculos-de-sol-retangular-paris-transparente\/"},"modified":"2025-11-18T14:06:48","modified_gmt":"2025-11-18T14:06:48","slug":"oculos-de-sol-retangular-paris-transparente","status":"publish","type":"product","link":"https:\/\/agenciausphot.com\/uze\/en\/product\/oculos-de-sol-retangular-paris-transparente\/","title":{"rendered":"\u00d3culos de sol retangular paris transparente"},"content":{"rendered":"<h3 data-start=\"100\" data-end=\"149\">\u00d3culos de Sol Retangular Paris Transparente<\/h3>\n<p data-start=\"150\" data-end=\"480\">Elegante e contempor\u00e2neo, o \u00d3culos de Sol Retangular Paris Transparente \u00e9 a escolha ideal para quem ama um visual moderno e sofisticado.<br data-start=\"286\" data-end=\"289\"><br \/>\nCom arma\u00e7\u00e3o transl\u00facida e design minimalista, ele proporciona leveza e estilo, enquanto as lentes garantem prote\u00e7\u00e3o total contra os raios UV, unindo conforto e eleg\u00e2ncia em um s\u00f3 acess\u00f3rio.<\/p>\n<p data-start=\"482\" data-end=\"508\"><strong data-start=\"482\" data-end=\"506\">Detalhes do produto:<\/strong><\/p>\n<ul data-start=\"509\" data-end=\"746\">\n<li data-start=\"509\" data-end=\"550\">\n<p data-start=\"511\" data-end=\"550\">Modelo: Retangular Paris Transparente<\/p>\n<\/li>\n<li data-start=\"551\" data-end=\"598\">\n<p data-start=\"553\" data-end=\"598\">Arma\u00e7\u00e3o: Transl\u00facida com acabamento premium<\/p>\n<\/li>\n<li data-start=\"599\" data-end=\"637\">\n<p data-start=\"601\" data-end=\"637\">Lentes: Escuras com prote\u00e7\u00e3o UV400<\/p>\n<\/li>\n<li data-start=\"638\" data-end=\"669\">\n<p data-start=\"640\" data-end=\"669\">Material: Leve e resistente<\/p>\n<\/li>\n<li data-start=\"670\" data-end=\"699\">\n<p data-start=\"672\" data-end=\"699\">Estilo: Unissex e moderno<\/p>\n<\/li>\n<li data-start=\"700\" data-end=\"746\">\n<p data-start=\"702\" data-end=\"746\">Indica\u00e7\u00e3o: Uso di\u00e1rio e ocasi\u00f5es especiais<\/p>\n<\/li>\n<\/ul>\n<p data-start=\"748\" data-end=\"874\">Um acess\u00f3rio cheio de personalidade e versatilidade \u2014 perfeito para quem busca sofistica\u00e7\u00e3o e autenticidade em cada detalhe.<\/p>","protected":false},"excerpt":{"rendered":"<p>\u00d3culos de Sol Retangular Paris Transparente Elegante e contempor\u00e2neo, o \u00d3culos de Sol Retangular Paris Transparente \u00e9 a escolha ideal para quem ama um visual&#8230;<\/p>","protected":false},"featured_media":5683,"comment_status":"open","ping_status":"closed","template":"","meta":[],"etheme_brands":[],"product_brand":[],"product_cat":[128,124],"product_tag":[133],"class_list":{"0":"post-5686","1":"product","2":"type-product","3":"status-publish","4":"has-post-thumbnail","6":"product_cat-categoriaculosculos-unisex","7":"product_cat-categoriaculos","8":"product_tag-uze-pratas","10":"first","11":"outofstock","12":"shipping-taxable","13":"purchasable","14":"product-type-simple"},"_links":{"self":[{"href":"https:\/\/agenciausphot.com\/uze\/en\/wp-json\/wp\/v2\/product\/5686","targetHints":{"allow":["GET"]}}],"collection":[{"href":"https:\/\/agenciausphot.com\/uze\/en\/wp-json\/wp\/v2\/product"}],"about":[{"href":"https:\/\/agenciausphot.com\/uze\/en\/wp-json\/wp\/v2\/types\/product"}],"replies":[{"embeddable":true,"href":"https:\/\/agenciausphot.com\/uze\/en\/wp-json\/wp\/v2\/comments?post=5686"}],"version-history":[{"count":1,"href":"https:\/\/agenciausphot.com\/uze\/en\/wp-json\/wp\/v2\/product\/5686\/revisions"}],"predecessor-version":[{"id":6268,"href":"https:\/\/agenciausphot.com\/uze\/en\/wp-json\/wp\/v2\/product\/5686\/revisions\/6268"}],"wp:featuredmedia":[{"embeddable":true,"href":"https:\/\/agenciausphot.com\/uze\/en\/wp-json\/wp\/v2\/media\/5683"}],"wp:attachment":[{"href":"https:\/\/agenciausphot.com\/uze\/en\/wp-json\/wp\/v2\/media?parent=5686"}],"wp:term":[{"taxonomy":"brand","embeddable":true,"href":"https:\/\/agenciausphot.com\/uze\/en\/wp-json\/wp\/v2\/etheme_brands?post=5686"},{"taxonomy":"product_brand","embeddable":true,"href":"https:\/\/agenciausphot.com\/uze\/en\/wp-json\/wp\/v2\/product_brand?post=5686"},{"taxonomy":"product_cat","embeddable":true,"href":"https:\/\/agenciausphot.com\/uze\/en\/wp-json\/wp\/v2\/product_cat?post=5686"},{"taxonomy":"product_tag","embeddable":true,"href":"https:\/\/agenciausphot.com\/uze\/en\/wp-json\/wp\/v2\/product_tag?post=5686"}],"curies":[{"name":"wp","href":"https:\/\/api.w.org\/{rel}","templated":true}]}}