{"id":5682,"date":"2025-10-29T13:15:00","date_gmt":"2025-10-29T13:15:00","guid":{"rendered":"https:\/\/agenciausphot.com\/uze\/produto\/oculos-de-sol-retangular-paris-marrom\/"},"modified":"2025-11-04T20:39:39","modified_gmt":"2025-11-04T20:39:39","slug":"oculos-de-sol-retangular-paris-marrom","status":"publish","type":"product","link":"https:\/\/agenciausphot.com\/uze\/en\/product\/oculos-de-sol-retangular-paris-marrom\/","title":{"rendered":"\u00d3culos de sol retangular paris marrom"},"content":{"rendered":"<h3 data-start=\"94\" data-end=\"137\">\u00d3culos de Sol Retangular Paris Marrom<\/h3>\n<p data-start=\"138\" data-end=\"504\">Sofisticado e moderno, o \u00d3culos de Sol Retangular Paris Marrom \u00e9 a escolha perfeita para quem busca estilo e eleg\u00e2ncia em cada detalhe.<br data-start=\"273\" data-end=\"276\"><br \/>\nCom arma\u00e7\u00e3o no tom marrom e design retangular cl\u00e1ssico, ele proporciona conforto e um visual refinado, ideal para o uso di\u00e1rio. As lentes garantem prote\u00e7\u00e3o total contra os raios UV, unindo seguran\u00e7a e beleza em uma \u00fanica pe\u00e7a.<\/p>\n<p data-start=\"506\" data-end=\"532\"><strong data-start=\"506\" data-end=\"530\">Detalhes do produto:<\/strong><\/p>\n<ul data-start=\"533\" data-end=\"760\">\n<li data-start=\"533\" data-end=\"568\">\n<p data-start=\"535\" data-end=\"568\">Modelo: Retangular Paris Marrom<\/p>\n<\/li>\n<li data-start=\"569\" data-end=\"611\">\n<p data-start=\"571\" data-end=\"611\">Arma\u00e7\u00e3o: Marrom com acabamento premium<\/p>\n<\/li>\n<li data-start=\"612\" data-end=\"649\">\n<p data-start=\"614\" data-end=\"649\">Lentes: Marrom com prote\u00e7\u00e3o UV400<\/p>\n<\/li>\n<li data-start=\"650\" data-end=\"681\">\n<p data-start=\"652\" data-end=\"681\">Material: Leve e resistente<\/p>\n<\/li>\n<li data-start=\"682\" data-end=\"715\">\n<p data-start=\"684\" data-end=\"715\">Estilo: Unissex e sofisticado<\/p>\n<\/li>\n<li data-start=\"716\" data-end=\"760\">\n<p data-start=\"718\" data-end=\"760\">Indica\u00e7\u00e3o: Uso di\u00e1rio e ocasi\u00f5es casuais<\/p>\n<\/li>\n<\/ul>","protected":false},"excerpt":{"rendered":"<p>\u00d3culos de Sol Retangular Paris Marrom Sofisticado e moderno, o \u00d3culos de Sol Retangular Paris Marrom \u00e9 a escolha perfeita para quem busca estilo e&#8230;<\/p>","protected":false},"featured_media":5681,"comment_status":"open","ping_status":"closed","template":"","meta":[],"etheme_brands":[],"product_brand":[],"product_cat":[128,124],"product_tag":[133],"class_list":{"0":"post-5682","1":"product","2":"type-product","3":"status-publish","4":"has-post-thumbnail","6":"product_cat-categoriaculosculos-unisex","7":"product_cat-categoriaculos","8":"product_tag-uze-pratas","10":"first","11":"outofstock","12":"shipping-taxable","13":"purchasable","14":"product-type-simple"},"_links":{"self":[{"href":"https:\/\/agenciausphot.com\/uze\/en\/wp-json\/wp\/v2\/product\/5682","targetHints":{"allow":["GET"]}}],"collection":[{"href":"https:\/\/agenciausphot.com\/uze\/en\/wp-json\/wp\/v2\/product"}],"about":[{"href":"https:\/\/agenciausphot.com\/uze\/en\/wp-json\/wp\/v2\/types\/product"}],"replies":[{"embeddable":true,"href":"https:\/\/agenciausphot.com\/uze\/en\/wp-json\/wp\/v2\/comments?post=5682"}],"version-history":[{"count":1,"href":"https:\/\/agenciausphot.com\/uze\/en\/wp-json\/wp\/v2\/product\/5682\/revisions"}],"predecessor-version":[{"id":6267,"href":"https:\/\/agenciausphot.com\/uze\/en\/wp-json\/wp\/v2\/product\/5682\/revisions\/6267"}],"wp:featuredmedia":[{"embeddable":true,"href":"https:\/\/agenciausphot.com\/uze\/en\/wp-json\/wp\/v2\/media\/5681"}],"wp:attachment":[{"href":"https:\/\/agenciausphot.com\/uze\/en\/wp-json\/wp\/v2\/media?parent=5682"}],"wp:term":[{"taxonomy":"brand","embeddable":true,"href":"https:\/\/agenciausphot.com\/uze\/en\/wp-json\/wp\/v2\/etheme_brands?post=5682"},{"taxonomy":"product_brand","embeddable":true,"href":"https:\/\/agenciausphot.com\/uze\/en\/wp-json\/wp\/v2\/product_brand?post=5682"},{"taxonomy":"product_cat","embeddable":true,"href":"https:\/\/agenciausphot.com\/uze\/en\/wp-json\/wp\/v2\/product_cat?post=5682"},{"taxonomy":"product_tag","embeddable":true,"href":"https:\/\/agenciausphot.com\/uze\/en\/wp-json\/wp\/v2\/product_tag?post=5682"}],"curies":[{"name":"wp","href":"https:\/\/api.w.org\/{rel}","templated":true}]}}