{"id":5676,"date":"2025-10-29T13:14:55","date_gmt":"2025-10-29T13:14:55","guid":{"rendered":"https:\/\/agenciausphot.com\/uze\/produto\/metal-retangular-em1-preto\/"},"modified":"2025-11-04T20:39:37","modified_gmt":"2025-11-04T20:39:37","slug":"metal-retangular-em1-preto","status":"publish","type":"product","link":"https:\/\/agenciausphot.com\/uze\/en\/product\/metal-retangular-em1-preto\/","title":{"rendered":"Metal retangular em1 preto"},"content":{"rendered":"<p><span style=\", sans-serif;font-size: 15px\">\u00d3culos em metal tit\u00e2nio de formato retangular e tamanho m\u00e9dio, projetado para combinar leveza e sofistica\u00e7\u00e3o. As hastes contam com ponteiras em acetato e as plaquetas de silicone s\u00e3o ajust\u00e1veis, proporcionando um encaixe confort\u00e1vel e adapt\u00e1vel a diversos formatos de rosto e tipos de nariz, ideal para quem busca um acess\u00f3rio vers\u00e1til e elegante.<\/span><\/p>\n<div><span style=\", sans-serif;font-size: 15px\"><br \/><\/span><\/div>\n<div>\n<ul style=\"margin-bottom: 16px;margin-left: 32px;border: 0px;font-size: 15px;line-height: inherit;, sans-serif;vertical-align: baseline\">\n<li style=\"margin: 15px 0px 0.25em;padding: 0px;border: 0px;font: inherit;vertical-align: baseline\">Material Arma\u00e7\u00e3o: Metal A\u00e7o Inoxid\u00e1vel.<\/li>\n<li style=\"margin: 15px 0px 0.25em;padding: 0px;border: 0px;font: inherit;vertical-align: baseline\">Cor preto metalizado.<\/li>\n<li style=\"margin: 15px 0px 0.25em;padding: 0px;border: 0px;font: inherit;vertical-align: baseline\">Lente solar cinza escuro com 100% de prote\u00e7\u00e3o UVA e UVB. Feito de material CR-39 n\u00e3o polarizado com alto grau de nitidez e sem distor\u00e7\u00e3o.<\/li>\n<li style=\"margin: 15px 0px 0.25em;padding: 0px;border: 0px;font: inherit;vertical-align: baseline\">Peso Arma\u00e7\u00e3o (sem lente): 15g.<\/li>\n<\/ul>\n<ul style=\"margin-bottom: 16px;margin-left: 32px;border: 0px;font-size: 15px;line-height: inherit;, sans-serif;vertical-align: baseline\">\n<li style=\"margin: 15px 0px 0.25em;padding: 0px;border: 0px;font: inherit;vertical-align: baseline\">Acompanha estojo r\u00edgido e flanela de micro fibra para proteger e limpar os \u00f3culos.<\/li>\n<\/ul>\n<div><font color=\"#212121\" face=\"Work Sans, sans-serif\"><span style=\"font-size: 15px\"><br \/><\/span><\/font><\/div>\n<\/div>","protected":false},"excerpt":{"rendered":"<p>\u00d3culos em metal tit\u00e2nio de formato retangular e tamanho m\u00e9dio, projetado para combinar leveza e sofistica\u00e7\u00e3o. As hastes contam com ponteiras em acetato e as&#8230;<\/p>","protected":false},"featured_media":5673,"comment_status":"open","ping_status":"closed","template":"","meta":[],"etheme_brands":[],"product_brand":[],"product_cat":[128,124],"product_tag":[133],"class_list":{"0":"post-5676","1":"product","2":"type-product","3":"status-publish","4":"has-post-thumbnail","6":"product_cat-categoriaculosculos-unisex","7":"product_cat-categoriaculos","8":"product_tag-uze-pratas","10":"first","11":"instock","12":"shipping-taxable","13":"purchasable","14":"product-type-simple"},"_links":{"self":[{"href":"https:\/\/agenciausphot.com\/uze\/en\/wp-json\/wp\/v2\/product\/5676","targetHints":{"allow":["GET"]}}],"collection":[{"href":"https:\/\/agenciausphot.com\/uze\/en\/wp-json\/wp\/v2\/product"}],"about":[{"href":"https:\/\/agenciausphot.com\/uze\/en\/wp-json\/wp\/v2\/types\/product"}],"replies":[{"embeddable":true,"href":"https:\/\/agenciausphot.com\/uze\/en\/wp-json\/wp\/v2\/comments?post=5676"}],"version-history":[{"count":1,"href":"https:\/\/agenciausphot.com\/uze\/en\/wp-json\/wp\/v2\/product\/5676\/revisions"}],"predecessor-version":[{"id":6265,"href":"https:\/\/agenciausphot.com\/uze\/en\/wp-json\/wp\/v2\/product\/5676\/revisions\/6265"}],"wp:featuredmedia":[{"embeddable":true,"href":"https:\/\/agenciausphot.com\/uze\/en\/wp-json\/wp\/v2\/media\/5673"}],"wp:attachment":[{"href":"https:\/\/agenciausphot.com\/uze\/en\/wp-json\/wp\/v2\/media?parent=5676"}],"wp:term":[{"taxonomy":"brand","embeddable":true,"href":"https:\/\/agenciausphot.com\/uze\/en\/wp-json\/wp\/v2\/etheme_brands?post=5676"},{"taxonomy":"product_brand","embeddable":true,"href":"https:\/\/agenciausphot.com\/uze\/en\/wp-json\/wp\/v2\/product_brand?post=5676"},{"taxonomy":"product_cat","embeddable":true,"href":"https:\/\/agenciausphot.com\/uze\/en\/wp-json\/wp\/v2\/product_cat?post=5676"},{"taxonomy":"product_tag","embeddable":true,"href":"https:\/\/agenciausphot.com\/uze\/en\/wp-json\/wp\/v2\/product_tag?post=5676"}],"curies":[{"name":"wp","href":"https:\/\/api.w.org\/{rel}","templated":true}]}}