{"id":5672,"date":"2025-10-29T13:14:51","date_gmt":"2025-10-29T13:14:51","guid":{"rendered":"https:\/\/agenciausphot.com\/uze\/produto\/oculos-de-sol-retangular-daro\/"},"modified":"2025-11-04T20:39:37","modified_gmt":"2025-11-04T20:39:37","slug":"oculos-de-sol-retangular-daro","status":"publish","type":"product","link":"https:\/\/agenciausphot.com\/uze\/en\/product\/oculos-de-sol-retangular-daro\/","title":{"rendered":"\u00d3culos de sol retangular dar\u00f3"},"content":{"rendered":"<h3 data-start=\"86\" data-end=\"121\">\u00d3culos de Sol Retangular Dar\u00f3<\/h3>\n<p data-start=\"122\" data-end=\"387\">Elegante e vers\u00e1til, o \u00d3culos de Sol Retangular Dar\u00f3 traz um design moderno que combina com todos os estilos.<br data-start=\"231\" data-end=\"234\"><br \/>\nCom arma\u00e7\u00e3o leve e formato retangular, ele oferece conforto e um toque de sofistica\u00e7\u00e3o ao visual, al\u00e9m de lentes com prote\u00e7\u00e3o total contra os raios UV.<\/p>\n<p data-start=\"389\" data-end=\"415\"><strong data-start=\"389\" data-end=\"413\">Detalhes do produto:<\/strong><\/p>\n<ul data-start=\"416\" data-end=\"618\">\n<li data-start=\"416\" data-end=\"443\">\n<p data-start=\"418\" data-end=\"443\">Modelo: Retangular Dar\u00f3<\/p>\n<\/li>\n<li data-start=\"444\" data-end=\"498\">\n<p data-start=\"446\" data-end=\"498\">Arma\u00e7\u00e3o: Leve e resistente, com acabamento premium<\/p>\n<\/li>\n<li data-start=\"499\" data-end=\"537\">\n<p data-start=\"501\" data-end=\"537\">Lentes: Escuras com prote\u00e7\u00e3o UV400<\/p>\n<\/li>\n<li data-start=\"538\" data-end=\"573\">\n<p data-start=\"540\" data-end=\"573\">Estilo: Unissex e contempor\u00e2neo<\/p>\n<\/li>\n<li data-start=\"574\" data-end=\"618\">\n<p data-start=\"576\" data-end=\"618\">Indica\u00e7\u00e3o: Uso di\u00e1rio e ocasi\u00f5es casuais<\/p>\n<\/li>\n<\/ul>\n<p data-start=\"620\" data-end=\"737\">Um acess\u00f3rio cheio de estilo e personalidade, ideal para quem busca eleg\u00e2ncia, conforto e prote\u00e7\u00e3o em um s\u00f3 \u00f3culos.<\/p>","protected":false},"excerpt":{"rendered":"<p>\u00d3culos de Sol Retangular Dar\u00f3 Elegante e vers\u00e1til, o \u00d3culos de Sol Retangular Dar\u00f3 traz um design moderno que combina com todos os estilos. Com&#8230;<\/p>","protected":false},"featured_media":5669,"comment_status":"open","ping_status":"closed","template":"","meta":[],"etheme_brands":[],"product_brand":[],"product_cat":[126,124],"product_tag":[133],"class_list":{"0":"post-5672","1":"product","2":"type-product","3":"status-publish","4":"has-post-thumbnail","6":"product_cat-categoriaculosculos-feminino","7":"product_cat-categoriaculos","8":"product_tag-uze-pratas","10":"first","11":"instock","12":"shipping-taxable","13":"purchasable","14":"product-type-simple"},"_links":{"self":[{"href":"https:\/\/agenciausphot.com\/uze\/en\/wp-json\/wp\/v2\/product\/5672","targetHints":{"allow":["GET"]}}],"collection":[{"href":"https:\/\/agenciausphot.com\/uze\/en\/wp-json\/wp\/v2\/product"}],"about":[{"href":"https:\/\/agenciausphot.com\/uze\/en\/wp-json\/wp\/v2\/types\/product"}],"replies":[{"embeddable":true,"href":"https:\/\/agenciausphot.com\/uze\/en\/wp-json\/wp\/v2\/comments?post=5672"}],"version-history":[{"count":1,"href":"https:\/\/agenciausphot.com\/uze\/en\/wp-json\/wp\/v2\/product\/5672\/revisions"}],"predecessor-version":[{"id":6264,"href":"https:\/\/agenciausphot.com\/uze\/en\/wp-json\/wp\/v2\/product\/5672\/revisions\/6264"}],"wp:featuredmedia":[{"embeddable":true,"href":"https:\/\/agenciausphot.com\/uze\/en\/wp-json\/wp\/v2\/media\/5669"}],"wp:attachment":[{"href":"https:\/\/agenciausphot.com\/uze\/en\/wp-json\/wp\/v2\/media?parent=5672"}],"wp:term":[{"taxonomy":"brand","embeddable":true,"href":"https:\/\/agenciausphot.com\/uze\/en\/wp-json\/wp\/v2\/etheme_brands?post=5672"},{"taxonomy":"product_brand","embeddable":true,"href":"https:\/\/agenciausphot.com\/uze\/en\/wp-json\/wp\/v2\/product_brand?post=5672"},{"taxonomy":"product_cat","embeddable":true,"href":"https:\/\/agenciausphot.com\/uze\/en\/wp-json\/wp\/v2\/product_cat?post=5672"},{"taxonomy":"product_tag","embeddable":true,"href":"https:\/\/agenciausphot.com\/uze\/en\/wp-json\/wp\/v2\/product_tag?post=5672"}],"curies":[{"name":"wp","href":"https:\/\/api.w.org\/{rel}","templated":true}]}}