{"id":5664,"date":"2025-10-29T13:14:43","date_gmt":"2025-10-29T13:14:43","guid":{"rendered":"https:\/\/agenciausphot.com\/uze\/produto\/oculos-de-sol-coffe\/"},"modified":"2025-11-18T14:06:48","modified_gmt":"2025-11-18T14:06:48","slug":"oculos-de-sol-coffe","status":"publish","type":"product","link":"https:\/\/agenciausphot.com\/uze\/en\/product\/oculos-de-sol-coffe\/","title":{"rendered":"\u00d3culos de sol coffe"},"content":{"rendered":"<h3 data-start=\"77\" data-end=\"103\">\u00d3culos de Sol Coffee<\/h3>\n<p data-start=\"104\" data-end=\"421\">Estilo e eleg\u00e2ncia em um s\u00f3 acess\u00f3rio. O \u00d3culos de Sol Coffee \u00e9 confeccionado com arma\u00e7\u00e3o em tom marrom caf\u00e9, trazendo um visual sofisticado e vers\u00e1til.<br data-start=\"256\" data-end=\"259\"><br \/>\nCom lentes escuras que proporcionam prote\u00e7\u00e3o total contra os raios UV, ele \u00e9 perfeito para quem busca conforto, qualidade e design moderno em todos os momentos.<\/p>\n<p data-start=\"423\" data-end=\"449\"><strong data-start=\"423\" data-end=\"447\">Detalhes do produto:<\/strong><\/p>\n<ul data-start=\"450\" data-end=\"670\">\n<li data-start=\"450\" data-end=\"468\">\n<p data-start=\"452\" data-end=\"468\">Modelo: Coffee<\/p>\n<\/li>\n<li data-start=\"469\" data-end=\"520\">\n<p data-start=\"471\" data-end=\"520\">Arma\u00e7\u00e3o: Tom marrom caf\u00e9 com acabamento premium<\/p>\n<\/li>\n<li data-start=\"521\" data-end=\"559\">\n<p data-start=\"523\" data-end=\"559\">Lentes: Escuras com prote\u00e7\u00e3o UV400<\/p>\n<\/li>\n<li data-start=\"560\" data-end=\"604\">\n<p data-start=\"562\" data-end=\"604\">Material: Leve, resistente e confort\u00e1vel<\/p>\n<\/li>\n<li data-start=\"605\" data-end=\"624\">\n<p data-start=\"607\" data-end=\"624\">Estilo: Unissex<\/p>\n<\/li>\n<li data-start=\"625\" data-end=\"670\">\n<p data-start=\"627\" data-end=\"670\">Indica\u00e7\u00e3o: Uso di\u00e1rio e momentos de lazer<\/p>\n<\/li>\n<\/ul>\n<p data-start=\"672\" data-end=\"789\">Um acess\u00f3rio elegante e atemporal, ideal para quem gosta de unir praticidade, estilo e prote\u00e7\u00e3o em um \u00fanico \u00f3culos.<\/p>","protected":false},"excerpt":{"rendered":"<p>\u00d3culos de Sol Coffee Estilo e eleg\u00e2ncia em um s\u00f3 acess\u00f3rio. O \u00d3culos de Sol Coffee \u00e9 confeccionado com arma\u00e7\u00e3o em tom marrom caf\u00e9, trazendo&#8230;<\/p>","protected":false},"featured_media":5661,"comment_status":"open","ping_status":"closed","template":"","meta":[],"etheme_brands":[],"product_brand":[],"product_cat":[128,124],"product_tag":[133],"class_list":{"0":"post-5664","1":"product","2":"type-product","3":"status-publish","4":"has-post-thumbnail","6":"product_cat-categoriaculosculos-unisex","7":"product_cat-categoriaculos","8":"product_tag-uze-pratas","10":"first","11":"outofstock","12":"shipping-taxable","13":"purchasable","14":"product-type-simple"},"_links":{"self":[{"href":"https:\/\/agenciausphot.com\/uze\/en\/wp-json\/wp\/v2\/product\/5664","targetHints":{"allow":["GET"]}}],"collection":[{"href":"https:\/\/agenciausphot.com\/uze\/en\/wp-json\/wp\/v2\/product"}],"about":[{"href":"https:\/\/agenciausphot.com\/uze\/en\/wp-json\/wp\/v2\/types\/product"}],"replies":[{"embeddable":true,"href":"https:\/\/agenciausphot.com\/uze\/en\/wp-json\/wp\/v2\/comments?post=5664"}],"version-history":[{"count":1,"href":"https:\/\/agenciausphot.com\/uze\/en\/wp-json\/wp\/v2\/product\/5664\/revisions"}],"predecessor-version":[{"id":6262,"href":"https:\/\/agenciausphot.com\/uze\/en\/wp-json\/wp\/v2\/product\/5664\/revisions\/6262"}],"wp:featuredmedia":[{"embeddable":true,"href":"https:\/\/agenciausphot.com\/uze\/en\/wp-json\/wp\/v2\/media\/5661"}],"wp:attachment":[{"href":"https:\/\/agenciausphot.com\/uze\/en\/wp-json\/wp\/v2\/media?parent=5664"}],"wp:term":[{"taxonomy":"brand","embeddable":true,"href":"https:\/\/agenciausphot.com\/uze\/en\/wp-json\/wp\/v2\/etheme_brands?post=5664"},{"taxonomy":"product_brand","embeddable":true,"href":"https:\/\/agenciausphot.com\/uze\/en\/wp-json\/wp\/v2\/product_brand?post=5664"},{"taxonomy":"product_cat","embeddable":true,"href":"https:\/\/agenciausphot.com\/uze\/en\/wp-json\/wp\/v2\/product_cat?post=5664"},{"taxonomy":"product_tag","embeddable":true,"href":"https:\/\/agenciausphot.com\/uze\/en\/wp-json\/wp\/v2\/product_tag?post=5664"}],"curies":[{"name":"wp","href":"https:\/\/api.w.org\/{rel}","templated":true}]}}