{"id":5633,"date":"2025-10-29T13:14:13","date_gmt":"2025-10-29T13:14:13","guid":{"rendered":"https:\/\/agenciausphot.com\/uze\/produto\/oculos-de-sol-sunset-glow\/"},"modified":"2025-11-18T14:06:46","modified_gmt":"2025-11-18T14:06:46","slug":"oculos-de-sol-sunset-glow","status":"publish","type":"product","link":"https:\/\/agenciausphot.com\/uze\/en\/product\/oculos-de-sol-sunset-glow\/","title":{"rendered":"\u00d3culos de sol sunset glow"},"content":{"rendered":"<h3 data-start=\"82\" data-end=\"113\">\u00d3culos de Sol Sunset Glow<\/h3>\n<p data-start=\"114\" data-end=\"410\">Estilo e atitude em uma \u00fanica pe\u00e7a. O \u00d3culos de Sol Sunset Glow \u00e9 o acess\u00f3rio perfeito para quem ama um visual moderno e marcante.<br data-start=\"244\" data-end=\"247\"><br \/>\nCom design contempor\u00e2neo e lentes que refletem tons inspirados no p\u00f4r do sol, ele une eleg\u00e2ncia, conforto e prote\u00e7\u00e3o, tornando-se indispens\u00e1vel para o dia a dia.<\/p>\n<p data-start=\"412\" data-end=\"438\"><strong data-start=\"412\" data-end=\"436\">Detalhes do produto:<\/strong><\/p>\n<ul data-start=\"439\" data-end=\"632\">\n<li data-start=\"439\" data-end=\"462\">\n<p data-start=\"441\" data-end=\"462\">Modelo: Sunset Glow<\/p>\n<\/li>\n<li data-start=\"463\" data-end=\"517\">\n<p data-start=\"465\" data-end=\"517\">Arma\u00e7\u00e3o: Leve e resistente, com acabamento premium<\/p>\n<\/li>\n<li data-start=\"518\" data-end=\"556\">\n<p data-start=\"520\" data-end=\"556\">Lentes: Degrad\u00ea com prote\u00e7\u00e3o UV400<\/p>\n<\/li>\n<li data-start=\"557\" data-end=\"586\">\n<p data-start=\"559\" data-end=\"586\">Estilo: Moderno e unissex<\/p>\n<\/li>\n<li data-start=\"587\" data-end=\"632\">\n<p data-start=\"589\" data-end=\"632\">Indica\u00e7\u00e3o: Uso casual e momentos de lazer<\/p>\n<\/li>\n<\/ul>\n<p data-start=\"634\" data-end=\"758\">Um acess\u00f3rio que combina tend\u00eancia e sofistica\u00e7\u00e3o, ideal para real\u00e7ar o look com personalidade e um toque de brilho \u00fanico.<\/p>","protected":false},"excerpt":{"rendered":"<p>\u00d3culos de Sol Sunset Glow Estilo e atitude em uma \u00fanica pe\u00e7a. O \u00d3culos de Sol Sunset Glow \u00e9 o acess\u00f3rio perfeito para quem ama&#8230;<\/p>","protected":false},"featured_media":5630,"comment_status":"open","ping_status":"closed","template":"","meta":[],"etheme_brands":[],"product_brand":[],"product_cat":[126,124],"product_tag":[133],"class_list":{"0":"post-5633","1":"product","2":"type-product","3":"status-publish","4":"has-post-thumbnail","6":"product_cat-categoriaculosculos-feminino","7":"product_cat-categoriaculos","8":"product_tag-uze-pratas","10":"first","11":"outofstock","12":"shipping-taxable","13":"purchasable","14":"product-type-simple"},"_links":{"self":[{"href":"https:\/\/agenciausphot.com\/uze\/en\/wp-json\/wp\/v2\/product\/5633","targetHints":{"allow":["GET"]}}],"collection":[{"href":"https:\/\/agenciausphot.com\/uze\/en\/wp-json\/wp\/v2\/product"}],"about":[{"href":"https:\/\/agenciausphot.com\/uze\/en\/wp-json\/wp\/v2\/types\/product"}],"replies":[{"embeddable":true,"href":"https:\/\/agenciausphot.com\/uze\/en\/wp-json\/wp\/v2\/comments?post=5633"}],"version-history":[{"count":1,"href":"https:\/\/agenciausphot.com\/uze\/en\/wp-json\/wp\/v2\/product\/5633\/revisions"}],"predecessor-version":[{"id":6254,"href":"https:\/\/agenciausphot.com\/uze\/en\/wp-json\/wp\/v2\/product\/5633\/revisions\/6254"}],"wp:featuredmedia":[{"embeddable":true,"href":"https:\/\/agenciausphot.com\/uze\/en\/wp-json\/wp\/v2\/media\/5630"}],"wp:attachment":[{"href":"https:\/\/agenciausphot.com\/uze\/en\/wp-json\/wp\/v2\/media?parent=5633"}],"wp:term":[{"taxonomy":"brand","embeddable":true,"href":"https:\/\/agenciausphot.com\/uze\/en\/wp-json\/wp\/v2\/etheme_brands?post=5633"},{"taxonomy":"product_brand","embeddable":true,"href":"https:\/\/agenciausphot.com\/uze\/en\/wp-json\/wp\/v2\/product_brand?post=5633"},{"taxonomy":"product_cat","embeddable":true,"href":"https:\/\/agenciausphot.com\/uze\/en\/wp-json\/wp\/v2\/product_cat?post=5633"},{"taxonomy":"product_tag","embeddable":true,"href":"https:\/\/agenciausphot.com\/uze\/en\/wp-json\/wp\/v2\/product_tag?post=5633"}],"curies":[{"name":"wp","href":"https:\/\/api.w.org\/{rel}","templated":true}]}}