{"id":5629,"date":"2025-10-29T13:14:09","date_gmt":"2025-10-29T13:14:09","guid":{"rendered":"https:\/\/agenciausphot.com\/uze\/produto\/oculos-de-sol-aviador-skyline\/"},"modified":"2025-11-04T20:39:29","modified_gmt":"2025-11-04T20:39:29","slug":"oculos-de-sol-aviador-skyline","status":"publish","type":"product","link":"https:\/\/agenciausphot.com\/uze\/en\/product\/oculos-de-sol-aviador-skyline\/","title":{"rendered":"\u00d3culos de sol aviador skyline"},"content":{"rendered":"<h3 data-start=\"85\" data-end=\"119\">\u00d3culos de Sol Aviador Skylin<\/h3>\n<p data-start=\"120\" data-end=\"423\">Cl\u00e1ssico e imponente, o \u00d3culos de Sol Aviador Skylin combina eleg\u00e2ncia e autenticidade em um design atemporal que nunca sai de moda.<br data-start=\"252\" data-end=\"255\"><br \/>\nCom arma\u00e7\u00e3o leve e lentes amplas, oferece conforto, prote\u00e7\u00e3o e um toque de sofistica\u00e7\u00e3o ao visual. Ideal para quem busca um estilo moderno com personalidade marcante.<\/p>\n<p data-start=\"425\" data-end=\"451\"><strong data-start=\"425\" data-end=\"449\">Detalhes do produto:<\/strong><\/p>\n<ul data-start=\"452\" data-end=\"626\">\n<li data-start=\"452\" data-end=\"478\">\n<p data-start=\"454\" data-end=\"478\">Modelo: Aviador Skylin<\/p>\n<\/li>\n<li data-start=\"479\" data-end=\"518\">\n<p data-start=\"481\" data-end=\"518\">Arma\u00e7\u00e3o: Met\u00e1lica leve e resistente<\/p>\n<\/li>\n<li data-start=\"519\" data-end=\"549\">\n<p data-start=\"521\" data-end=\"549\">Lentes: Com prote\u00e7\u00e3o UV400<\/p>\n<\/li>\n<li data-start=\"550\" data-end=\"581\">\n<p data-start=\"552\" data-end=\"581\">Estilo: Cl\u00e1ssico e vers\u00e1til<\/p>\n<\/li>\n<li data-start=\"582\" data-end=\"626\">\n<p data-start=\"584\" data-end=\"626\">Indica\u00e7\u00e3o: Uso di\u00e1rio e ocasi\u00f5es casuais<\/p>\n<\/li>\n<\/ul>\n<p data-start=\"628\" data-end=\"756\">Um acess\u00f3rio ic\u00f4nico que transmite confian\u00e7a e estilo, perfeito para quem gosta de unir tradi\u00e7\u00e3o e modernidade em um s\u00f3 olhar.<\/p>","protected":false},"excerpt":{"rendered":"<p>\u00d3culos de Sol Aviador Skylin Cl\u00e1ssico e imponente, o \u00d3culos de Sol Aviador Skylin combina eleg\u00e2ncia e autenticidade em um design atemporal que nunca sai&#8230;<\/p>","protected":false},"featured_media":5626,"comment_status":"open","ping_status":"closed","template":"","meta":[],"etheme_brands":[],"product_brand":[],"product_cat":[126,124],"product_tag":[133],"class_list":{"0":"post-5629","1":"product","2":"type-product","3":"status-publish","4":"has-post-thumbnail","6":"product_cat-categoriaculosculos-feminino","7":"product_cat-categoriaculos","8":"product_tag-uze-pratas","10":"first","11":"instock","12":"shipping-taxable","13":"purchasable","14":"product-type-simple"},"_links":{"self":[{"href":"https:\/\/agenciausphot.com\/uze\/en\/wp-json\/wp\/v2\/product\/5629","targetHints":{"allow":["GET"]}}],"collection":[{"href":"https:\/\/agenciausphot.com\/uze\/en\/wp-json\/wp\/v2\/product"}],"about":[{"href":"https:\/\/agenciausphot.com\/uze\/en\/wp-json\/wp\/v2\/types\/product"}],"replies":[{"embeddable":true,"href":"https:\/\/agenciausphot.com\/uze\/en\/wp-json\/wp\/v2\/comments?post=5629"}],"version-history":[{"count":1,"href":"https:\/\/agenciausphot.com\/uze\/en\/wp-json\/wp\/v2\/product\/5629\/revisions"}],"predecessor-version":[{"id":6253,"href":"https:\/\/agenciausphot.com\/uze\/en\/wp-json\/wp\/v2\/product\/5629\/revisions\/6253"}],"wp:featuredmedia":[{"embeddable":true,"href":"https:\/\/agenciausphot.com\/uze\/en\/wp-json\/wp\/v2\/media\/5626"}],"wp:attachment":[{"href":"https:\/\/agenciausphot.com\/uze\/en\/wp-json\/wp\/v2\/media?parent=5629"}],"wp:term":[{"taxonomy":"brand","embeddable":true,"href":"https:\/\/agenciausphot.com\/uze\/en\/wp-json\/wp\/v2\/etheme_brands?post=5629"},{"taxonomy":"product_brand","embeddable":true,"href":"https:\/\/agenciausphot.com\/uze\/en\/wp-json\/wp\/v2\/product_brand?post=5629"},{"taxonomy":"product_cat","embeddable":true,"href":"https:\/\/agenciausphot.com\/uze\/en\/wp-json\/wp\/v2\/product_cat?post=5629"},{"taxonomy":"product_tag","embeddable":true,"href":"https:\/\/agenciausphot.com\/uze\/en\/wp-json\/wp\/v2\/product_tag?post=5629"}],"curies":[{"name":"wp","href":"https:\/\/api.w.org\/{rel}","templated":true}]}}