{"id":5613,"date":"2025-10-29T13:13:53","date_gmt":"2025-10-29T13:13:53","guid":{"rendered":"https:\/\/agenciausphot.com\/uze\/produto\/oculos-de-sol-clarice-cafe\/"},"modified":"2025-12-04T18:42:17","modified_gmt":"2025-12-04T18:42:17","slug":"oculos-de-sol-clarice-cafe","status":"publish","type":"product","link":"https:\/\/agenciausphot.com\/uze\/en\/product\/oculos-de-sol-clarice-cafe\/","title":{"rendered":"\u00d3culos de sol clarice caf\u00e9"},"content":{"rendered":"<div>Clarice<\/div>\n<div>Largura total:14,2 cm<\/div>\n<div>Largura da lente: 5,5 cm<\/div>\n<div>Altura da Lente: 4,9 cm&nbsp;<\/div>\n<div>Ponte: 1,8 cm<\/div>\n<div>Hastes: 14 cm&nbsp;<\/div>\n<div>Acompanha flanela.<\/div>\n<div><\/div>\n<div>Produto Premium<\/div>\n<div>Nosso \u00f3culos Clarice \u00e9 composto por Acetato e Metal Anticorrosivo de Alta qualidade protegido contra descascamento provocado por suor e \u00e1gua.<\/div>\n<div><\/div>\n<div>Lente com prote\u00e7\u00e3o UV400<\/div>\n<div>Todas as lentes dos nossos \u00f3culos s\u00e3o em Policabonato, possuem prote\u00e7\u00e3o UV400, o que protege seus olhos do contato direto com os raios solares.<\/div>","protected":false},"excerpt":{"rendered":"<p>Clarice Largura total:14,2 cm Largura da lente: 5,5 cm Altura da Lente: 4,9 cm&nbsp; Ponte: 1,8 cm Hastes: 14 cm&nbsp; Acompanha flanela. Produto Premium Nosso&#8230;<\/p>","protected":false},"featured_media":5610,"comment_status":"open","ping_status":"closed","template":"","meta":[],"etheme_brands":[],"product_brand":[],"product_cat":[126,124],"product_tag":[133],"class_list":{"0":"post-5613","1":"product","2":"type-product","3":"status-publish","4":"has-post-thumbnail","6":"product_cat-categoriaculosculos-feminino","7":"product_cat-categoriaculos","8":"product_tag-uze-pratas","10":"first","11":"outofstock","12":"shipping-taxable","13":"purchasable","14":"product-type-simple"},"_links":{"self":[{"href":"https:\/\/agenciausphot.com\/uze\/en\/wp-json\/wp\/v2\/product\/5613","targetHints":{"allow":["GET"]}}],"collection":[{"href":"https:\/\/agenciausphot.com\/uze\/en\/wp-json\/wp\/v2\/product"}],"about":[{"href":"https:\/\/agenciausphot.com\/uze\/en\/wp-json\/wp\/v2\/types\/product"}],"replies":[{"embeddable":true,"href":"https:\/\/agenciausphot.com\/uze\/en\/wp-json\/wp\/v2\/comments?post=5613"}],"version-history":[{"count":0,"href":"https:\/\/agenciausphot.com\/uze\/en\/wp-json\/wp\/v2\/product\/5613\/revisions"}],"wp:featuredmedia":[{"embeddable":true,"href":"https:\/\/agenciausphot.com\/uze\/en\/wp-json\/wp\/v2\/media\/5610"}],"wp:attachment":[{"href":"https:\/\/agenciausphot.com\/uze\/en\/wp-json\/wp\/v2\/media?parent=5613"}],"wp:term":[{"taxonomy":"brand","embeddable":true,"href":"https:\/\/agenciausphot.com\/uze\/en\/wp-json\/wp\/v2\/etheme_brands?post=5613"},{"taxonomy":"product_brand","embeddable":true,"href":"https:\/\/agenciausphot.com\/uze\/en\/wp-json\/wp\/v2\/product_brand?post=5613"},{"taxonomy":"product_cat","embeddable":true,"href":"https:\/\/agenciausphot.com\/uze\/en\/wp-json\/wp\/v2\/product_cat?post=5613"},{"taxonomy":"product_tag","embeddable":true,"href":"https:\/\/agenciausphot.com\/uze\/en\/wp-json\/wp\/v2\/product_tag?post=5613"}],"curies":[{"name":"wp","href":"https:\/\/api.w.org\/{rel}","templated":true}]}}