{"id":5580,"date":"2025-10-29T13:13:21","date_gmt":"2025-10-29T13:13:21","guid":{"rendered":"https:\/\/agenciausphot.com\/uze\/produto\/oculos-de-sol-josh-preto\/"},"modified":"2025-11-04T20:39:20","modified_gmt":"2025-11-04T20:39:20","slug":"oculos-de-sol-josh-preto","status":"publish","type":"product","link":"https:\/\/agenciausphot.com\/uze\/en\/product\/oculos-de-sol-josh-preto\/","title":{"rendered":"\u00d3culos de sol josh preto"},"content":{"rendered":"<h3 style=\"font-size: 20px;font-weight: 700;margin-top: 0px;font-family: Montserrat, sans-serif\"><strong>\u00d3culos de Sol Josh<\/strong><\/h3>\n<p style=\"line-height: 20px;font-family: Montserrat, sans-serif;font-size: 14px\">Largura Total:&nbsp;14&nbsp;cm<br \/>Largura da Lente:&nbsp;14 cm<br \/>Altura da Lente: 5&nbsp;cm&nbsp;<br \/>Ponte: 1,2&nbsp;cm<br \/>Hastes: 14,5 cm&nbsp;<br \/>&nbsp;Com amortecedor nas Hastes.<\/p>\n<h3 style=\"font-size: 20px;font-weight: 700;margin-top: 0px;font-family: Montserrat, sans-serif\"><strong>Produto<\/strong><\/h3>\n<p style=\"line-height: 20px;font-family: Montserrat, sans-serif;font-size: 14px\">Nosso \u00f3culos Josh possui arma\u00e7\u00e3o 100% em Acetato com de&nbsp;<strong>Alta qualidade&nbsp;<\/strong>protegido contra descascamento provocado por suor e \u00e1gua.<\/p>\n<h3 style=\"font-size: 20px;font-weight: 700;margin-top: 0px;font-family: Montserrat, sans-serif\"><strong>Lente com prote\u00e7\u00e3o UV400<\/strong><\/h3>\n<p style=\"line-height: 20px;font-family: Montserrat, sans-serif;font-size: 14px\">Todas as lentes dos nossos \u00f3culos s\u00e3o em Policabonato,&nbsp;possuem&nbsp;<strong>prote\u00e7\u00e3o UV400<\/strong>, o que protege seus olhos do contato direto com os raios solares.<\/p>","protected":false},"excerpt":{"rendered":"<p>\u00d3culos de Sol Josh Largura Total:&nbsp;14&nbsp;cmLargura da Lente:&nbsp;14 cmAltura da Lente: 5&nbsp;cm&nbsp;Ponte: 1,2&nbsp;cmHastes: 14,5 cm&nbsp;&nbsp;Com amortecedor nas Hastes. Produto Nosso \u00f3culos Josh possui arma\u00e7\u00e3o 100%&#8230;<\/p>","protected":false},"featured_media":5577,"comment_status":"open","ping_status":"closed","template":"","meta":[],"etheme_brands":[],"product_brand":[],"product_cat":[128,124],"product_tag":[133],"class_list":{"0":"post-5580","1":"product","2":"type-product","3":"status-publish","4":"has-post-thumbnail","6":"product_cat-categoriaculosculos-unisex","7":"product_cat-categoriaculos","8":"product_tag-uze-pratas","10":"first","11":"instock","12":"shipping-taxable","13":"purchasable","14":"product-type-simple"},"_links":{"self":[{"href":"https:\/\/agenciausphot.com\/uze\/en\/wp-json\/wp\/v2\/product\/5580","targetHints":{"allow":["GET"]}}],"collection":[{"href":"https:\/\/agenciausphot.com\/uze\/en\/wp-json\/wp\/v2\/product"}],"about":[{"href":"https:\/\/agenciausphot.com\/uze\/en\/wp-json\/wp\/v2\/types\/product"}],"replies":[{"embeddable":true,"href":"https:\/\/agenciausphot.com\/uze\/en\/wp-json\/wp\/v2\/comments?post=5580"}],"version-history":[{"count":1,"href":"https:\/\/agenciausphot.com\/uze\/en\/wp-json\/wp\/v2\/product\/5580\/revisions"}],"predecessor-version":[{"id":6242,"href":"https:\/\/agenciausphot.com\/uze\/en\/wp-json\/wp\/v2\/product\/5580\/revisions\/6242"}],"wp:featuredmedia":[{"embeddable":true,"href":"https:\/\/agenciausphot.com\/uze\/en\/wp-json\/wp\/v2\/media\/5577"}],"wp:attachment":[{"href":"https:\/\/agenciausphot.com\/uze\/en\/wp-json\/wp\/v2\/media?parent=5580"}],"wp:term":[{"taxonomy":"brand","embeddable":true,"href":"https:\/\/agenciausphot.com\/uze\/en\/wp-json\/wp\/v2\/etheme_brands?post=5580"},{"taxonomy":"product_brand","embeddable":true,"href":"https:\/\/agenciausphot.com\/uze\/en\/wp-json\/wp\/v2\/product_brand?post=5580"},{"taxonomy":"product_cat","embeddable":true,"href":"https:\/\/agenciausphot.com\/uze\/en\/wp-json\/wp\/v2\/product_cat?post=5580"},{"taxonomy":"product_tag","embeddable":true,"href":"https:\/\/agenciausphot.com\/uze\/en\/wp-json\/wp\/v2\/product_tag?post=5580"}],"curies":[{"name":"wp","href":"https:\/\/api.w.org\/{rel}","templated":true}]}}