{"id":5569,"date":"2025-10-29T13:13:12","date_gmt":"2025-10-29T13:13:12","guid":{"rendered":"https:\/\/agenciausphot.com\/uze\/produto\/pulseira-life-coracao-liso-2-4mm-maleavel\/"},"modified":"2025-12-22T16:27:31","modified_gmt":"2025-12-22T16:27:31","slug":"pulseira-life-coracao-liso-2-4mm-maleavel","status":"publish","type":"product","link":"https:\/\/agenciausphot.com\/uze\/en\/product\/pulseira-life-coracao-liso-2-4mm-maleavel\/","title":{"rendered":"Pulseira life cora\u00e7\u00e3o liso 2.4mm male\u00e1vel"},"content":{"rendered":"<h3 data-start=\"111\" data-end=\"171\">Pulseira Life Cora\u00e7\u00e3o Liso 2.4mm Male\u00e1vel em Prata 925<\/h3>\n<p data-start=\"172\" data-end=\"492\">Delicada e elegante, a Pulseira Life Cora\u00e7\u00e3o Liso \u00e9 confeccionada em prata 925 leg\u00edtima e possui espessura de 2.4mm, combinando resist\u00eancia com conforto.<br data-start=\"325\" data-end=\"328\"><br \/>\nSeu fecho em formato de cora\u00e7\u00e3o liso traz um toque rom\u00e2ntico e sofisticado, tornando a pe\u00e7a perfeita para personalizar com berloques ou usar sozinha no dia a dia.<\/p>\n<p data-start=\"494\" data-end=\"520\"><strong data-start=\"494\" data-end=\"518\">Detalhes do produto:<\/strong><\/p>\n<ul data-start=\"521\" data-end=\"733\">\n<li data-start=\"521\" data-end=\"553\">\n<p data-start=\"523\" data-end=\"553\">Material: Prata 925 leg\u00edtima<\/p>\n<\/li>\n<li data-start=\"554\" data-end=\"574\">\n<p data-start=\"556\" data-end=\"574\">Espessura: 2.4mm<\/p>\n<\/li>\n<li data-start=\"575\" data-end=\"609\">\n<p data-start=\"577\" data-end=\"609\">Fecho: Formato de cora\u00e7\u00e3o liso<\/p>\n<\/li>\n<li data-start=\"610\" data-end=\"644\">\n<p data-start=\"612\" data-end=\"644\">Modelo: Male\u00e1vel e confort\u00e1vel<\/p>\n<\/li>\n<li data-start=\"645\" data-end=\"677\">\n<p data-start=\"647\" data-end=\"677\">Acabamento: Liso e brilhante<\/p>\n<\/li>\n<li data-start=\"678\" data-end=\"704\">\n<p data-start=\"680\" data-end=\"704\">Produto hipoalerg\u00eanico<\/p>\n<\/li>\n<li data-start=\"705\" data-end=\"733\">\n<p data-start=\"707\" data-end=\"733\">Garantia eterna da prata<\/p>\n<\/li>\n<\/ul>","protected":false},"excerpt":{"rendered":"<p>Pulseira Life Cora\u00e7\u00e3o Liso 2.4mm Male\u00e1vel em Prata 925 Delicada e elegante, a Pulseira Life Cora\u00e7\u00e3o Liso \u00e9 confeccionada em prata 925 leg\u00edtima e possui&#8230;<\/p>","protected":false},"featured_media":5567,"comment_status":"open","ping_status":"closed","template":"","meta":[],"etheme_brands":[],"product_brand":[],"product_cat":[98,90],"product_tag":[133],"class_list":{"0":"post-5569","1":"product","2":"type-product","3":"status-publish","4":"has-post-thumbnail","6":"product_cat-categoriapulseiraspulseira-feminina","7":"product_cat-categoriapulseiras","8":"product_tag-uze-pratas","10":"first","11":"outofstock","12":"shipping-taxable","13":"product-type-variable"},"_links":{"self":[{"href":"https:\/\/agenciausphot.com\/uze\/en\/wp-json\/wp\/v2\/product\/5569","targetHints":{"allow":["GET"]}}],"collection":[{"href":"https:\/\/agenciausphot.com\/uze\/en\/wp-json\/wp\/v2\/product"}],"about":[{"href":"https:\/\/agenciausphot.com\/uze\/en\/wp-json\/wp\/v2\/types\/product"}],"replies":[{"embeddable":true,"href":"https:\/\/agenciausphot.com\/uze\/en\/wp-json\/wp\/v2\/comments?post=5569"}],"version-history":[{"count":1,"href":"https:\/\/agenciausphot.com\/uze\/en\/wp-json\/wp\/v2\/product\/5569\/revisions"}],"predecessor-version":[{"id":6238,"href":"https:\/\/agenciausphot.com\/uze\/en\/wp-json\/wp\/v2\/product\/5569\/revisions\/6238"}],"wp:featuredmedia":[{"embeddable":true,"href":"https:\/\/agenciausphot.com\/uze\/en\/wp-json\/wp\/v2\/media\/5567"}],"wp:attachment":[{"href":"https:\/\/agenciausphot.com\/uze\/en\/wp-json\/wp\/v2\/media?parent=5569"}],"wp:term":[{"taxonomy":"brand","embeddable":true,"href":"https:\/\/agenciausphot.com\/uze\/en\/wp-json\/wp\/v2\/etheme_brands?post=5569"},{"taxonomy":"product_brand","embeddable":true,"href":"https:\/\/agenciausphot.com\/uze\/en\/wp-json\/wp\/v2\/product_brand?post=5569"},{"taxonomy":"product_cat","embeddable":true,"href":"https:\/\/agenciausphot.com\/uze\/en\/wp-json\/wp\/v2\/product_cat?post=5569"},{"taxonomy":"product_tag","embeddable":true,"href":"https:\/\/agenciausphot.com\/uze\/en\/wp-json\/wp\/v2\/product_tag?post=5569"}],"curies":[{"name":"wp","href":"https:\/\/api.w.org\/{rel}","templated":true}]}}