{"id":5558,"date":"2025-10-29T13:13:02","date_gmt":"2025-10-29T13:13:02","guid":{"rendered":"https:\/\/agenciausphot.com\/uze\/produto\/pingente-cruz-lisa\/"},"modified":"2025-12-22T16:26:18","modified_gmt":"2025-12-22T16:26:18","slug":"pingente-cruz-lisa","status":"publish","type":"product","link":"https:\/\/agenciausphot.com\/uze\/en\/product\/pingente-cruz-lisa\/","title":{"rendered":"Pingente cruz lisa"},"content":{"rendered":"<h3 data-start=\"88\" data-end=\"125\">Pingente Cruz Lisa em Prata 925<\/h3>\n<p data-start=\"126\" data-end=\"427\">Cl\u00e1ssico e cheio de significado, o Pingente Cruz Lisa \u00e9 confeccionado em prata 925 leg\u00edtima e simboliza f\u00e9, prote\u00e7\u00e3o e espiritualidade.<br data-start=\"261\" data-end=\"264\"><br \/>\nCom design minimalista e acabamento polido, \u00e9 uma joia atemporal que combina com todos os estilos, perfeita para o uso di\u00e1rio ou para compor produ\u00e7\u00f5es elegantes.<\/p>\n<p data-start=\"429\" data-end=\"455\"><strong data-start=\"429\" data-end=\"453\">Detalhes do produto:<\/strong><\/p>\n<ul data-start=\"456\" data-end=\"660\">\n<li data-start=\"456\" data-end=\"488\">\n<p data-start=\"458\" data-end=\"488\">Material: Prata 925 leg\u00edtima<\/p>\n<\/li>\n<li data-start=\"489\" data-end=\"519\">\n<p data-start=\"491\" data-end=\"519\">Design: Cruz lisa e polida<\/p>\n<\/li>\n<li data-start=\"520\" data-end=\"552\">\n<p data-start=\"522\" data-end=\"552\">Acabamento: Liso e brilhante<\/p>\n<\/li>\n<li data-start=\"553\" data-end=\"604\">\n<p data-start=\"555\" data-end=\"604\">Compat\u00edvel com correntes delicadas em prata 925<\/p>\n<\/li>\n<li data-start=\"605\" data-end=\"631\">\n<p data-start=\"607\" data-end=\"631\">Produto hipoalerg\u00eanico<\/p>\n<\/li>\n<li data-start=\"632\" data-end=\"660\">\n<p data-start=\"634\" data-end=\"660\">Garantia eterna da prata<\/p>\n<\/li>\n<\/ul>","protected":false},"excerpt":{"rendered":"<p>Pingente Cruz Lisa em Prata 925 Cl\u00e1ssico e cheio de significado, o Pingente Cruz Lisa \u00e9 confeccionado em prata 925 leg\u00edtima e simboliza f\u00e9, prote\u00e7\u00e3o&#8230;<\/p>","protected":false},"featured_media":5557,"comment_status":"open","ping_status":"closed","template":"","meta":[],"etheme_brands":[],"product_brand":[],"product_cat":[120,118],"product_tag":[133],"class_list":{"0":"post-5558","1":"product","2":"type-product","3":"status-publish","4":"has-post-thumbnail","6":"product_cat-categoriapingentespingente-masculino","7":"product_cat-categoriapingentes","8":"product_tag-uze-pratas","10":"first","11":"outofstock","12":"shipping-taxable","13":"purchasable","14":"product-type-simple"},"_links":{"self":[{"href":"https:\/\/agenciausphot.com\/uze\/en\/wp-json\/wp\/v2\/product\/5558","targetHints":{"allow":["GET"]}}],"collection":[{"href":"https:\/\/agenciausphot.com\/uze\/en\/wp-json\/wp\/v2\/product"}],"about":[{"href":"https:\/\/agenciausphot.com\/uze\/en\/wp-json\/wp\/v2\/types\/product"}],"replies":[{"embeddable":true,"href":"https:\/\/agenciausphot.com\/uze\/en\/wp-json\/wp\/v2\/comments?post=5558"}],"version-history":[{"count":1,"href":"https:\/\/agenciausphot.com\/uze\/en\/wp-json\/wp\/v2\/product\/5558\/revisions"}],"predecessor-version":[{"id":6234,"href":"https:\/\/agenciausphot.com\/uze\/en\/wp-json\/wp\/v2\/product\/5558\/revisions\/6234"}],"wp:featuredmedia":[{"embeddable":true,"href":"https:\/\/agenciausphot.com\/uze\/en\/wp-json\/wp\/v2\/media\/5557"}],"wp:attachment":[{"href":"https:\/\/agenciausphot.com\/uze\/en\/wp-json\/wp\/v2\/media?parent=5558"}],"wp:term":[{"taxonomy":"brand","embeddable":true,"href":"https:\/\/agenciausphot.com\/uze\/en\/wp-json\/wp\/v2\/etheme_brands?post=5558"},{"taxonomy":"product_brand","embeddable":true,"href":"https:\/\/agenciausphot.com\/uze\/en\/wp-json\/wp\/v2\/product_brand?post=5558"},{"taxonomy":"product_cat","embeddable":true,"href":"https:\/\/agenciausphot.com\/uze\/en\/wp-json\/wp\/v2\/product_cat?post=5558"},{"taxonomy":"product_tag","embeddable":true,"href":"https:\/\/agenciausphot.com\/uze\/en\/wp-json\/wp\/v2\/product_tag?post=5558"}],"curies":[{"name":"wp","href":"https:\/\/api.w.org\/{rel}","templated":true}]}}