{"id":5556,"date":"2025-10-29T13:13:01","date_gmt":"2025-10-29T13:13:01","guid":{"rendered":"https:\/\/agenciausphot.com\/uze\/produto\/colar-filhos-2-meninos-e-1-menina\/"},"modified":"2025-11-04T20:39:13","modified_gmt":"2025-11-04T20:39:13","slug":"colar-filhos-2-meninos-e-1-menina","status":"publish","type":"product","link":"https:\/\/agenciausphot.com\/uze\/en\/product\/colar-filhos-2-meninos-e-1-menina\/","title":{"rendered":"Colar filhos 2 meninos e 1 menina"},"content":{"rendered":"<h3 data-start=\"103\" data-end=\"155\">Colar Filhos 2 Meninos e 1 Menina em Prata 925<\/h3>\n<p data-start=\"156\" data-end=\"498\">Cheio de significado e amor, o Colar Filhos 2 Meninos e 1 Menina \u00e9 confeccionado em prata 925 leg\u00edtima e representa o v\u00ednculo eterno entre m\u00e3e e filhos.<br data-start=\"308\" data-end=\"311\"><br \/>\nCom design delicado e acabamento polido, a pe\u00e7a traz tr\u00eas pingentes que simbolizam carinho, uni\u00e3o e a beleza da fam\u00edlia. \u00c9 uma joia para carregar no peito o amor mais puro e verdadeiro.<\/p>\n<p data-start=\"500\" data-end=\"526\"><strong data-start=\"500\" data-end=\"524\">Detalhes do produto:<\/strong><\/p>\n<ul data-start=\"527\" data-end=\"733\">\n<li data-start=\"527\" data-end=\"559\">\n<p data-start=\"529\" data-end=\"559\">Material: Prata 925 leg\u00edtima<\/p>\n<\/li>\n<li data-start=\"560\" data-end=\"609\">\n<p data-start=\"562\" data-end=\"609\">Design: Dois meninos e uma menina estilizados<\/p>\n<\/li>\n<li data-start=\"610\" data-end=\"642\">\n<p data-start=\"612\" data-end=\"642\">Acabamento: Liso e brilhante<\/p>\n<\/li>\n<li data-start=\"643\" data-end=\"677\">\n<p data-start=\"645\" data-end=\"677\">Corrente delicada em prata 925<\/p>\n<\/li>\n<li data-start=\"678\" data-end=\"704\">\n<p data-start=\"680\" data-end=\"704\">Produto hipoalerg\u00eanico<\/p>\n<\/li>\n<li data-start=\"705\" data-end=\"733\">\n<p data-start=\"707\" data-end=\"733\">Garantia eterna da prata<\/p>\n<\/li>\n<\/ul>","protected":false},"excerpt":{"rendered":"<p>Colar Filhos 2 Meninos e 1 Menina em Prata 925 Cheio de significado e amor, o Colar Filhos 2 Meninos e 1 Menina \u00e9 confeccionado&#8230;<\/p>","protected":false},"featured_media":5555,"comment_status":"open","ping_status":"closed","template":"","meta":[],"etheme_brands":[],"product_brand":[],"product_cat":[106,93],"product_tag":[133],"class_list":{"0":"post-5556","1":"product","2":"type-product","3":"status-publish","4":"has-post-thumbnail","6":"product_cat-categoriacolarescolar-feminino","7":"product_cat-categoriacolares","8":"product_tag-uze-pratas","10":"first","11":"outofstock","12":"shipping-taxable","13":"purchasable","14":"product-type-simple"},"_links":{"self":[{"href":"https:\/\/agenciausphot.com\/uze\/en\/wp-json\/wp\/v2\/product\/5556","targetHints":{"allow":["GET"]}}],"collection":[{"href":"https:\/\/agenciausphot.com\/uze\/en\/wp-json\/wp\/v2\/product"}],"about":[{"href":"https:\/\/agenciausphot.com\/uze\/en\/wp-json\/wp\/v2\/types\/product"}],"replies":[{"embeddable":true,"href":"https:\/\/agenciausphot.com\/uze\/en\/wp-json\/wp\/v2\/comments?post=5556"}],"version-history":[{"count":1,"href":"https:\/\/agenciausphot.com\/uze\/en\/wp-json\/wp\/v2\/product\/5556\/revisions"}],"predecessor-version":[{"id":6233,"href":"https:\/\/agenciausphot.com\/uze\/en\/wp-json\/wp\/v2\/product\/5556\/revisions\/6233"}],"wp:featuredmedia":[{"embeddable":true,"href":"https:\/\/agenciausphot.com\/uze\/en\/wp-json\/wp\/v2\/media\/5555"}],"wp:attachment":[{"href":"https:\/\/agenciausphot.com\/uze\/en\/wp-json\/wp\/v2\/media?parent=5556"}],"wp:term":[{"taxonomy":"brand","embeddable":true,"href":"https:\/\/agenciausphot.com\/uze\/en\/wp-json\/wp\/v2\/etheme_brands?post=5556"},{"taxonomy":"product_brand","embeddable":true,"href":"https:\/\/agenciausphot.com\/uze\/en\/wp-json\/wp\/v2\/product_brand?post=5556"},{"taxonomy":"product_cat","embeddable":true,"href":"https:\/\/agenciausphot.com\/uze\/en\/wp-json\/wp\/v2\/product_cat?post=5556"},{"taxonomy":"product_tag","embeddable":true,"href":"https:\/\/agenciausphot.com\/uze\/en\/wp-json\/wp\/v2\/product_tag?post=5556"}],"curies":[{"name":"wp","href":"https:\/\/api.w.org\/{rel}","templated":true}]}}