{"id":5554,"date":"2025-10-29T13:13:00","date_gmt":"2025-10-29T13:13:00","guid":{"rendered":"https:\/\/agenciausphot.com\/uze\/produto\/colar-filhos-2-menino\/"},"modified":"2025-12-05T04:41:36","modified_gmt":"2025-12-05T04:41:36","slug":"colar-filhos-2-menino","status":"publish","type":"product","link":"https:\/\/agenciausphot.com\/uze\/en\/product\/colar-filhos-2-menino\/","title":{"rendered":"Colar filhos 2 menino"},"content":{"rendered":"<hr data-start=\"87\" data-end=\"90\">\n<h3 data-start=\"92\" data-end=\"133\">Colar Filhos 2 Meninos em Prata 925<\/h3>\n<p data-start=\"134\" data-end=\"441\">Delicado e cheio de amor, o Colar Filhos 2 Meninos \u00e9 confeccionado em prata 925 leg\u00edtima e simboliza o la\u00e7o eterno entre m\u00e3e e filhos.<br data-start=\"268\" data-end=\"271\"><br \/>\nCom design delicado de dois menininhos e acabamento polido, \u00e9 uma joia especial que representa carinho, afeto e fam\u00edlia, perfeita para carregar sempre perto do cora\u00e7\u00e3o.<\/p>\n<p data-start=\"443\" data-end=\"469\"><strong data-start=\"443\" data-end=\"467\">Detalhes do produto:<\/strong><\/p>\n<ul data-start=\"470\" data-end=\"663\">\n<li data-start=\"470\" data-end=\"502\">\n<p data-start=\"472\" data-end=\"502\">Material: Prata 925 leg\u00edtima<\/p>\n<\/li>\n<li data-start=\"503\" data-end=\"539\">\n<p data-start=\"505\" data-end=\"539\">Design: Dois meninos estilizados<\/p>\n<\/li>\n<li data-start=\"540\" data-end=\"572\">\n<p data-start=\"542\" data-end=\"572\">Acabamento: Liso e brilhante<\/p>\n<\/li>\n<li data-start=\"573\" data-end=\"607\">\n<p data-start=\"575\" data-end=\"607\">Corrente delicada em prata 925<\/p>\n<\/li>\n<li data-start=\"608\" data-end=\"634\">\n<p data-start=\"610\" data-end=\"634\">Produto hipoalerg\u00eanico<\/p>\n<\/li>\n<li data-start=\"635\" data-end=\"663\">\n<p data-start=\"637\" data-end=\"663\">Garantia eterna da prata<\/p>\n<\/li>\n<\/ul>","protected":false},"excerpt":{"rendered":"<p>Colar Filhos 2 Meninos em Prata 925 Delicado e cheio de amor, o Colar Filhos 2 Meninos \u00e9 confeccionado em prata 925 leg\u00edtima e simboliza&#8230;<\/p>","protected":false},"featured_media":5553,"comment_status":"open","ping_status":"closed","template":"","meta":[],"etheme_brands":[],"product_brand":[],"product_cat":[106,93],"product_tag":[133],"class_list":{"0":"post-5554","1":"product","2":"type-product","3":"status-publish","4":"has-post-thumbnail","6":"product_cat-categoriacolarescolar-feminino","7":"product_cat-categoriacolares","8":"product_tag-uze-pratas","10":"first","11":"outofstock","12":"shipping-taxable","13":"purchasable","14":"product-type-simple"},"_links":{"self":[{"href":"https:\/\/agenciausphot.com\/uze\/en\/wp-json\/wp\/v2\/product\/5554","targetHints":{"allow":["GET"]}}],"collection":[{"href":"https:\/\/agenciausphot.com\/uze\/en\/wp-json\/wp\/v2\/product"}],"about":[{"href":"https:\/\/agenciausphot.com\/uze\/en\/wp-json\/wp\/v2\/types\/product"}],"replies":[{"embeddable":true,"href":"https:\/\/agenciausphot.com\/uze\/en\/wp-json\/wp\/v2\/comments?post=5554"}],"version-history":[{"count":1,"href":"https:\/\/agenciausphot.com\/uze\/en\/wp-json\/wp\/v2\/product\/5554\/revisions"}],"predecessor-version":[{"id":6232,"href":"https:\/\/agenciausphot.com\/uze\/en\/wp-json\/wp\/v2\/product\/5554\/revisions\/6232"}],"wp:featuredmedia":[{"embeddable":true,"href":"https:\/\/agenciausphot.com\/uze\/en\/wp-json\/wp\/v2\/media\/5553"}],"wp:attachment":[{"href":"https:\/\/agenciausphot.com\/uze\/en\/wp-json\/wp\/v2\/media?parent=5554"}],"wp:term":[{"taxonomy":"brand","embeddable":true,"href":"https:\/\/agenciausphot.com\/uze\/en\/wp-json\/wp\/v2\/etheme_brands?post=5554"},{"taxonomy":"product_brand","embeddable":true,"href":"https:\/\/agenciausphot.com\/uze\/en\/wp-json\/wp\/v2\/product_brand?post=5554"},{"taxonomy":"product_cat","embeddable":true,"href":"https:\/\/agenciausphot.com\/uze\/en\/wp-json\/wp\/v2\/product_cat?post=5554"},{"taxonomy":"product_tag","embeddable":true,"href":"https:\/\/agenciausphot.com\/uze\/en\/wp-json\/wp\/v2\/product_tag?post=5554"}],"curies":[{"name":"wp","href":"https:\/\/api.w.org\/{rel}","templated":true}]}}