{"id":5546,"date":"2025-10-29T13:12:54","date_gmt":"2025-10-29T13:12:54","guid":{"rendered":"https:\/\/agenciausphot.com\/uze\/produto\/piercing-bola\/"},"modified":"2025-11-04T20:39:10","modified_gmt":"2025-11-04T20:39:10","slug":"piercing-bola","status":"publish","type":"product","link":"https:\/\/agenciausphot.com\/uze\/en\/product\/piercing-bola\/","title":{"rendered":"Piercing bola"},"content":{"rendered":"<h3 data-start=\"83\" data-end=\"115\">Piercing Bola em Prata 925<\/h3>\n<p data-start=\"116\" data-end=\"426\">Cl\u00e1ssico e discreto, o Piercing Bola \u00e9 confeccionado em prata 925 leg\u00edtima e traz um design minimalista, ideal para quem busca eleg\u00e2ncia e conforto no dia a dia.<br data-start=\"277\" data-end=\"280\"><br \/>\nCom acabamento polido e brilho sutil, \u00e9 uma pe\u00e7a vers\u00e1til que combina facilmente com qualquer estilo e pode ser usada em diferentes perfura\u00e7\u00f5es.<\/p>\n<p data-start=\"428\" data-end=\"454\"><strong data-start=\"428\" data-end=\"452\">Detalhes do produto:<\/strong><\/p>\n<ul data-start=\"455\" data-end=\"607\">\n<li data-start=\"455\" data-end=\"487\">\n<p data-start=\"457\" data-end=\"487\">Material: Prata 925 leg\u00edtima<\/p>\n<\/li>\n<li data-start=\"488\" data-end=\"518\">\n<p data-start=\"490\" data-end=\"518\">Design: Bola lisa e polida<\/p>\n<\/li>\n<li data-start=\"519\" data-end=\"551\">\n<p data-start=\"521\" data-end=\"551\">Acabamento: Liso e brilhante<\/p>\n<\/li>\n<li data-start=\"552\" data-end=\"578\">\n<p data-start=\"554\" data-end=\"578\">Produto hipoalerg\u00eanico<\/p>\n<\/li>\n<li data-start=\"579\" data-end=\"607\">\n<p data-start=\"581\" data-end=\"607\">Garantia eterna da prata<\/p>\n<\/li>\n<\/ul>","protected":false},"excerpt":{"rendered":"<p>Piercing Bola em Prata 925 Cl\u00e1ssico e discreto, o Piercing Bola \u00e9 confeccionado em prata 925 leg\u00edtima e traz um design minimalista, ideal para quem&#8230;<\/p>","protected":false},"featured_media":5545,"comment_status":"open","ping_status":"closed","template":"","meta":[],"etheme_brands":[],"product_brand":[],"product_cat":[115,96],"product_tag":[133],"class_list":{"0":"post-5546","1":"product","2":"type-product","3":"status-publish","4":"has-post-thumbnail","6":"product_cat-categoriapiercingspiercing-de-orelha","7":"product_cat-categoriapiercings","8":"product_tag-uze-pratas","10":"first","11":"instock","12":"shipping-taxable","13":"purchasable","14":"product-type-simple"},"_links":{"self":[{"href":"https:\/\/agenciausphot.com\/uze\/en\/wp-json\/wp\/v2\/product\/5546","targetHints":{"allow":["GET"]}}],"collection":[{"href":"https:\/\/agenciausphot.com\/uze\/en\/wp-json\/wp\/v2\/product"}],"about":[{"href":"https:\/\/agenciausphot.com\/uze\/en\/wp-json\/wp\/v2\/types\/product"}],"replies":[{"embeddable":true,"href":"https:\/\/agenciausphot.com\/uze\/en\/wp-json\/wp\/v2\/comments?post=5546"}],"version-history":[{"count":1,"href":"https:\/\/agenciausphot.com\/uze\/en\/wp-json\/wp\/v2\/product\/5546\/revisions"}],"predecessor-version":[{"id":6228,"href":"https:\/\/agenciausphot.com\/uze\/en\/wp-json\/wp\/v2\/product\/5546\/revisions\/6228"}],"wp:featuredmedia":[{"embeddable":true,"href":"https:\/\/agenciausphot.com\/uze\/en\/wp-json\/wp\/v2\/media\/5545"}],"wp:attachment":[{"href":"https:\/\/agenciausphot.com\/uze\/en\/wp-json\/wp\/v2\/media?parent=5546"}],"wp:term":[{"taxonomy":"brand","embeddable":true,"href":"https:\/\/agenciausphot.com\/uze\/en\/wp-json\/wp\/v2\/etheme_brands?post=5546"},{"taxonomy":"product_brand","embeddable":true,"href":"https:\/\/agenciausphot.com\/uze\/en\/wp-json\/wp\/v2\/product_brand?post=5546"},{"taxonomy":"product_cat","embeddable":true,"href":"https:\/\/agenciausphot.com\/uze\/en\/wp-json\/wp\/v2\/product_cat?post=5546"},{"taxonomy":"product_tag","embeddable":true,"href":"https:\/\/agenciausphot.com\/uze\/en\/wp-json\/wp\/v2\/product_tag?post=5546"}],"curies":[{"name":"wp","href":"https:\/\/api.w.org\/{rel}","templated":true}]}}