{"id":5540,"date":"2025-10-29T13:12:49","date_gmt":"2025-10-29T13:12:49","guid":{"rendered":"https:\/\/agenciausphot.com\/uze\/produto\/berloque-estetoscopio-coracao\/"},"modified":"2025-11-04T20:39:08","modified_gmt":"2025-11-04T20:39:08","slug":"berloque-estetoscopio-coracao","status":"publish","type":"product","link":"https:\/\/agenciausphot.com\/uze\/en\/product\/berloque-estetoscopio-coracao\/","title":{"rendered":"Berloque estetosc\u00f3pio cora\u00e7\u00e3o"},"content":{"rendered":"<h3 data-start=\"99\" data-end=\"147\">Berloque Estetosc\u00f3pio Cora\u00e7\u00e3o em Prata 925<\/h3>\n<p data-start=\"148\" data-end=\"469\">Cheio de significado e delicadeza, o Berloque Estetosc\u00f3pio Cora\u00e7\u00e3o \u00e9 confeccionado em prata 925 leg\u00edtima e traz o s\u00edmbolo do cuidado e da dedica\u00e7\u00e3o \u00e0 vida.<br data-start=\"303\" data-end=\"306\"><br \/>\nCom design que une o estetosc\u00f3pio a um cora\u00e7\u00e3o, a pe\u00e7a representa amor pela profiss\u00e3o e paix\u00e3o pela \u00e1rea da sa\u00fade \u2014 ideal para m\u00e9dicas, enfermeiras e estudantes.<\/p>\n<p data-start=\"471\" data-end=\"497\"><strong data-start=\"471\" data-end=\"495\">Detalhes do produto:<\/strong><\/p>\n<ul data-start=\"498\" data-end=\"719\">\n<li data-start=\"498\" data-end=\"530\">\n<p data-start=\"500\" data-end=\"530\">Material: Prata 925 leg\u00edtima<\/p>\n<\/li>\n<li data-start=\"531\" data-end=\"577\">\n<p data-start=\"533\" data-end=\"577\">Design: Estetosc\u00f3pio em formato de cora\u00e7\u00e3o<\/p>\n<\/li>\n<li data-start=\"578\" data-end=\"610\">\n<p data-start=\"580\" data-end=\"610\">Acabamento: Liso e brilhante<\/p>\n<\/li>\n<li data-start=\"611\" data-end=\"663\">\n<p data-start=\"613\" data-end=\"663\">Compat\u00edvel com pulseiras de berloques universais<\/p>\n<\/li>\n<li data-start=\"664\" data-end=\"690\">\n<p data-start=\"666\" data-end=\"690\">Produto hipoalerg\u00eanico<\/p>\n<\/li>\n<li data-start=\"691\" data-end=\"719\">\n<p data-start=\"693\" data-end=\"719\">Garantia eterna da prata<\/p>\n<\/li>\n<\/ul>","protected":false},"excerpt":{"rendered":"<p>Berloque Estetosc\u00f3pio Cora\u00e7\u00e3o em Prata 925 Cheio de significado e delicadeza, o Berloque Estetosc\u00f3pio Cora\u00e7\u00e3o \u00e9 confeccionado em prata 925 leg\u00edtima e traz o s\u00edmbolo&#8230;<\/p>","protected":false},"featured_media":5539,"comment_status":"open","ping_status":"closed","template":"","meta":[],"etheme_brands":[],"product_brand":[],"product_cat":[127],"product_tag":[133],"class_list":{"0":"post-5540","1":"product","2":"type-product","3":"status-publish","4":"has-post-thumbnail","6":"product_cat-categoriaberloques","7":"product_tag-uze-pratas","9":"first","10":"outofstock","11":"shipping-taxable","12":"purchasable","13":"product-type-simple"},"_links":{"self":[{"href":"https:\/\/agenciausphot.com\/uze\/en\/wp-json\/wp\/v2\/product\/5540","targetHints":{"allow":["GET"]}}],"collection":[{"href":"https:\/\/agenciausphot.com\/uze\/en\/wp-json\/wp\/v2\/product"}],"about":[{"href":"https:\/\/agenciausphot.com\/uze\/en\/wp-json\/wp\/v2\/types\/product"}],"replies":[{"embeddable":true,"href":"https:\/\/agenciausphot.com\/uze\/en\/wp-json\/wp\/v2\/comments?post=5540"}],"version-history":[{"count":1,"href":"https:\/\/agenciausphot.com\/uze\/en\/wp-json\/wp\/v2\/product\/5540\/revisions"}],"predecessor-version":[{"id":6225,"href":"https:\/\/agenciausphot.com\/uze\/en\/wp-json\/wp\/v2\/product\/5540\/revisions\/6225"}],"wp:featuredmedia":[{"embeddable":true,"href":"https:\/\/agenciausphot.com\/uze\/en\/wp-json\/wp\/v2\/media\/5539"}],"wp:attachment":[{"href":"https:\/\/agenciausphot.com\/uze\/en\/wp-json\/wp\/v2\/media?parent=5540"}],"wp:term":[{"taxonomy":"brand","embeddable":true,"href":"https:\/\/agenciausphot.com\/uze\/en\/wp-json\/wp\/v2\/etheme_brands?post=5540"},{"taxonomy":"product_brand","embeddable":true,"href":"https:\/\/agenciausphot.com\/uze\/en\/wp-json\/wp\/v2\/product_brand?post=5540"},{"taxonomy":"product_cat","embeddable":true,"href":"https:\/\/agenciausphot.com\/uze\/en\/wp-json\/wp\/v2\/product_cat?post=5540"},{"taxonomy":"product_tag","embeddable":true,"href":"https:\/\/agenciausphot.com\/uze\/en\/wp-json\/wp\/v2\/product_tag?post=5540"}],"curies":[{"name":"wp","href":"https:\/\/api.w.org\/{rel}","templated":true}]}}