{"id":5532,"date":"2025-10-29T13:12:44","date_gmt":"2025-10-29T13:12:44","guid":{"rendered":"https:\/\/agenciausphot.com\/uze\/produto\/berloque-taca\/"},"modified":"2025-12-04T18:42:14","modified_gmt":"2025-12-04T18:42:14","slug":"berloque-taca","status":"publish","type":"product","link":"https:\/\/agenciausphot.com\/uze\/en\/product\/berloque-taca\/","title":{"rendered":"Berloque ta\u00e7a"},"content":{"rendered":"<h3 data-start=\"83\" data-end=\"115\">Berloque Ta\u00e7a em Prata 925<\/h3>\n<p data-start=\"116\" data-end=\"395\">Elegante e divertido, o Berloque Ta\u00e7a \u00e9 confeccionado em prata 925 leg\u00edtima e simboliza celebra\u00e7\u00e3o, alegria e momentos especiais.<br data-start=\"245\" data-end=\"248\"><br \/>\nCom acabamento polido e design delicado, \u00e9 uma pe\u00e7a perfeita para quem ama brindar a vida e eternizar boas mem\u00f3rias na sua pulseira de berloques.<\/p>\n<p data-start=\"397\" data-end=\"423\"><strong data-start=\"397\" data-end=\"421\">Detalhes do produto:<\/strong><\/p>\n<ul data-start=\"424\" data-end=\"626\">\n<li data-start=\"424\" data-end=\"456\">\n<p data-start=\"426\" data-end=\"456\">Material: Prata 925 leg\u00edtima<\/p>\n<\/li>\n<li data-start=\"457\" data-end=\"484\">\n<p data-start=\"459\" data-end=\"484\">Design: Ta\u00e7a estilizada<\/p>\n<\/li>\n<li data-start=\"485\" data-end=\"517\">\n<p data-start=\"487\" data-end=\"517\">Acabamento: Liso e brilhante<\/p>\n<\/li>\n<li data-start=\"518\" data-end=\"570\">\n<p data-start=\"520\" data-end=\"570\">Compat\u00edvel com pulseiras de berloques universais<\/p>\n<\/li>\n<li data-start=\"571\" data-end=\"597\">\n<p data-start=\"573\" data-end=\"597\">Produto hipoalerg\u00eanico<\/p>\n<\/li>\n<li data-start=\"598\" data-end=\"626\">\n<p data-start=\"600\" data-end=\"626\">Garantia eterna da prata<\/p>\n<\/li>\n<\/ul>","protected":false},"excerpt":{"rendered":"<p>Berloque Ta\u00e7a em Prata 925 Elegante e divertido, o Berloque Ta\u00e7a \u00e9 confeccionado em prata 925 leg\u00edtima e simboliza celebra\u00e7\u00e3o, alegria e momentos especiais. Com&#8230;<\/p>","protected":false},"featured_media":5531,"comment_status":"open","ping_status":"closed","template":"","meta":[],"etheme_brands":[],"product_brand":[],"product_cat":[127],"product_tag":[133],"class_list":{"0":"post-5532","1":"product","2":"type-product","3":"status-publish","4":"has-post-thumbnail","6":"product_cat-categoriaberloques","7":"product_tag-uze-pratas","9":"first","10":"outofstock","11":"shipping-taxable","12":"purchasable","13":"product-type-simple"},"_links":{"self":[{"href":"https:\/\/agenciausphot.com\/uze\/en\/wp-json\/wp\/v2\/product\/5532","targetHints":{"allow":["GET"]}}],"collection":[{"href":"https:\/\/agenciausphot.com\/uze\/en\/wp-json\/wp\/v2\/product"}],"about":[{"href":"https:\/\/agenciausphot.com\/uze\/en\/wp-json\/wp\/v2\/types\/product"}],"replies":[{"embeddable":true,"href":"https:\/\/agenciausphot.com\/uze\/en\/wp-json\/wp\/v2\/comments?post=5532"}],"version-history":[{"count":1,"href":"https:\/\/agenciausphot.com\/uze\/en\/wp-json\/wp\/v2\/product\/5532\/revisions"}],"predecessor-version":[{"id":6221,"href":"https:\/\/agenciausphot.com\/uze\/en\/wp-json\/wp\/v2\/product\/5532\/revisions\/6221"}],"wp:featuredmedia":[{"embeddable":true,"href":"https:\/\/agenciausphot.com\/uze\/en\/wp-json\/wp\/v2\/media\/5531"}],"wp:attachment":[{"href":"https:\/\/agenciausphot.com\/uze\/en\/wp-json\/wp\/v2\/media?parent=5532"}],"wp:term":[{"taxonomy":"brand","embeddable":true,"href":"https:\/\/agenciausphot.com\/uze\/en\/wp-json\/wp\/v2\/etheme_brands?post=5532"},{"taxonomy":"product_brand","embeddable":true,"href":"https:\/\/agenciausphot.com\/uze\/en\/wp-json\/wp\/v2\/product_brand?post=5532"},{"taxonomy":"product_cat","embeddable":true,"href":"https:\/\/agenciausphot.com\/uze\/en\/wp-json\/wp\/v2\/product_cat?post=5532"},{"taxonomy":"product_tag","embeddable":true,"href":"https:\/\/agenciausphot.com\/uze\/en\/wp-json\/wp\/v2\/product_tag?post=5532"}],"curies":[{"name":"wp","href":"https:\/\/api.w.org\/{rel}","templated":true}]}}