{"id":5530,"date":"2025-10-29T13:12:42","date_gmt":"2025-10-29T13:12:42","guid":{"rendered":"https:\/\/agenciausphot.com\/uze\/produto\/berloque-paris\/"},"modified":"2025-11-04T20:39:04","modified_gmt":"2025-11-04T20:39:04","slug":"berloque-paris","status":"publish","type":"product","link":"https:\/\/agenciausphot.com\/uze\/en\/product\/berloque-paris\/","title":{"rendered":"Berloque paris"},"content":{"rendered":"<h3 data-start=\"84\" data-end=\"117\">Berloque Paris em Prata 925<\/h3>\n<p data-start=\"118\" data-end=\"400\">Charmoso e cheio de significado, o Berloque Paris \u00e9 confeccionado em prata 925 leg\u00edtima e representa o destino dos sonhos de muitos: a cidade luz.<br data-start=\"264\" data-end=\"267\"><br \/>\nCom design delicado e acabamento polido, \u00e9 uma pe\u00e7a perfeita para quem ama viajar, sonhar e colecionar lembran\u00e7as em forma de joia.<\/p>\n<p data-start=\"402\" data-end=\"428\"><strong data-start=\"402\" data-end=\"426\">Detalhes do produto:<\/strong><\/p>\n<ul data-start=\"429\" data-end=\"644\">\n<li data-start=\"429\" data-end=\"461\">\n<p data-start=\"431\" data-end=\"461\">Material: Prata 925 leg\u00edtima<\/p>\n<\/li>\n<li data-start=\"462\" data-end=\"502\">\n<p data-start=\"464\" data-end=\"502\">Design: Inspirado na cidade de Paris<\/p>\n<\/li>\n<li data-start=\"503\" data-end=\"535\">\n<p data-start=\"505\" data-end=\"535\">Acabamento: Liso e brilhante<\/p>\n<\/li>\n<li data-start=\"536\" data-end=\"588\">\n<p data-start=\"538\" data-end=\"588\">Compat\u00edvel com pulseiras de berloques universais<\/p>\n<\/li>\n<li data-start=\"589\" data-end=\"615\">\n<p data-start=\"591\" data-end=\"615\">Produto hipoalerg\u00eanico<\/p>\n<\/li>\n<li data-start=\"616\" data-end=\"644\">\n<p data-start=\"618\" data-end=\"644\">Garantia eterna da prata<\/p>\n<\/li>\n<\/ul>","protected":false},"excerpt":{"rendered":"<p>Berloque Paris em Prata 925 Charmoso e cheio de significado, o Berloque Paris \u00e9 confeccionado em prata 925 leg\u00edtima e representa o destino dos sonhos&#8230;<\/p>","protected":false},"featured_media":5529,"comment_status":"open","ping_status":"closed","template":"","meta":[],"etheme_brands":[],"product_brand":[],"product_cat":[127],"product_tag":[133],"class_list":{"0":"post-5530","1":"product","2":"type-product","3":"status-publish","4":"has-post-thumbnail","6":"product_cat-categoriaberloques","7":"product_tag-uze-pratas","9":"first","10":"instock","11":"shipping-taxable","12":"purchasable","13":"product-type-simple"},"_links":{"self":[{"href":"https:\/\/agenciausphot.com\/uze\/en\/wp-json\/wp\/v2\/product\/5530","targetHints":{"allow":["GET"]}}],"collection":[{"href":"https:\/\/agenciausphot.com\/uze\/en\/wp-json\/wp\/v2\/product"}],"about":[{"href":"https:\/\/agenciausphot.com\/uze\/en\/wp-json\/wp\/v2\/types\/product"}],"replies":[{"embeddable":true,"href":"https:\/\/agenciausphot.com\/uze\/en\/wp-json\/wp\/v2\/comments?post=5530"}],"version-history":[{"count":1,"href":"https:\/\/agenciausphot.com\/uze\/en\/wp-json\/wp\/v2\/product\/5530\/revisions"}],"predecessor-version":[{"id":6220,"href":"https:\/\/agenciausphot.com\/uze\/en\/wp-json\/wp\/v2\/product\/5530\/revisions\/6220"}],"wp:featuredmedia":[{"embeddable":true,"href":"https:\/\/agenciausphot.com\/uze\/en\/wp-json\/wp\/v2\/media\/5529"}],"wp:attachment":[{"href":"https:\/\/agenciausphot.com\/uze\/en\/wp-json\/wp\/v2\/media?parent=5530"}],"wp:term":[{"taxonomy":"brand","embeddable":true,"href":"https:\/\/agenciausphot.com\/uze\/en\/wp-json\/wp\/v2\/etheme_brands?post=5530"},{"taxonomy":"product_brand","embeddable":true,"href":"https:\/\/agenciausphot.com\/uze\/en\/wp-json\/wp\/v2\/product_brand?post=5530"},{"taxonomy":"product_cat","embeddable":true,"href":"https:\/\/agenciausphot.com\/uze\/en\/wp-json\/wp\/v2\/product_cat?post=5530"},{"taxonomy":"product_tag","embeddable":true,"href":"https:\/\/agenciausphot.com\/uze\/en\/wp-json\/wp\/v2\/product_tag?post=5530"}],"curies":[{"name":"wp","href":"https:\/\/api.w.org\/{rel}","templated":true}]}}