{"id":5517,"date":"2025-10-29T13:12:33","date_gmt":"2025-10-29T13:12:33","guid":{"rendered":"https:\/\/agenciausphot.com\/uze\/produto\/trava-de-seguranca-com-corrente-renda\/"},"modified":"2025-11-04T20:39:00","modified_gmt":"2025-11-04T20:39:00","slug":"trava-de-seguranca-com-corrente-renda","status":"publish","type":"product","link":"https:\/\/agenciausphot.com\/uze\/en\/product\/trava-de-seguranca-com-corrente-renda\/","title":{"rendered":"Trava de seguran\u00e7a com corrente renda"},"content":{"rendered":"<h3 data-start=\"107\" data-end=\"163\">Trava de Seguran\u00e7a com Corrente Renda em Prata 925<\/h3>\n<p data-start=\"164\" data-end=\"479\">Elegante e funcional, a Trava de Seguran\u00e7a com Corrente Renda \u00e9 confeccionada em prata 925 leg\u00edtima e oferece prote\u00e7\u00e3o e charme para sua pulseira de berloques.<br data-start=\"323\" data-end=\"326\"><br \/>\nO design conta com uma delicada corrente em estilo renda, que une as duas pontas da pulseira, garantindo seguran\u00e7a extra sem abrir m\u00e3o da sofistica\u00e7\u00e3o.<\/p>\n<p data-start=\"481\" data-end=\"507\"><strong data-start=\"481\" data-end=\"505\">Detalhes do produto:<\/strong><\/p>\n<ul data-start=\"508\" data-end=\"783\">\n<li data-start=\"508\" data-end=\"540\">\n<p data-start=\"510\" data-end=\"540\">Material: Prata 925 leg\u00edtima<\/p>\n<\/li>\n<li data-start=\"541\" data-end=\"577\">\n<p data-start=\"543\" data-end=\"577\">Design: Corrente em estilo renda<\/p>\n<\/li>\n<li data-start=\"578\" data-end=\"641\">\n<p data-start=\"580\" data-end=\"641\">Fun\u00e7\u00e3o: Protege os berloques e evita que a pulseira se abra<\/p>\n<\/li>\n<li data-start=\"642\" data-end=\"674\">\n<p data-start=\"644\" data-end=\"674\">Acabamento: Liso e brilhante<\/p>\n<\/li>\n<li data-start=\"675\" data-end=\"727\">\n<p data-start=\"677\" data-end=\"727\">Compat\u00edvel com pulseiras de berloques universais<\/p>\n<\/li>\n<li data-start=\"728\" data-end=\"754\">\n<p data-start=\"730\" data-end=\"754\">Produto hipoalerg\u00eanico<\/p>\n<\/li>\n<li data-start=\"755\" data-end=\"783\">\n<p data-start=\"757\" data-end=\"783\">Garantia eterna da prata<\/p>\n<\/li>\n<\/ul>","protected":false},"excerpt":{"rendered":"<p>Trava de Seguran\u00e7a com Corrente Renda em Prata 925 Elegante e funcional, a Trava de Seguran\u00e7a com Corrente Renda \u00e9 confeccionada em prata 925 leg\u00edtima&#8230;<\/p>","protected":false},"featured_media":5516,"comment_status":"open","ping_status":"closed","template":"","meta":[],"etheme_brands":[],"product_brand":[],"product_cat":[127],"product_tag":[133],"class_list":{"0":"post-5517","1":"product","2":"type-product","3":"status-publish","4":"has-post-thumbnail","6":"product_cat-categoriaberloques","7":"product_tag-uze-pratas","9":"first","10":"outofstock","11":"shipping-taxable","12":"purchasable","13":"product-type-simple"},"_links":{"self":[{"href":"https:\/\/agenciausphot.com\/uze\/en\/wp-json\/wp\/v2\/product\/5517","targetHints":{"allow":["GET"]}}],"collection":[{"href":"https:\/\/agenciausphot.com\/uze\/en\/wp-json\/wp\/v2\/product"}],"about":[{"href":"https:\/\/agenciausphot.com\/uze\/en\/wp-json\/wp\/v2\/types\/product"}],"replies":[{"embeddable":true,"href":"https:\/\/agenciausphot.com\/uze\/en\/wp-json\/wp\/v2\/comments?post=5517"}],"version-history":[{"count":1,"href":"https:\/\/agenciausphot.com\/uze\/en\/wp-json\/wp\/v2\/product\/5517\/revisions"}],"predecessor-version":[{"id":6214,"href":"https:\/\/agenciausphot.com\/uze\/en\/wp-json\/wp\/v2\/product\/5517\/revisions\/6214"}],"wp:featuredmedia":[{"embeddable":true,"href":"https:\/\/agenciausphot.com\/uze\/en\/wp-json\/wp\/v2\/media\/5516"}],"wp:attachment":[{"href":"https:\/\/agenciausphot.com\/uze\/en\/wp-json\/wp\/v2\/media?parent=5517"}],"wp:term":[{"taxonomy":"brand","embeddable":true,"href":"https:\/\/agenciausphot.com\/uze\/en\/wp-json\/wp\/v2\/etheme_brands?post=5517"},{"taxonomy":"product_brand","embeddable":true,"href":"https:\/\/agenciausphot.com\/uze\/en\/wp-json\/wp\/v2\/product_brand?post=5517"},{"taxonomy":"product_cat","embeddable":true,"href":"https:\/\/agenciausphot.com\/uze\/en\/wp-json\/wp\/v2\/product_cat?post=5517"},{"taxonomy":"product_tag","embeddable":true,"href":"https:\/\/agenciausphot.com\/uze\/en\/wp-json\/wp\/v2\/product_tag?post=5517"}],"curies":[{"name":"wp","href":"https:\/\/api.w.org\/{rel}","templated":true}]}}