{"id":5506,"date":"2025-10-29T13:12:25","date_gmt":"2025-10-29T13:12:25","guid":{"rendered":"https:\/\/agenciausphot.com\/uze\/produto\/bracelete-em-prata-infinito\/"},"modified":"2025-11-04T20:38:56","modified_gmt":"2025-11-04T20:38:56","slug":"bracelete-em-prata-infinito","status":"publish","type":"product","link":"https:\/\/agenciausphot.com\/uze\/en\/product\/bracelete-em-prata-infinito\/","title":{"rendered":"Bracelete em prata infinito"},"content":{"rendered":"<h3 data-start=\"88\" data-end=\"125\">Bracelete Infinito em Prata 925<\/h3>\n<p data-start=\"126\" data-end=\"482\">Elegante e cheio de significado, o Bracelete Infinito \u00e9 confeccionado em prata 925 leg\u00edtima e traz o s\u00edmbolo do infinito em destaque, representando amor eterno, uni\u00e3o e conex\u00e3o sem fim.<br data-start=\"311\" data-end=\"314\"><br \/>\nCom design moderno e acabamento polido, \u00e9 uma pe\u00e7a vers\u00e1til que pode ser usada sozinha ou combinada com outras pulseiras, garantindo sofistica\u00e7\u00e3o em qualquer ocasi\u00e3o.<\/p>\n<p data-start=\"484\" data-end=\"510\"><strong data-start=\"484\" data-end=\"508\">Detalhes do produto:<\/strong><\/p>\n<ul data-start=\"511\" data-end=\"714\">\n<li data-start=\"511\" data-end=\"543\">\n<p data-start=\"513\" data-end=\"543\">Material: Prata 925 leg\u00edtima<\/p>\n<\/li>\n<li data-start=\"544\" data-end=\"597\">\n<p data-start=\"546\" data-end=\"597\">Design: Bracelete com detalhe do s\u00edmbolo infinito<\/p>\n<\/li>\n<li data-start=\"598\" data-end=\"630\">\n<p data-start=\"600\" data-end=\"630\">Acabamento: Liso e brilhante<\/p>\n<\/li>\n<li data-start=\"631\" data-end=\"658\">\n<p data-start=\"633\" data-end=\"658\">Ajust\u00e1vel e confort\u00e1vel<\/p>\n<\/li>\n<li data-start=\"659\" data-end=\"685\">\n<p data-start=\"661\" data-end=\"685\">Produto hipoalerg\u00eanico<\/p>\n<\/li>\n<li data-start=\"686\" data-end=\"714\">\n<p data-start=\"688\" data-end=\"714\">Garantia eterna da prata<\/p>\n<\/li>\n<\/ul>","protected":false},"excerpt":{"rendered":"<p>Bracelete Infinito em Prata 925 Elegante e cheio de significado, o Bracelete Infinito \u00e9 confeccionado em prata 925 leg\u00edtima e traz o s\u00edmbolo do infinito&#8230;<\/p>","protected":false},"featured_media":5505,"comment_status":"open","ping_status":"closed","template":"","meta":[],"etheme_brands":[],"product_brand":[],"product_cat":[101,91],"product_tag":[133],"class_list":{"0":"post-5506","1":"product","2":"type-product","3":"status-publish","4":"has-post-thumbnail","6":"product_cat-categoriabraceletesbracelete-feminino","7":"product_cat-categoriabraceletes","8":"product_tag-uze-pratas","10":"first","11":"instock","12":"shipping-taxable","13":"purchasable","14":"product-type-simple"},"_links":{"self":[{"href":"https:\/\/agenciausphot.com\/uze\/en\/wp-json\/wp\/v2\/product\/5506","targetHints":{"allow":["GET"]}}],"collection":[{"href":"https:\/\/agenciausphot.com\/uze\/en\/wp-json\/wp\/v2\/product"}],"about":[{"href":"https:\/\/agenciausphot.com\/uze\/en\/wp-json\/wp\/v2\/types\/product"}],"replies":[{"embeddable":true,"href":"https:\/\/agenciausphot.com\/uze\/en\/wp-json\/wp\/v2\/comments?post=5506"}],"version-history":[{"count":1,"href":"https:\/\/agenciausphot.com\/uze\/en\/wp-json\/wp\/v2\/product\/5506\/revisions"}],"predecessor-version":[{"id":6209,"href":"https:\/\/agenciausphot.com\/uze\/en\/wp-json\/wp\/v2\/product\/5506\/revisions\/6209"}],"wp:featuredmedia":[{"embeddable":true,"href":"https:\/\/agenciausphot.com\/uze\/en\/wp-json\/wp\/v2\/media\/5505"}],"wp:attachment":[{"href":"https:\/\/agenciausphot.com\/uze\/en\/wp-json\/wp\/v2\/media?parent=5506"}],"wp:term":[{"taxonomy":"brand","embeddable":true,"href":"https:\/\/agenciausphot.com\/uze\/en\/wp-json\/wp\/v2\/etheme_brands?post=5506"},{"taxonomy":"product_brand","embeddable":true,"href":"https:\/\/agenciausphot.com\/uze\/en\/wp-json\/wp\/v2\/product_brand?post=5506"},{"taxonomy":"product_cat","embeddable":true,"href":"https:\/\/agenciausphot.com\/uze\/en\/wp-json\/wp\/v2\/product_cat?post=5506"},{"taxonomy":"product_tag","embeddable":true,"href":"https:\/\/agenciausphot.com\/uze\/en\/wp-json\/wp\/v2\/product_tag?post=5506"}],"curies":[{"name":"wp","href":"https:\/\/api.w.org\/{rel}","templated":true}]}}