{"id":5498,"date":"2025-10-29T13:12:20","date_gmt":"2025-10-29T13:12:20","guid":{"rendered":"https:\/\/agenciausphot.com\/uze\/produto\/colar-coracao-perola\/"},"modified":"2025-11-18T14:06:41","modified_gmt":"2025-11-18T14:06:41","slug":"colar-coracao-perola","status":"publish","type":"product","link":"https:\/\/agenciausphot.com\/uze\/en\/product\/colar-coracao-perola\/","title":{"rendered":"Colar cora\u00e7\u00e3o perola"},"content":{"rendered":"<h3 data-start=\"94\" data-end=\"137\">Colar Cora\u00e7\u00e3o com P\u00e9rola em Prata 925<\/h3>\n<p data-start=\"138\" data-end=\"449\">Delicado e rom\u00e2ntico, o Colar Cora\u00e7\u00e3o com P\u00e9rola \u00e9 confeccionado em prata 925 leg\u00edtima e traz um design encantador que une o s\u00edmbolo do amor \u00e0 sofistica\u00e7\u00e3o da p\u00e9rola.<br data-start=\"304\" data-end=\"307\"><br \/>\nCom acabamento polido e brilhante, \u00e9 uma pe\u00e7a vers\u00e1til e elegante, perfeita para ocasi\u00f5es especiais ou para iluminar o dia a dia com charme.<\/p>\n<p data-start=\"451\" data-end=\"477\"><strong data-start=\"451\" data-end=\"475\">Detalhes do produto:<\/strong><\/p>\n<ul data-start=\"478\" data-end=\"722\">\n<li data-start=\"478\" data-end=\"510\">\n<p data-start=\"480\" data-end=\"510\">Material: Prata 925 leg\u00edtima<\/p>\n<\/li>\n<li data-start=\"511\" data-end=\"552\">\n<p data-start=\"513\" data-end=\"552\">Design: Cora\u00e7\u00e3o com detalhe de p\u00e9rola<\/p>\n<\/li>\n<li data-start=\"553\" data-end=\"598\">\n<p data-start=\"555\" data-end=\"598\">Pedra: P\u00e9rola sint\u00e9tica de alta qualidade<\/p>\n<\/li>\n<li data-start=\"599\" data-end=\"631\">\n<p data-start=\"601\" data-end=\"631\">Acabamento: Liso e brilhante<\/p>\n<\/li>\n<li data-start=\"632\" data-end=\"666\">\n<p data-start=\"634\" data-end=\"666\">Corrente delicada em prata 925<\/p>\n<\/li>\n<li data-start=\"667\" data-end=\"693\">\n<p data-start=\"669\" data-end=\"693\">Produto hipoalerg\u00eanico<\/p>\n<\/li>\n<li data-start=\"694\" data-end=\"722\">\n<p data-start=\"696\" data-end=\"722\">Garantia eterna da prata<\/p>\n<\/li>\n<\/ul>\n<p data-start=\"724\" data-end=\"842\">Uma joia cl\u00e1ssica e sofisticada, ideal para presentear algu\u00e9m especial ou compor combina\u00e7\u00f5es rom\u00e2nticas e elegantes.<\/p>","protected":false},"excerpt":{"rendered":"<p>Colar Cora\u00e7\u00e3o com P\u00e9rola em Prata 925 Delicado e rom\u00e2ntico, o Colar Cora\u00e7\u00e3o com P\u00e9rola \u00e9 confeccionado em prata 925 leg\u00edtima e traz um design&#8230;<\/p>","protected":false},"featured_media":5497,"comment_status":"open","ping_status":"closed","template":"","meta":[],"etheme_brands":[],"product_brand":[],"product_cat":[106,93],"product_tag":[133],"class_list":{"0":"post-5498","1":"product","2":"type-product","3":"status-publish","4":"has-post-thumbnail","6":"product_cat-categoriacolarescolar-feminino","7":"product_cat-categoriacolares","8":"product_tag-uze-pratas","10":"first","11":"outofstock","12":"shipping-taxable","13":"purchasable","14":"product-type-simple"},"_links":{"self":[{"href":"https:\/\/agenciausphot.com\/uze\/en\/wp-json\/wp\/v2\/product\/5498","targetHints":{"allow":["GET"]}}],"collection":[{"href":"https:\/\/agenciausphot.com\/uze\/en\/wp-json\/wp\/v2\/product"}],"about":[{"href":"https:\/\/agenciausphot.com\/uze\/en\/wp-json\/wp\/v2\/types\/product"}],"replies":[{"embeddable":true,"href":"https:\/\/agenciausphot.com\/uze\/en\/wp-json\/wp\/v2\/comments?post=5498"}],"version-history":[{"count":1,"href":"https:\/\/agenciausphot.com\/uze\/en\/wp-json\/wp\/v2\/product\/5498\/revisions"}],"predecessor-version":[{"id":6205,"href":"https:\/\/agenciausphot.com\/uze\/en\/wp-json\/wp\/v2\/product\/5498\/revisions\/6205"}],"wp:featuredmedia":[{"embeddable":true,"href":"https:\/\/agenciausphot.com\/uze\/en\/wp-json\/wp\/v2\/media\/5497"}],"wp:attachment":[{"href":"https:\/\/agenciausphot.com\/uze\/en\/wp-json\/wp\/v2\/media?parent=5498"}],"wp:term":[{"taxonomy":"brand","embeddable":true,"href":"https:\/\/agenciausphot.com\/uze\/en\/wp-json\/wp\/v2\/etheme_brands?post=5498"},{"taxonomy":"product_brand","embeddable":true,"href":"https:\/\/agenciausphot.com\/uze\/en\/wp-json\/wp\/v2\/product_brand?post=5498"},{"taxonomy":"product_cat","embeddable":true,"href":"https:\/\/agenciausphot.com\/uze\/en\/wp-json\/wp\/v2\/product_cat?post=5498"},{"taxonomy":"product_tag","embeddable":true,"href":"https:\/\/agenciausphot.com\/uze\/en\/wp-json\/wp\/v2\/product_tag?post=5498"}],"curies":[{"name":"wp","href":"https:\/\/api.w.org\/{rel}","templated":true}]}}