{"id":5494,"date":"2025-10-29T13:12:17","date_gmt":"2025-10-29T13:12:17","guid":{"rendered":"https:\/\/agenciausphot.com\/uze\/produto\/corrente-prata-50cm\/"},"modified":"2025-11-04T20:41:41","modified_gmt":"2025-11-04T20:41:41","slug":"corrente-prata-50cm","status":"publish","type":"product","link":"https:\/\/agenciausphot.com\/uze\/en\/product\/corrente-prata-50cm\/","title":{"rendered":"Corrente prata 50cm"},"content":{"rendered":"<h3 data-start=\"85\" data-end=\"119\">Corrente de Prata 925 \u2013 50cm<\/h3>\n<p data-start=\"120\" data-end=\"399\">Cl\u00e1ssica e vers\u00e1til, a Corrente de Prata \u00e9 confeccionada em prata 925 leg\u00edtima e possui acabamento polido que garante brilho e sofistica\u00e7\u00e3o.<br data-start=\"260\" data-end=\"263\"><br \/>\nCom 50cm de comprimento, \u00e9 ideal para quem busca uma pe\u00e7a discreta e elegante, perfeita para usar sozinha ou acompanhada de pingentes.<\/p>\n<p data-start=\"401\" data-end=\"427\"><strong data-start=\"401\" data-end=\"425\">Detalhes do produto:<\/strong><\/p>\n<ul data-start=\"428\" data-end=\"612\">\n<li data-start=\"428\" data-end=\"460\">\n<p data-start=\"430\" data-end=\"460\">Material: Prata 925 leg\u00edtima<\/p>\n<\/li>\n<li data-start=\"461\" data-end=\"482\">\n<p data-start=\"463\" data-end=\"482\">Comprimento: 50cm<\/p>\n<\/li>\n<li data-start=\"483\" data-end=\"523\">\n<p data-start=\"485\" data-end=\"523\">Design: Elos delicados e resistentes<\/p>\n<\/li>\n<li data-start=\"524\" data-end=\"556\">\n<p data-start=\"526\" data-end=\"556\">Acabamento: Liso e brilhante<\/p>\n<\/li>\n<li data-start=\"557\" data-end=\"583\">\n<p data-start=\"559\" data-end=\"583\">Produto hipoalerg\u00eanico<\/p>\n<\/li>\n<li data-start=\"584\" data-end=\"612\">\n<p data-start=\"586\" data-end=\"612\">Garantia eterna da prata<\/p>\n<\/li>\n<\/ul>","protected":false},"excerpt":{"rendered":"<p>Corrente de Prata 925 \u2013 50cm Cl\u00e1ssica e vers\u00e1til, a Corrente de Prata \u00e9 confeccionada em prata 925 leg\u00edtima e possui acabamento polido que garante&#8230;<\/p>","protected":false},"featured_media":5493,"comment_status":"open","ping_status":"closed","template":"","meta":[],"etheme_brands":[],"product_brand":[],"product_cat":[106,93],"product_tag":[133],"class_list":{"0":"post-5494","1":"product","2":"type-product","3":"status-publish","4":"has-post-thumbnail","6":"product_cat-categoriacolarescolar-feminino","7":"product_cat-categoriacolares","8":"product_tag-uze-pratas","10":"first","11":"outofstock","12":"shipping-taxable","13":"product-type-variable"},"_links":{"self":[{"href":"https:\/\/agenciausphot.com\/uze\/en\/wp-json\/wp\/v2\/product\/5494","targetHints":{"allow":["GET"]}}],"collection":[{"href":"https:\/\/agenciausphot.com\/uze\/en\/wp-json\/wp\/v2\/product"}],"about":[{"href":"https:\/\/agenciausphot.com\/uze\/en\/wp-json\/wp\/v2\/types\/product"}],"replies":[{"embeddable":true,"href":"https:\/\/agenciausphot.com\/uze\/en\/wp-json\/wp\/v2\/comments?post=5494"}],"version-history":[{"count":1,"href":"https:\/\/agenciausphot.com\/uze\/en\/wp-json\/wp\/v2\/product\/5494\/revisions"}],"predecessor-version":[{"id":6203,"href":"https:\/\/agenciausphot.com\/uze\/en\/wp-json\/wp\/v2\/product\/5494\/revisions\/6203"}],"wp:featuredmedia":[{"embeddable":true,"href":"https:\/\/agenciausphot.com\/uze\/en\/wp-json\/wp\/v2\/media\/5493"}],"wp:attachment":[{"href":"https:\/\/agenciausphot.com\/uze\/en\/wp-json\/wp\/v2\/media?parent=5494"}],"wp:term":[{"taxonomy":"brand","embeddable":true,"href":"https:\/\/agenciausphot.com\/uze\/en\/wp-json\/wp\/v2\/etheme_brands?post=5494"},{"taxonomy":"product_brand","embeddable":true,"href":"https:\/\/agenciausphot.com\/uze\/en\/wp-json\/wp\/v2\/product_brand?post=5494"},{"taxonomy":"product_cat","embeddable":true,"href":"https:\/\/agenciausphot.com\/uze\/en\/wp-json\/wp\/v2\/product_cat?post=5494"},{"taxonomy":"product_tag","embeddable":true,"href":"https:\/\/agenciausphot.com\/uze\/en\/wp-json\/wp\/v2\/product_tag?post=5494"}],"curies":[{"name":"wp","href":"https:\/\/api.w.org\/{rel}","templated":true}]}}