{"id":5490,"date":"2025-10-29T13:12:14","date_gmt":"2025-10-29T13:12:14","guid":{"rendered":"https:\/\/agenciausphot.com\/uze\/produto\/anel-infantil-coracoes\/"},"modified":"2025-12-15T13:21:07","modified_gmt":"2025-12-15T13:21:07","slug":"anel-infantil-coracoes","status":"publish","type":"product","link":"https:\/\/agenciausphot.com\/uze\/en\/product\/anel-infantil-coracoes\/","title":{"rendered":"Anel infantil cora\u00e7\u00f5es"},"content":{"rendered":"<h3 data-start=\"92\" data-end=\"133\">Anel Infantil Cora\u00e7\u00f5es em Prata 925<\/h3>\n<p data-start=\"134\" data-end=\"444\">Delicado e encantador, o Anel Infantil Cora\u00e7\u00f5es \u00e9 confeccionado em prata 925 leg\u00edtima e traz um design l\u00fadico com pequenos cora\u00e7\u00f5es que simbolizam carinho e afeto.<br data-start=\"297\" data-end=\"300\"><br \/>\nCom acabamento polido e brilhante, \u00e9 uma joia leve, segura e hipoalerg\u00eanica, ideal para as crian\u00e7as usarem no dia a dia com conforto e estilo.<\/p>\n<p data-start=\"446\" data-end=\"472\"><strong data-start=\"446\" data-end=\"470\">Detalhes do produto:<\/strong><\/p>\n<ul data-start=\"473\" data-end=\"636\">\n<li data-start=\"473\" data-end=\"505\">\n<p data-start=\"475\" data-end=\"505\">Material: Prata 925 leg\u00edtima<\/p>\n<\/li>\n<li data-start=\"506\" data-end=\"547\">\n<p data-start=\"508\" data-end=\"547\">Design: Fileira de cora\u00e7\u00f5es delicados<\/p>\n<\/li>\n<li data-start=\"548\" data-end=\"580\">\n<p data-start=\"550\" data-end=\"580\">Acabamento: Liso e brilhante<\/p>\n<\/li>\n<li data-start=\"581\" data-end=\"607\">\n<p data-start=\"583\" data-end=\"607\">Produto hipoalerg\u00eanico<\/p>\n<\/li>\n<li data-start=\"608\" data-end=\"636\">\n<p data-start=\"610\" data-end=\"636\">Garantia eterna da prata<\/p>\n<\/li>\n<\/ul>","protected":false},"excerpt":{"rendered":"<p>Anel Infantil Cora\u00e7\u00f5es em Prata 925 Delicado e encantador, o Anel Infantil Cora\u00e7\u00f5es \u00e9 confeccionado em prata 925 leg\u00edtima e traz um design l\u00fadico com&#8230;<\/p>","protected":false},"featured_media":5489,"comment_status":"open","ping_status":"closed","template":"","meta":[],"etheme_brands":[],"product_brand":[],"product_cat":[92,105],"product_tag":[133],"class_list":{"0":"post-5490","1":"product","2":"type-product","3":"status-publish","4":"has-post-thumbnail","6":"product_cat-categoriaanis","7":"product_cat-categoriaanisanel-infantil","8":"product_tag-uze-pratas","10":"first","11":"instock","12":"shipping-taxable","13":"purchasable","14":"product-type-simple"},"_links":{"self":[{"href":"https:\/\/agenciausphot.com\/uze\/en\/wp-json\/wp\/v2\/product\/5490","targetHints":{"allow":["GET"]}}],"collection":[{"href":"https:\/\/agenciausphot.com\/uze\/en\/wp-json\/wp\/v2\/product"}],"about":[{"href":"https:\/\/agenciausphot.com\/uze\/en\/wp-json\/wp\/v2\/types\/product"}],"replies":[{"embeddable":true,"href":"https:\/\/agenciausphot.com\/uze\/en\/wp-json\/wp\/v2\/comments?post=5490"}],"version-history":[{"count":1,"href":"https:\/\/agenciausphot.com\/uze\/en\/wp-json\/wp\/v2\/product\/5490\/revisions"}],"predecessor-version":[{"id":6201,"href":"https:\/\/agenciausphot.com\/uze\/en\/wp-json\/wp\/v2\/product\/5490\/revisions\/6201"}],"wp:featuredmedia":[{"embeddable":true,"href":"https:\/\/agenciausphot.com\/uze\/en\/wp-json\/wp\/v2\/media\/5489"}],"wp:attachment":[{"href":"https:\/\/agenciausphot.com\/uze\/en\/wp-json\/wp\/v2\/media?parent=5490"}],"wp:term":[{"taxonomy":"brand","embeddable":true,"href":"https:\/\/agenciausphot.com\/uze\/en\/wp-json\/wp\/v2\/etheme_brands?post=5490"},{"taxonomy":"product_brand","embeddable":true,"href":"https:\/\/agenciausphot.com\/uze\/en\/wp-json\/wp\/v2\/product_brand?post=5490"},{"taxonomy":"product_cat","embeddable":true,"href":"https:\/\/agenciausphot.com\/uze\/en\/wp-json\/wp\/v2\/product_cat?post=5490"},{"taxonomy":"product_tag","embeddable":true,"href":"https:\/\/agenciausphot.com\/uze\/en\/wp-json\/wp\/v2\/product_tag?post=5490"}],"curies":[{"name":"wp","href":"https:\/\/api.w.org\/{rel}","templated":true}]}}