{"id":5480,"date":"2025-10-29T13:12:07","date_gmt":"2025-10-29T13:12:07","guid":{"rendered":"https:\/\/agenciausphot.com\/uze\/produto\/anel-solitario-zirconia-2\/"},"modified":"2025-12-22T16:27:25","modified_gmt":"2025-12-22T16:27:25","slug":"anel-solitario-zirconia-2","status":"publish","type":"product","link":"https:\/\/agenciausphot.com\/uze\/en\/product\/anel-solitario-zirconia-2\/","title":{"rendered":"Anel solit\u00e1rio zirc\u00f4nia."},"content":{"rendered":"<h3 data-start=\"93\" data-end=\"135\">Anel Solit\u00e1rio Zirc\u00f4nia em Prata 925<\/h3>\n<p data-start=\"136\" data-end=\"434\">Cl\u00e1ssico e sofisticado, o Anel Solit\u00e1rio \u00e9 confeccionado em prata 925 leg\u00edtima e possui uma zirc\u00f4nia central em destaque, que transmite brilho e eleg\u00e2ncia em qualquer ocasi\u00e3o.<br data-start=\"311\" data-end=\"314\"><br \/>\nCom design minimalista e atemporal, \u00e9 a escolha perfeita para quem busca delicadeza e versatilidade em uma joia \u00fanica.<\/p>\n<p data-start=\"436\" data-end=\"462\"><strong data-start=\"436\" data-end=\"460\">Detalhes do produto:<\/strong><\/p>\n<ul data-start=\"463\" data-end=\"624\">\n<li data-start=\"463\" data-end=\"495\">\n<p data-start=\"465\" data-end=\"495\">Material: Prata 925 leg\u00edtima<\/p>\n<\/li>\n<li data-start=\"496\" data-end=\"533\">\n<p data-start=\"498\" data-end=\"533\">Pedra: Zirc\u00f4nia de alta qualidade<\/p>\n<\/li>\n<li data-start=\"534\" data-end=\"568\">\n<p data-start=\"536\" data-end=\"568\">Acabamento: Polido e brilhante<\/p>\n<\/li>\n<li data-start=\"569\" data-end=\"595\">\n<p data-start=\"571\" data-end=\"595\">Produto hipoalerg\u00eanico<\/p>\n<\/li>\n<li data-start=\"596\" data-end=\"624\">\n<p data-start=\"598\" data-end=\"624\">Garantia eterna da prata<\/p>\n<\/li>\n<\/ul>","protected":false},"excerpt":{"rendered":"<p>Anel Solit\u00e1rio Zirc\u00f4nia em Prata 925 Cl\u00e1ssico e sofisticado, o Anel Solit\u00e1rio \u00e9 confeccionado em prata 925 leg\u00edtima e possui uma zirc\u00f4nia central em destaque,&#8230;<\/p>","protected":false},"featured_media":5479,"comment_status":"open","ping_status":"closed","template":"","meta":[],"etheme_brands":[],"product_brand":[],"product_cat":[103,92],"product_tag":[132],"class_list":{"0":"post-5480","1":"product","2":"type-product","3":"status-publish","4":"has-post-thumbnail","6":"product_cat-categoriaanisanel-feminino","7":"product_cat-categoriaanis","8":"product_tag-monzi","10":"first","11":"instock","12":"shipping-taxable","13":"purchasable","14":"product-type-variable"},"_links":{"self":[{"href":"https:\/\/agenciausphot.com\/uze\/en\/wp-json\/wp\/v2\/product\/5480","targetHints":{"allow":["GET"]}}],"collection":[{"href":"https:\/\/agenciausphot.com\/uze\/en\/wp-json\/wp\/v2\/product"}],"about":[{"href":"https:\/\/agenciausphot.com\/uze\/en\/wp-json\/wp\/v2\/types\/product"}],"replies":[{"embeddable":true,"href":"https:\/\/agenciausphot.com\/uze\/en\/wp-json\/wp\/v2\/comments?post=5480"}],"version-history":[{"count":1,"href":"https:\/\/agenciausphot.com\/uze\/en\/wp-json\/wp\/v2\/product\/5480\/revisions"}],"predecessor-version":[{"id":6196,"href":"https:\/\/agenciausphot.com\/uze\/en\/wp-json\/wp\/v2\/product\/5480\/revisions\/6196"}],"wp:featuredmedia":[{"embeddable":true,"href":"https:\/\/agenciausphot.com\/uze\/en\/wp-json\/wp\/v2\/media\/5479"}],"wp:attachment":[{"href":"https:\/\/agenciausphot.com\/uze\/en\/wp-json\/wp\/v2\/media?parent=5480"}],"wp:term":[{"taxonomy":"brand","embeddable":true,"href":"https:\/\/agenciausphot.com\/uze\/en\/wp-json\/wp\/v2\/etheme_brands?post=5480"},{"taxonomy":"product_brand","embeddable":true,"href":"https:\/\/agenciausphot.com\/uze\/en\/wp-json\/wp\/v2\/product_brand?post=5480"},{"taxonomy":"product_cat","embeddable":true,"href":"https:\/\/agenciausphot.com\/uze\/en\/wp-json\/wp\/v2\/product_cat?post=5480"},{"taxonomy":"product_tag","embeddable":true,"href":"https:\/\/agenciausphot.com\/uze\/en\/wp-json\/wp\/v2\/product_tag?post=5480"}],"curies":[{"name":"wp","href":"https:\/\/api.w.org\/{rel}","templated":true}]}}