{"id":5474,"date":"2025-10-29T13:12:03","date_gmt":"2025-10-29T13:12:03","guid":{"rendered":"https:\/\/agenciausphot.com\/uze\/produto\/brinco-nossa-senhora-liso\/"},"modified":"2026-01-12T15:14:42","modified_gmt":"2026-01-12T15:14:42","slug":"brinco-nossa-senhora-liso","status":"publish","type":"product","link":"https:\/\/agenciausphot.com\/uze\/en\/product\/brinco-nossa-senhora-liso\/","title":{"rendered":"Brinco nossa senhora liso"},"content":{"rendered":"<h3 data-start=\"95\" data-end=\"139\">Brinco Nossa Senhora Liso em Prata 925<\/h3>\n<p data-start=\"140\" data-end=\"479\">Um s\u00edmbolo de f\u00e9 transformado em joia. O Brinco Nossa Senhora Liso \u00e9 confeccionado em prata 925 leg\u00edtima e possui design minimalista, que valoriza a delicadeza e a devo\u00e7\u00e3o \u00e0 padroeira do Brasil.<br data-start=\"334\" data-end=\"337\"><br \/>\nCom acabamento polido e brilhante, \u00e9 uma pe\u00e7a leve, discreta e cheia de significado, perfeita para carregar a f\u00e9 no dia a dia com eleg\u00e2ncia.<\/p>\n<p data-start=\"481\" data-end=\"507\"><strong data-start=\"481\" data-end=\"505\">Detalhes do produto:<\/strong><\/p>\n<ul data-start=\"508\" data-end=\"684\">\n<li data-start=\"508\" data-end=\"540\">\n<p data-start=\"510\" data-end=\"540\">Material: Prata 925 leg\u00edtima<\/p>\n<\/li>\n<li data-start=\"541\" data-end=\"593\">\n<p data-start=\"543\" data-end=\"593\">Design: Nossa Senhora estilizada em formato liso<\/p>\n<\/li>\n<li data-start=\"594\" data-end=\"628\">\n<p data-start=\"596\" data-end=\"628\">Acabamento: Polido e brilhante<\/p>\n<\/li>\n<li data-start=\"629\" data-end=\"655\">\n<p data-start=\"631\" data-end=\"655\">Produto hipoalerg\u00eanico<\/p>\n<\/li>\n<li data-start=\"656\" data-end=\"684\">\n<p data-start=\"658\" data-end=\"684\">Garantia eterna da prata<\/p>\n<\/li>\n<\/ul>","protected":false},"excerpt":{"rendered":"<p>Brinco Nossa Senhora Liso em Prata 925 Um s\u00edmbolo de f\u00e9 transformado em joia. O Brinco Nossa Senhora Liso \u00e9 confeccionado em prata 925 leg\u00edtima&#8230;<\/p>","protected":false},"featured_media":5473,"comment_status":"open","ping_status":"closed","template":"","meta":[],"etheme_brands":[],"product_brand":[],"product_cat":[117,97],"product_tag":[133],"class_list":{"0":"post-5474","1":"product","2":"type-product","3":"status-publish","4":"has-post-thumbnail","6":"product_cat-categoriabrincosbrinco-feminino","7":"product_cat-categoriabrincos","8":"product_tag-uze-pratas","10":"first","11":"instock","12":"shipping-taxable","13":"purchasable","14":"product-type-simple"},"_links":{"self":[{"href":"https:\/\/agenciausphot.com\/uze\/en\/wp-json\/wp\/v2\/product\/5474","targetHints":{"allow":["GET"]}}],"collection":[{"href":"https:\/\/agenciausphot.com\/uze\/en\/wp-json\/wp\/v2\/product"}],"about":[{"href":"https:\/\/agenciausphot.com\/uze\/en\/wp-json\/wp\/v2\/types\/product"}],"replies":[{"embeddable":true,"href":"https:\/\/agenciausphot.com\/uze\/en\/wp-json\/wp\/v2\/comments?post=5474"}],"version-history":[{"count":1,"href":"https:\/\/agenciausphot.com\/uze\/en\/wp-json\/wp\/v2\/product\/5474\/revisions"}],"predecessor-version":[{"id":6193,"href":"https:\/\/agenciausphot.com\/uze\/en\/wp-json\/wp\/v2\/product\/5474\/revisions\/6193"}],"wp:featuredmedia":[{"embeddable":true,"href":"https:\/\/agenciausphot.com\/uze\/en\/wp-json\/wp\/v2\/media\/5473"}],"wp:attachment":[{"href":"https:\/\/agenciausphot.com\/uze\/en\/wp-json\/wp\/v2\/media?parent=5474"}],"wp:term":[{"taxonomy":"brand","embeddable":true,"href":"https:\/\/agenciausphot.com\/uze\/en\/wp-json\/wp\/v2\/etheme_brands?post=5474"},{"taxonomy":"product_brand","embeddable":true,"href":"https:\/\/agenciausphot.com\/uze\/en\/wp-json\/wp\/v2\/product_brand?post=5474"},{"taxonomy":"product_cat","embeddable":true,"href":"https:\/\/agenciausphot.com\/uze\/en\/wp-json\/wp\/v2\/product_cat?post=5474"},{"taxonomy":"product_tag","embeddable":true,"href":"https:\/\/agenciausphot.com\/uze\/en\/wp-json\/wp\/v2\/product_tag?post=5474"}],"curies":[{"name":"wp","href":"https:\/\/api.w.org\/{rel}","templated":true}]}}