{"id":5470,"date":"2025-10-29T13:12:00","date_gmt":"2025-10-29T13:12:00","guid":{"rendered":"https:\/\/agenciausphot.com\/uze\/produto\/pulseira-trevo-transparente-prata\/"},"modified":"2025-11-18T14:06:37","modified_gmt":"2025-11-18T14:06:37","slug":"pulseira-trevo-transparente-prata","status":"publish","type":"product","link":"https:\/\/agenciausphot.com\/uze\/en\/product\/pulseira-trevo-transparente-prata\/","title":{"rendered":"Pulseira trevo transparente prata"},"content":{"rendered":"<h3 data-start=\"97\" data-end=\"143\">Pulseira Trevo Transparente em Prata 925<\/h3>\n<p data-start=\"144\" data-end=\"454\">Cheia de charme e significado, a Pulseira Trevo Transparente \u00e9 confeccionada em prata 925 leg\u00edtima e traz como destaque o s\u00edmbolo do trevo, associado \u00e0 sorte, boas energias e prote\u00e7\u00e3o.<br data-start=\"328\" data-end=\"331\"><br \/>\nO detalhe em zirc\u00f4nia transparente garante brilho delicado e sofisticado, tornando a pe\u00e7a vers\u00e1til para qualquer ocasi\u00e3o.<\/p>\n<p data-start=\"456\" data-end=\"482\"><strong data-start=\"456\" data-end=\"480\">Detalhes do produto:<\/strong><\/p>\n<ul data-start=\"483\" data-end=\"691\">\n<li data-start=\"483\" data-end=\"515\">\n<p data-start=\"485\" data-end=\"515\">Material: Prata 925 leg\u00edtima<\/p>\n<\/li>\n<li data-start=\"516\" data-end=\"570\">\n<p data-start=\"518\" data-end=\"570\">Design: Trevo com detalhe em zirc\u00f4nia transparente<\/p>\n<\/li>\n<li data-start=\"571\" data-end=\"605\">\n<p data-start=\"573\" data-end=\"605\">Acabamento: Polido e brilhante<\/p>\n<\/li>\n<li data-start=\"606\" data-end=\"635\">\n<p data-start=\"608\" data-end=\"635\">Fecho resistente e seguro<\/p>\n<\/li>\n<li data-start=\"636\" data-end=\"662\">\n<p data-start=\"638\" data-end=\"662\">Produto hipoalerg\u00eanico<\/p>\n<\/li>\n<li data-start=\"663\" data-end=\"691\">\n<p data-start=\"665\" data-end=\"691\">Garantia eterna da prata<\/p>\n<\/li>\n<\/ul>","protected":false},"excerpt":{"rendered":"<p>Pulseira Trevo Transparente em Prata 925 Cheia de charme e significado, a Pulseira Trevo Transparente \u00e9 confeccionada em prata 925 leg\u00edtima e traz como destaque&#8230;<\/p>","protected":false},"featured_media":5469,"comment_status":"open","ping_status":"closed","template":"","meta":[],"etheme_brands":[],"product_brand":[],"product_cat":[98,90],"product_tag":[133],"class_list":{"0":"post-5470","1":"product","2":"type-product","3":"status-publish","4":"has-post-thumbnail","6":"product_cat-categoriapulseiraspulseira-feminina","7":"product_cat-categoriapulseiras","8":"product_tag-uze-pratas","10":"first","11":"outofstock","12":"shipping-taxable","13":"purchasable","14":"product-type-simple"},"_links":{"self":[{"href":"https:\/\/agenciausphot.com\/uze\/en\/wp-json\/wp\/v2\/product\/5470","targetHints":{"allow":["GET"]}}],"collection":[{"href":"https:\/\/agenciausphot.com\/uze\/en\/wp-json\/wp\/v2\/product"}],"about":[{"href":"https:\/\/agenciausphot.com\/uze\/en\/wp-json\/wp\/v2\/types\/product"}],"replies":[{"embeddable":true,"href":"https:\/\/agenciausphot.com\/uze\/en\/wp-json\/wp\/v2\/comments?post=5470"}],"version-history":[{"count":1,"href":"https:\/\/agenciausphot.com\/uze\/en\/wp-json\/wp\/v2\/product\/5470\/revisions"}],"predecessor-version":[{"id":6191,"href":"https:\/\/agenciausphot.com\/uze\/en\/wp-json\/wp\/v2\/product\/5470\/revisions\/6191"}],"wp:featuredmedia":[{"embeddable":true,"href":"https:\/\/agenciausphot.com\/uze\/en\/wp-json\/wp\/v2\/media\/5469"}],"wp:attachment":[{"href":"https:\/\/agenciausphot.com\/uze\/en\/wp-json\/wp\/v2\/media?parent=5470"}],"wp:term":[{"taxonomy":"brand","embeddable":true,"href":"https:\/\/agenciausphot.com\/uze\/en\/wp-json\/wp\/v2\/etheme_brands?post=5470"},{"taxonomy":"product_brand","embeddable":true,"href":"https:\/\/agenciausphot.com\/uze\/en\/wp-json\/wp\/v2\/product_brand?post=5470"},{"taxonomy":"product_cat","embeddable":true,"href":"https:\/\/agenciausphot.com\/uze\/en\/wp-json\/wp\/v2\/product_cat?post=5470"},{"taxonomy":"product_tag","embeddable":true,"href":"https:\/\/agenciausphot.com\/uze\/en\/wp-json\/wp\/v2\/product_tag?post=5470"}],"curies":[{"name":"wp","href":"https:\/\/api.w.org\/{rel}","templated":true}]}}