{"id":5468,"date":"2025-10-29T13:11:59","date_gmt":"2025-10-29T13:11:59","guid":{"rendered":"https:\/\/agenciausphot.com\/uze\/produto\/pulseira-ponto-de-luz\/"},"modified":"2025-11-18T14:06:36","modified_gmt":"2025-11-18T14:06:36","slug":"pulseira-ponto-de-luz","status":"publish","type":"product","link":"https:\/\/agenciausphot.com\/uze\/en\/product\/pulseira-ponto-de-luz\/","title":{"rendered":"Pulseira ponto de luz"},"content":{"rendered":"<h3 data-start=\"91\" data-end=\"131\">Pulseira Ponto de Luz em Prata 925<\/h3>\n<p data-start=\"132\" data-end=\"458\">Cl\u00e1ssica e atemporal, a Pulseira Ponto de Luz \u00e9 confeccionada em prata 925 leg\u00edtima e possui um delicado detalhe em zirc\u00f4nia central, que reflete brilho intenso e eleg\u00e2ncia.<br data-start=\"305\" data-end=\"308\"><br \/>\nUma joia vers\u00e1til e sofisticada, perfeita para usar sozinha em composi\u00e7\u00f5es minimalistas ou combinada com outras pulseiras para criar um mix moderno.<\/p>\n<p data-start=\"460\" data-end=\"486\"><strong data-start=\"460\" data-end=\"484\">Detalhes do produto:<\/strong><\/p>\n<ul data-start=\"487\" data-end=\"694\">\n<li data-start=\"487\" data-end=\"519\">\n<p data-start=\"489\" data-end=\"519\">Material: Prata 925 leg\u00edtima<\/p>\n<\/li>\n<li data-start=\"520\" data-end=\"573\">\n<p data-start=\"522\" data-end=\"573\">Pedra: Zirc\u00f4nia em formato redondo (ponto de luz)<\/p>\n<\/li>\n<li data-start=\"574\" data-end=\"608\">\n<p data-start=\"576\" data-end=\"608\">Acabamento: Polido e brilhante<\/p>\n<\/li>\n<li data-start=\"609\" data-end=\"638\">\n<p data-start=\"611\" data-end=\"638\">Fecho resistente e seguro<\/p>\n<\/li>\n<li data-start=\"639\" data-end=\"665\">\n<p data-start=\"641\" data-end=\"665\">Produto hipoalerg\u00eanico<\/p>\n<\/li>\n<li data-start=\"666\" data-end=\"694\">\n<p data-start=\"668\" data-end=\"694\">Garantia eterna da prata<\/p>\n<\/li>\n<\/ul>","protected":false},"excerpt":{"rendered":"<p>Pulseira Ponto de Luz em Prata 925 Cl\u00e1ssica e atemporal, a Pulseira Ponto de Luz \u00e9 confeccionada em prata 925 leg\u00edtima e possui um delicado&#8230;<\/p>","protected":false},"featured_media":5467,"comment_status":"open","ping_status":"closed","template":"","meta":[],"etheme_brands":[],"product_brand":[],"product_cat":[98,90],"product_tag":[133],"class_list":{"0":"post-5468","1":"product","2":"type-product","3":"status-publish","4":"has-post-thumbnail","6":"product_cat-categoriapulseiraspulseira-feminina","7":"product_cat-categoriapulseiras","8":"product_tag-uze-pratas","10":"first","11":"outofstock","12":"shipping-taxable","13":"purchasable","14":"product-type-simple"},"_links":{"self":[{"href":"https:\/\/agenciausphot.com\/uze\/en\/wp-json\/wp\/v2\/product\/5468","targetHints":{"allow":["GET"]}}],"collection":[{"href":"https:\/\/agenciausphot.com\/uze\/en\/wp-json\/wp\/v2\/product"}],"about":[{"href":"https:\/\/agenciausphot.com\/uze\/en\/wp-json\/wp\/v2\/types\/product"}],"replies":[{"embeddable":true,"href":"https:\/\/agenciausphot.com\/uze\/en\/wp-json\/wp\/v2\/comments?post=5468"}],"version-history":[{"count":1,"href":"https:\/\/agenciausphot.com\/uze\/en\/wp-json\/wp\/v2\/product\/5468\/revisions"}],"predecessor-version":[{"id":6190,"href":"https:\/\/agenciausphot.com\/uze\/en\/wp-json\/wp\/v2\/product\/5468\/revisions\/6190"}],"wp:featuredmedia":[{"embeddable":true,"href":"https:\/\/agenciausphot.com\/uze\/en\/wp-json\/wp\/v2\/media\/5467"}],"wp:attachment":[{"href":"https:\/\/agenciausphot.com\/uze\/en\/wp-json\/wp\/v2\/media?parent=5468"}],"wp:term":[{"taxonomy":"brand","embeddable":true,"href":"https:\/\/agenciausphot.com\/uze\/en\/wp-json\/wp\/v2\/etheme_brands?post=5468"},{"taxonomy":"product_brand","embeddable":true,"href":"https:\/\/agenciausphot.com\/uze\/en\/wp-json\/wp\/v2\/product_brand?post=5468"},{"taxonomy":"product_cat","embeddable":true,"href":"https:\/\/agenciausphot.com\/uze\/en\/wp-json\/wp\/v2\/product_cat?post=5468"},{"taxonomy":"product_tag","embeddable":true,"href":"https:\/\/agenciausphot.com\/uze\/en\/wp-json\/wp\/v2\/product_tag?post=5468"}],"curies":[{"name":"wp","href":"https:\/\/api.w.org\/{rel}","templated":true}]}}