{"id":5464,"date":"2025-10-29T13:11:56","date_gmt":"2025-10-29T13:11:56","guid":{"rendered":"https:\/\/agenciausphot.com\/uze\/produto\/pulseira-quadrada-cravejada\/"},"modified":"2025-11-04T20:38:39","modified_gmt":"2025-11-04T20:38:39","slug":"pulseira-quadrada-cravejada","status":"publish","type":"product","link":"https:\/\/agenciausphot.com\/uze\/en\/product\/pulseira-quadrada-cravejada\/","title":{"rendered":"Pulseira quadrada cravejada"},"content":{"rendered":"<h3 data-start=\"97\" data-end=\"143\">Pulseira Quadrada Cravejada em Prata 925<\/h3>\n<p data-start=\"144\" data-end=\"483\">Elegante e sofisticada, a Pulseira Quadrada Cravejada \u00e9 confeccionada em prata 925 leg\u00edtima e apresenta um design moderno, com elos quadrados inteiramente cravejados com zirc\u00f4nias de alto brilho.<br data-start=\"339\" data-end=\"342\"><br \/>\nUma joia que combina luxo e delicadeza, perfeita para compor looks marcantes em ocasi\u00f5es especiais ou dar um toque de glamour ao dia a dia.<\/p>\n<p data-start=\"485\" data-end=\"511\"><strong data-start=\"485\" data-end=\"509\">Detalhes do produto:<\/strong><\/p>\n<ul data-start=\"512\" data-end=\"750\">\n<li data-start=\"512\" data-end=\"544\">\n<p data-start=\"514\" data-end=\"544\">Material: Prata 925 leg\u00edtima<\/p>\n<\/li>\n<li data-start=\"545\" data-end=\"582\">\n<p data-start=\"547\" data-end=\"582\">Design: Elos quadrados cravejados<\/p>\n<\/li>\n<li data-start=\"583\" data-end=\"629\">\n<p data-start=\"585\" data-end=\"629\">Pedra: Zirc\u00f4nias brancas de alta qualidade<\/p>\n<\/li>\n<li data-start=\"630\" data-end=\"664\">\n<p data-start=\"632\" data-end=\"664\">Acabamento: Polido e brilhante<\/p>\n<\/li>\n<li data-start=\"665\" data-end=\"694\">\n<p data-start=\"667\" data-end=\"694\">Fecho resistente e seguro<\/p>\n<\/li>\n<li data-start=\"695\" data-end=\"721\">\n<p data-start=\"697\" data-end=\"721\">Produto hipoalerg\u00eanico<\/p>\n<\/li>\n<li data-start=\"722\" data-end=\"750\">\n<p data-start=\"724\" data-end=\"750\">Garantia eterna da prata<\/p>\n<\/li>\n<\/ul>","protected":false},"excerpt":{"rendered":"<p>Pulseira Quadrada Cravejada em Prata 925 Elegante e sofisticada, a Pulseira Quadrada Cravejada \u00e9 confeccionada em prata 925 leg\u00edtima e apresenta um design moderno, com&#8230;<\/p>","protected":false},"featured_media":5463,"comment_status":"open","ping_status":"closed","template":"","meta":[],"etheme_brands":[],"product_brand":[],"product_cat":[98,90],"product_tag":[133],"class_list":{"0":"post-5464","1":"product","2":"type-product","3":"status-publish","4":"has-post-thumbnail","6":"product_cat-categoriapulseiraspulseira-feminina","7":"product_cat-categoriapulseiras","8":"product_tag-uze-pratas","10":"first","11":"instock","12":"shipping-taxable","13":"purchasable","14":"product-type-simple"},"_links":{"self":[{"href":"https:\/\/agenciausphot.com\/uze\/en\/wp-json\/wp\/v2\/product\/5464","targetHints":{"allow":["GET"]}}],"collection":[{"href":"https:\/\/agenciausphot.com\/uze\/en\/wp-json\/wp\/v2\/product"}],"about":[{"href":"https:\/\/agenciausphot.com\/uze\/en\/wp-json\/wp\/v2\/types\/product"}],"replies":[{"embeddable":true,"href":"https:\/\/agenciausphot.com\/uze\/en\/wp-json\/wp\/v2\/comments?post=5464"}],"version-history":[{"count":1,"href":"https:\/\/agenciausphot.com\/uze\/en\/wp-json\/wp\/v2\/product\/5464\/revisions"}],"predecessor-version":[{"id":6188,"href":"https:\/\/agenciausphot.com\/uze\/en\/wp-json\/wp\/v2\/product\/5464\/revisions\/6188"}],"wp:featuredmedia":[{"embeddable":true,"href":"https:\/\/agenciausphot.com\/uze\/en\/wp-json\/wp\/v2\/media\/5463"}],"wp:attachment":[{"href":"https:\/\/agenciausphot.com\/uze\/en\/wp-json\/wp\/v2\/media?parent=5464"}],"wp:term":[{"taxonomy":"brand","embeddable":true,"href":"https:\/\/agenciausphot.com\/uze\/en\/wp-json\/wp\/v2\/etheme_brands?post=5464"},{"taxonomy":"product_brand","embeddable":true,"href":"https:\/\/agenciausphot.com\/uze\/en\/wp-json\/wp\/v2\/product_brand?post=5464"},{"taxonomy":"product_cat","embeddable":true,"href":"https:\/\/agenciausphot.com\/uze\/en\/wp-json\/wp\/v2\/product_cat?post=5464"},{"taxonomy":"product_tag","embeddable":true,"href":"https:\/\/agenciausphot.com\/uze\/en\/wp-json\/wp\/v2\/product_tag?post=5464"}],"curies":[{"name":"wp","href":"https:\/\/api.w.org\/{rel}","templated":true}]}}