{"id":5458,"date":"2025-10-29T13:11:52","date_gmt":"2025-10-29T13:11:52","guid":{"rendered":"https:\/\/agenciausphot.com\/uze\/produto\/pulseira-infantil-elefante\/"},"modified":"2025-11-04T20:38:37","modified_gmt":"2025-11-04T20:38:37","slug":"pulseira-infantil-elefante","status":"publish","type":"product","link":"https:\/\/agenciausphot.com\/uze\/en\/product\/pulseira-infantil-elefante\/","title":{"rendered":"Pulseira infantil elefante"},"content":{"rendered":"<h3 data-start=\"96\" data-end=\"141\">Pulseira Infantil Elefante em Prata 925<\/h3>\n<p data-start=\"142\" data-end=\"444\">Encantadora e delicada, a Pulseira Infantil Elefante \u00e9 confeccionada em prata 925 leg\u00edtima e traz como destaque um pingente de elefante, s\u00edmbolo de sorte, prote\u00e7\u00e3o e boas energias.<br data-start=\"322\" data-end=\"325\"><br \/>\nCom elos delicados e acabamento polido, \u00e9 uma joia leve e segura, pensada especialmente para o conforto das crian\u00e7as.<\/p>\n<p data-start=\"446\" data-end=\"472\"><strong data-start=\"446\" data-end=\"470\">Detalhes do produto:<\/strong><\/p>\n<ul data-start=\"473\" data-end=\"676\">\n<li data-start=\"473\" data-end=\"505\">\n<p data-start=\"475\" data-end=\"505\">Material: Prata 925 leg\u00edtima<\/p>\n<\/li>\n<li data-start=\"506\" data-end=\"557\">\n<p data-start=\"508\" data-end=\"557\">Design: Elos delicados com pingente de elefante<\/p>\n<\/li>\n<li data-start=\"558\" data-end=\"590\">\n<p data-start=\"560\" data-end=\"590\">Acabamento: Liso e brilhante<\/p>\n<\/li>\n<li data-start=\"591\" data-end=\"620\">\n<p data-start=\"593\" data-end=\"620\">Fecho resistente e seguro<\/p>\n<\/li>\n<li data-start=\"621\" data-end=\"647\">\n<p data-start=\"623\" data-end=\"647\">Produto hipoalerg\u00eanico<\/p>\n<\/li>\n<li data-start=\"648\" data-end=\"676\">\n<p data-start=\"650\" data-end=\"676\">Garantia eterna da prata<\/p>\n<\/li>\n<\/ul>","protected":false},"excerpt":{"rendered":"<p>Pulseira Infantil Elefante em Prata 925 Encantadora e delicada, a Pulseira Infantil Elefante \u00e9 confeccionada em prata 925 leg\u00edtima e traz como destaque um pingente&#8230;<\/p>","protected":false},"featured_media":5457,"comment_status":"open","ping_status":"closed","template":"","meta":[],"etheme_brands":[],"product_brand":[],"product_cat":[90,100],"product_tag":[133],"class_list":{"0":"post-5458","1":"product","2":"type-product","3":"status-publish","4":"has-post-thumbnail","6":"product_cat-categoriapulseiras","7":"product_cat-categoriapulseiraspulseira-infantil","8":"product_tag-uze-pratas","10":"first","11":"instock","12":"shipping-taxable","13":"purchasable","14":"product-type-simple"},"_links":{"self":[{"href":"https:\/\/agenciausphot.com\/uze\/en\/wp-json\/wp\/v2\/product\/5458","targetHints":{"allow":["GET"]}}],"collection":[{"href":"https:\/\/agenciausphot.com\/uze\/en\/wp-json\/wp\/v2\/product"}],"about":[{"href":"https:\/\/agenciausphot.com\/uze\/en\/wp-json\/wp\/v2\/types\/product"}],"replies":[{"embeddable":true,"href":"https:\/\/agenciausphot.com\/uze\/en\/wp-json\/wp\/v2\/comments?post=5458"}],"version-history":[{"count":1,"href":"https:\/\/agenciausphot.com\/uze\/en\/wp-json\/wp\/v2\/product\/5458\/revisions"}],"predecessor-version":[{"id":6185,"href":"https:\/\/agenciausphot.com\/uze\/en\/wp-json\/wp\/v2\/product\/5458\/revisions\/6185"}],"wp:featuredmedia":[{"embeddable":true,"href":"https:\/\/agenciausphot.com\/uze\/en\/wp-json\/wp\/v2\/media\/5457"}],"wp:attachment":[{"href":"https:\/\/agenciausphot.com\/uze\/en\/wp-json\/wp\/v2\/media?parent=5458"}],"wp:term":[{"taxonomy":"brand","embeddable":true,"href":"https:\/\/agenciausphot.com\/uze\/en\/wp-json\/wp\/v2\/etheme_brands?post=5458"},{"taxonomy":"product_brand","embeddable":true,"href":"https:\/\/agenciausphot.com\/uze\/en\/wp-json\/wp\/v2\/product_brand?post=5458"},{"taxonomy":"product_cat","embeddable":true,"href":"https:\/\/agenciausphot.com\/uze\/en\/wp-json\/wp\/v2\/product_cat?post=5458"},{"taxonomy":"product_tag","embeddable":true,"href":"https:\/\/agenciausphot.com\/uze\/en\/wp-json\/wp\/v2\/product_tag?post=5458"}],"curies":[{"name":"wp","href":"https:\/\/api.w.org\/{rel}","templated":true}]}}