{"id":5433,"date":"2025-10-29T13:11:33","date_gmt":"2025-10-29T13:11:33","guid":{"rendered":"https:\/\/agenciausphot.com\/uze\/produto\/pingente-relogioso-nossa-senhora-vazado\/"},"modified":"2025-11-04T20:38:30","modified_gmt":"2025-11-04T20:38:30","slug":"pingente-relogioso-nossa-senhora-vazado","status":"publish","type":"product","link":"https:\/\/agenciausphot.com\/uze\/en\/product\/pingente-relogioso-nossa-senhora-vazado\/","title":{"rendered":"Pingente relogioso nossa senhora VAZADO"},"content":{"rendered":"<h3 data-start=\"109\" data-end=\"167\">Pingente Religioso Nossa Senhora Vazado em Prata 925<\/h3>\n<p data-start=\"168\" data-end=\"510\">S\u00edmbolo de f\u00e9 e devo\u00e7\u00e3o, o Pingente Religioso Nossa Senhora \u00e9 confeccionado em prata 925 leg\u00edtima. Seu design vazado destaca os tra\u00e7os delicados da padroeira do Brasil, transmitindo prote\u00e7\u00e3o e espiritualidade em uma joia sofisticada.<br data-start=\"401\" data-end=\"404\"><br \/>\nCom acabamento polido, \u00e9 uma pe\u00e7a leve, vers\u00e1til e ideal para compor colares, escapul\u00e1rios ou pulseiras.<\/p>\n<p data-start=\"512\" data-end=\"538\"><strong data-start=\"512\" data-end=\"536\">Detalhes do produto:<\/strong><\/p>\n<ul data-start=\"539\" data-end=\"703\">\n<li data-start=\"539\" data-end=\"571\">\n<p data-start=\"541\" data-end=\"571\">Material: Prata 925 leg\u00edtima<\/p>\n<\/li>\n<li data-start=\"572\" data-end=\"614\">\n<p data-start=\"574\" data-end=\"614\">Design: Nossa Senhora Aparecida vazada<\/p>\n<\/li>\n<li data-start=\"615\" data-end=\"647\">\n<p data-start=\"617\" data-end=\"647\">Acabamento: Liso e brilhante<\/p>\n<\/li>\n<li data-start=\"648\" data-end=\"674\">\n<p data-start=\"650\" data-end=\"674\">Produto hipoalerg\u00eanico<\/p>\n<\/li>\n<li data-start=\"675\" data-end=\"703\">\n<p data-start=\"677\" data-end=\"703\">Garantia eterna da prata<\/p>\n<\/li>\n<\/ul>","protected":false},"excerpt":{"rendered":"<p>Pingente Religioso Nossa Senhora Vazado em Prata 925 S\u00edmbolo de f\u00e9 e devo\u00e7\u00e3o, o Pingente Religioso Nossa Senhora \u00e9 confeccionado em prata 925 leg\u00edtima. Seu&#8230;<\/p>","protected":false},"featured_media":5432,"comment_status":"open","ping_status":"closed","template":"","meta":[],"etheme_brands":[],"product_brand":[],"product_cat":[119,118],"product_tag":[133],"class_list":{"0":"post-5433","1":"product","2":"type-product","3":"status-publish","4":"has-post-thumbnail","6":"product_cat-categoriapingentespingente-feminino","7":"product_cat-categoriapingentes","8":"product_tag-uze-pratas","10":"first","11":"instock","12":"shipping-taxable","13":"purchasable","14":"product-type-simple"},"_links":{"self":[{"href":"https:\/\/agenciausphot.com\/uze\/en\/wp-json\/wp\/v2\/product\/5433","targetHints":{"allow":["GET"]}}],"collection":[{"href":"https:\/\/agenciausphot.com\/uze\/en\/wp-json\/wp\/v2\/product"}],"about":[{"href":"https:\/\/agenciausphot.com\/uze\/en\/wp-json\/wp\/v2\/types\/product"}],"replies":[{"embeddable":true,"href":"https:\/\/agenciausphot.com\/uze\/en\/wp-json\/wp\/v2\/comments?post=5433"}],"version-history":[{"count":1,"href":"https:\/\/agenciausphot.com\/uze\/en\/wp-json\/wp\/v2\/product\/5433\/revisions"}],"predecessor-version":[{"id":6174,"href":"https:\/\/agenciausphot.com\/uze\/en\/wp-json\/wp\/v2\/product\/5433\/revisions\/6174"}],"wp:featuredmedia":[{"embeddable":true,"href":"https:\/\/agenciausphot.com\/uze\/en\/wp-json\/wp\/v2\/media\/5432"}],"wp:attachment":[{"href":"https:\/\/agenciausphot.com\/uze\/en\/wp-json\/wp\/v2\/media?parent=5433"}],"wp:term":[{"taxonomy":"brand","embeddable":true,"href":"https:\/\/agenciausphot.com\/uze\/en\/wp-json\/wp\/v2\/etheme_brands?post=5433"},{"taxonomy":"product_brand","embeddable":true,"href":"https:\/\/agenciausphot.com\/uze\/en\/wp-json\/wp\/v2\/product_brand?post=5433"},{"taxonomy":"product_cat","embeddable":true,"href":"https:\/\/agenciausphot.com\/uze\/en\/wp-json\/wp\/v2\/product_cat?post=5433"},{"taxonomy":"product_tag","embeddable":true,"href":"https:\/\/agenciausphot.com\/uze\/en\/wp-json\/wp\/v2\/product_tag?post=5433"}],"curies":[{"name":"wp","href":"https:\/\/api.w.org\/{rel}","templated":true}]}}