{"id":5431,"date":"2025-10-29T13:11:31","date_gmt":"2025-10-29T13:11:31","guid":{"rendered":"https:\/\/agenciausphot.com\/uze\/produto\/berloque-de-prata-biblia-azul\/"},"modified":"2025-11-04T20:38:29","modified_gmt":"2025-11-04T20:38:29","slug":"berloque-de-prata-biblia-azul","status":"publish","type":"product","link":"https:\/\/agenciausphot.com\/uze\/en\/product\/berloque-de-prata-biblia-azul\/","title":{"rendered":"Berloque de prata b\u00edblia azul"},"content":{"rendered":"<h3 data-start=\"90\" data-end=\"129\">Berloque B\u00edblia Azul em Prata 925<\/h3>\n<p data-start=\"130\" data-end=\"433\">Um acess\u00f3rio de f\u00e9 e significado. O Berloque B\u00edblia Azul \u00e9 confeccionado em prata 925 leg\u00edtima e possui acabamento delicado com detalhe em esmalte azul, trazendo eleg\u00e2ncia e espiritualidade para sua cole\u00e7\u00e3o.<br data-start=\"337\" data-end=\"340\"><br \/>\nPerfeito para personalizar pulseiras de berloques, simboliza devo\u00e7\u00e3o, prote\u00e7\u00e3o e esperan\u00e7a.<\/p>\n<p data-start=\"435\" data-end=\"461\"><strong data-start=\"435\" data-end=\"459\">Detalhes do produto:<\/strong><\/p>\n<ul data-start=\"462\" data-end=\"685\">\n<li data-start=\"462\" data-end=\"494\">\n<p data-start=\"464\" data-end=\"494\">Material: Prata 925 leg\u00edtima<\/p>\n<\/li>\n<li data-start=\"495\" data-end=\"541\">\n<p data-start=\"497\" data-end=\"541\">Design: B\u00edblia estilizada com detalhe azul<\/p>\n<\/li>\n<li data-start=\"542\" data-end=\"576\">\n<p data-start=\"544\" data-end=\"576\">Acabamento: Polido e esmaltado<\/p>\n<\/li>\n<li data-start=\"577\" data-end=\"629\">\n<p data-start=\"579\" data-end=\"629\">Compat\u00edvel com pulseiras de berloques universais<\/p>\n<\/li>\n<li data-start=\"630\" data-end=\"656\">\n<p data-start=\"632\" data-end=\"656\">Produto hipoalerg\u00eanico<\/p>\n<\/li>\n<li data-start=\"657\" data-end=\"685\">\n<p data-start=\"659\" data-end=\"685\">Garantia eterna da prata<\/p>\n<\/li>\n<\/ul>","protected":false},"excerpt":{"rendered":"<p>Berloque B\u00edblia Azul em Prata 925 Um acess\u00f3rio de f\u00e9 e significado. O Berloque B\u00edblia Azul \u00e9 confeccionado em prata 925 leg\u00edtima e possui acabamento&#8230;<\/p>","protected":false},"featured_media":5430,"comment_status":"open","ping_status":"closed","template":"","meta":[],"etheme_brands":[],"product_brand":[],"product_cat":[127],"product_tag":[133],"class_list":{"0":"post-5431","1":"product","2":"type-product","3":"status-publish","4":"has-post-thumbnail","6":"product_cat-categoriaberloques","7":"product_tag-uze-pratas","9":"first","10":"instock","11":"shipping-taxable","12":"purchasable","13":"product-type-simple"},"_links":{"self":[{"href":"https:\/\/agenciausphot.com\/uze\/en\/wp-json\/wp\/v2\/product\/5431","targetHints":{"allow":["GET"]}}],"collection":[{"href":"https:\/\/agenciausphot.com\/uze\/en\/wp-json\/wp\/v2\/product"}],"about":[{"href":"https:\/\/agenciausphot.com\/uze\/en\/wp-json\/wp\/v2\/types\/product"}],"replies":[{"embeddable":true,"href":"https:\/\/agenciausphot.com\/uze\/en\/wp-json\/wp\/v2\/comments?post=5431"}],"version-history":[{"count":1,"href":"https:\/\/agenciausphot.com\/uze\/en\/wp-json\/wp\/v2\/product\/5431\/revisions"}],"predecessor-version":[{"id":6173,"href":"https:\/\/agenciausphot.com\/uze\/en\/wp-json\/wp\/v2\/product\/5431\/revisions\/6173"}],"wp:featuredmedia":[{"embeddable":true,"href":"https:\/\/agenciausphot.com\/uze\/en\/wp-json\/wp\/v2\/media\/5430"}],"wp:attachment":[{"href":"https:\/\/agenciausphot.com\/uze\/en\/wp-json\/wp\/v2\/media?parent=5431"}],"wp:term":[{"taxonomy":"brand","embeddable":true,"href":"https:\/\/agenciausphot.com\/uze\/en\/wp-json\/wp\/v2\/etheme_brands?post=5431"},{"taxonomy":"product_brand","embeddable":true,"href":"https:\/\/agenciausphot.com\/uze\/en\/wp-json\/wp\/v2\/product_brand?post=5431"},{"taxonomy":"product_cat","embeddable":true,"href":"https:\/\/agenciausphot.com\/uze\/en\/wp-json\/wp\/v2\/product_cat?post=5431"},{"taxonomy":"product_tag","embeddable":true,"href":"https:\/\/agenciausphot.com\/uze\/en\/wp-json\/wp\/v2\/product_tag?post=5431"}],"curies":[{"name":"wp","href":"https:\/\/api.w.org\/{rel}","templated":true}]}}