{"id":5425,"date":"2025-10-29T13:11:27","date_gmt":"2025-10-29T13:11:27","guid":{"rendered":"https:\/\/agenciausphot.com\/uze\/produto\/brinco-trio-argola-quadrada-lisa\/"},"modified":"2025-11-04T20:38:27","modified_gmt":"2025-11-04T20:38:27","slug":"brinco-trio-argola-quadrada-lisa","status":"publish","type":"product","link":"https:\/\/agenciausphot.com\/uze\/en\/product\/brinco-trio-argola-quadrada-lisa\/","title":{"rendered":"Brinco trio argola quadrada lisa"},"content":{"rendered":"<h3 data-start=\"102\" data-end=\"153\">Brinco Trio Argola Quadrada Lisa em Prata 925<\/h3>\n<p data-start=\"154\" data-end=\"490\">Estilo e modernidade em dose tripla. O Brinco Trio de Argolas \u00e9 confeccionado em prata 925 leg\u00edtima e traz tr\u00eas argolas com design quadrado liso, que garantem um visual sofisticado e contempor\u00e2neo.<br data-start=\"351\" data-end=\"354\"><br \/>\nCom acabamento polido, s\u00e3o pe\u00e7as leves, confort\u00e1veis e vers\u00e1teis, perfeitas para quem gosta de praticidade sem abrir m\u00e3o da eleg\u00e2ncia.<\/p>\n<p data-start=\"492\" data-end=\"518\"><strong data-start=\"492\" data-end=\"516\">Detalhes do produto:<\/strong><\/p>\n<ul data-start=\"519\" data-end=\"705\">\n<li data-start=\"519\" data-end=\"551\">\n<p data-start=\"521\" data-end=\"551\">Material: Prata 925 leg\u00edtima<\/p>\n<\/li>\n<li data-start=\"552\" data-end=\"587\">\n<p data-start=\"554\" data-end=\"587\">Design: Argolas quadradas lisas<\/p>\n<\/li>\n<li data-start=\"588\" data-end=\"619\">\n<p data-start=\"590\" data-end=\"619\">Quantidade: Trio de brincos<\/p>\n<\/li>\n<li data-start=\"620\" data-end=\"649\">\n<p data-start=\"622\" data-end=\"649\">Acabamento: Liso e polido<\/p>\n<\/li>\n<li data-start=\"650\" data-end=\"676\">\n<p data-start=\"652\" data-end=\"676\">Produto hipoalerg\u00eanico<\/p>\n<\/li>\n<li data-start=\"677\" data-end=\"705\">\n<p data-start=\"679\" data-end=\"705\">Garantia eterna da prata<\/p>\n<\/li>\n<\/ul>","protected":false},"excerpt":{"rendered":"<p>Brinco Trio Argola Quadrada Lisa em Prata 925 Estilo e modernidade em dose tripla. O Brinco Trio de Argolas \u00e9 confeccionado em prata 925 leg\u00edtima&#8230;<\/p>","protected":false},"featured_media":5424,"comment_status":"open","ping_status":"closed","template":"","meta":[],"etheme_brands":[],"product_brand":[],"product_cat":[117,97],"product_tag":[133],"class_list":{"0":"post-5425","1":"product","2":"type-product","3":"status-publish","4":"has-post-thumbnail","6":"product_cat-categoriabrincosbrinco-feminino","7":"product_cat-categoriabrincos","8":"product_tag-uze-pratas","10":"first","11":"outofstock","12":"shipping-taxable","13":"purchasable","14":"product-type-simple"},"_links":{"self":[{"href":"https:\/\/agenciausphot.com\/uze\/en\/wp-json\/wp\/v2\/product\/5425","targetHints":{"allow":["GET"]}}],"collection":[{"href":"https:\/\/agenciausphot.com\/uze\/en\/wp-json\/wp\/v2\/product"}],"about":[{"href":"https:\/\/agenciausphot.com\/uze\/en\/wp-json\/wp\/v2\/types\/product"}],"replies":[{"embeddable":true,"href":"https:\/\/agenciausphot.com\/uze\/en\/wp-json\/wp\/v2\/comments?post=5425"}],"version-history":[{"count":1,"href":"https:\/\/agenciausphot.com\/uze\/en\/wp-json\/wp\/v2\/product\/5425\/revisions"}],"predecessor-version":[{"id":6170,"href":"https:\/\/agenciausphot.com\/uze\/en\/wp-json\/wp\/v2\/product\/5425\/revisions\/6170"}],"wp:featuredmedia":[{"embeddable":true,"href":"https:\/\/agenciausphot.com\/uze\/en\/wp-json\/wp\/v2\/media\/5424"}],"wp:attachment":[{"href":"https:\/\/agenciausphot.com\/uze\/en\/wp-json\/wp\/v2\/media?parent=5425"}],"wp:term":[{"taxonomy":"brand","embeddable":true,"href":"https:\/\/agenciausphot.com\/uze\/en\/wp-json\/wp\/v2\/etheme_brands?post=5425"},{"taxonomy":"product_brand","embeddable":true,"href":"https:\/\/agenciausphot.com\/uze\/en\/wp-json\/wp\/v2\/product_brand?post=5425"},{"taxonomy":"product_cat","embeddable":true,"href":"https:\/\/agenciausphot.com\/uze\/en\/wp-json\/wp\/v2\/product_cat?post=5425"},{"taxonomy":"product_tag","embeddable":true,"href":"https:\/\/agenciausphot.com\/uze\/en\/wp-json\/wp\/v2\/product_tag?post=5425"}],"curies":[{"name":"wp","href":"https:\/\/api.w.org\/{rel}","templated":true}]}}