{"id":5423,"date":"2025-10-29T13:11:26","date_gmt":"2025-10-29T13:11:26","guid":{"rendered":"https:\/\/agenciausphot.com\/uze\/produto\/trios-de-brincos-zirconia-4-5-6mm-verde-esmeralda-prata-925\/"},"modified":"2025-11-04T20:38:26","modified_gmt":"2025-11-04T20:38:26","slug":"trios-de-brincos-zirconia-4-5-6mm-verde-esmeralda-prata-925","status":"publish","type":"product","link":"https:\/\/agenciausphot.com\/uze\/en\/product\/trios-de-brincos-zirconia-4-5-6mm-verde-esmeralda-prata-925\/","title":{"rendered":"Trios de brincos zirc\u00f4nia 4\/5\/6mm &#8211; verde esmeralda &#8211; prata 925"},"content":{"rendered":"<h3 data-start=\"127\" data-end=\"203\">Trio de Brincos Zirc\u00f4nia Verde Esmeralda em Prata 925 \u2013 4mm, 5mm e 6mm<\/h3>\n<p data-start=\"204\" data-end=\"526\">Versatilidade e brilho em uma \u00fanica joia. O Trio de Brincos \u00e9 confeccionado em prata 925 leg\u00edtima e conta com pedras de zirc\u00f4nia em tonalidade verde esmeralda, dispon\u00edveis em tr\u00eas tamanhos diferentes: 4mm, 5mm e 6mm.<br data-start=\"420\" data-end=\"423\"><br \/>\nUma combina\u00e7\u00e3o perfeita para quem gosta de variar os looks ou compor mix de brincos com muito estilo.<\/p>\n<p data-start=\"528\" data-end=\"554\"><strong data-start=\"528\" data-end=\"552\">Detalhes do produto:<\/strong><\/p>\n<ul data-start=\"555\" data-end=\"743\">\n<li data-start=\"555\" data-end=\"587\">\n<p data-start=\"557\" data-end=\"587\">Material: Prata 925 leg\u00edtima<\/p>\n<\/li>\n<li data-start=\"588\" data-end=\"623\">\n<p data-start=\"590\" data-end=\"623\">Pedra: Zirc\u00f4nia verde esmeralda<\/p>\n<\/li>\n<li data-start=\"624\" data-end=\"652\">\n<p data-start=\"626\" data-end=\"652\">Tamanhos: 4mm, 5mm e 6mm<\/p>\n<\/li>\n<li data-start=\"653\" data-end=\"687\">\n<p data-start=\"655\" data-end=\"687\">Acabamento: Polido e brilhante<\/p>\n<\/li>\n<li data-start=\"688\" data-end=\"714\">\n<p data-start=\"690\" data-end=\"714\">Produto hipoalerg\u00eanico<\/p>\n<\/li>\n<li data-start=\"715\" data-end=\"743\">\n<p data-start=\"717\" data-end=\"743\">Garantia eterna da prata<\/p>\n<\/li>\n<\/ul>","protected":false},"excerpt":{"rendered":"<p>Trio de Brincos Zirc\u00f4nia Verde Esmeralda em Prata 925 \u2013 4mm, 5mm e 6mm Versatilidade e brilho em uma \u00fanica joia. O Trio de Brincos&#8230;<\/p>","protected":false},"featured_media":5422,"comment_status":"open","ping_status":"closed","template":"","meta":[],"etheme_brands":[],"product_brand":[],"product_cat":[117,97],"product_tag":[133],"class_list":{"0":"post-5423","1":"product","2":"type-product","3":"status-publish","4":"has-post-thumbnail","6":"product_cat-categoriabrincosbrinco-feminino","7":"product_cat-categoriabrincos","8":"product_tag-uze-pratas","10":"first","11":"instock","12":"shipping-taxable","13":"purchasable","14":"product-type-simple"},"_links":{"self":[{"href":"https:\/\/agenciausphot.com\/uze\/en\/wp-json\/wp\/v2\/product\/5423","targetHints":{"allow":["GET"]}}],"collection":[{"href":"https:\/\/agenciausphot.com\/uze\/en\/wp-json\/wp\/v2\/product"}],"about":[{"href":"https:\/\/agenciausphot.com\/uze\/en\/wp-json\/wp\/v2\/types\/product"}],"replies":[{"embeddable":true,"href":"https:\/\/agenciausphot.com\/uze\/en\/wp-json\/wp\/v2\/comments?post=5423"}],"version-history":[{"count":1,"href":"https:\/\/agenciausphot.com\/uze\/en\/wp-json\/wp\/v2\/product\/5423\/revisions"}],"predecessor-version":[{"id":6169,"href":"https:\/\/agenciausphot.com\/uze\/en\/wp-json\/wp\/v2\/product\/5423\/revisions\/6169"}],"wp:featuredmedia":[{"embeddable":true,"href":"https:\/\/agenciausphot.com\/uze\/en\/wp-json\/wp\/v2\/media\/5422"}],"wp:attachment":[{"href":"https:\/\/agenciausphot.com\/uze\/en\/wp-json\/wp\/v2\/media?parent=5423"}],"wp:term":[{"taxonomy":"brand","embeddable":true,"href":"https:\/\/agenciausphot.com\/uze\/en\/wp-json\/wp\/v2\/etheme_brands?post=5423"},{"taxonomy":"product_brand","embeddable":true,"href":"https:\/\/agenciausphot.com\/uze\/en\/wp-json\/wp\/v2\/product_brand?post=5423"},{"taxonomy":"product_cat","embeddable":true,"href":"https:\/\/agenciausphot.com\/uze\/en\/wp-json\/wp\/v2\/product_cat?post=5423"},{"taxonomy":"product_tag","embeddable":true,"href":"https:\/\/agenciausphot.com\/uze\/en\/wp-json\/wp\/v2\/product_tag?post=5423"}],"curies":[{"name":"wp","href":"https:\/\/api.w.org\/{rel}","templated":true}]}}