{"id":5415,"date":"2025-10-29T13:11:20","date_gmt":"2025-10-29T13:11:20","guid":{"rendered":"https:\/\/agenciausphot.com\/uze\/produto\/brinco-nossa-senhora-aparecida\/"},"modified":"2025-11-04T20:38:23","modified_gmt":"2025-11-04T20:38:23","slug":"brinco-nossa-senhora-aparecida","status":"publish","type":"product","link":"https:\/\/agenciausphot.com\/uze\/en\/product\/brinco-nossa-senhora-aparecida\/","title":{"rendered":"Brinco nossa senhora aparecida"},"content":{"rendered":"<h3 data-start=\"100\" data-end=\"149\">Brinco Nossa Senhora Aparecida em Prata 925<\/h3>\n<p data-start=\"150\" data-end=\"471\">Um acess\u00f3rio de f\u00e9 e devo\u00e7\u00e3o. O Brinco Nossa Senhora Aparecida \u00e9 confeccionado em prata 925 leg\u00edtima, com design delicado e acabamento polido que valoriza cada detalhe da padroeira do Brasil.<br data-start=\"341\" data-end=\"344\"><br \/>\nUma joia que transmite prote\u00e7\u00e3o, espiritualidade e estilo, ideal para quem deseja carregar sua f\u00e9 no dia a dia com eleg\u00e2ncia.<\/p>\n<p data-start=\"473\" data-end=\"499\"><strong data-start=\"473\" data-end=\"497\">Detalhes do produto:<\/strong><\/p>\n<ul data-start=\"500\" data-end=\"668\">\n<li data-start=\"500\" data-end=\"532\">\n<p data-start=\"502\" data-end=\"532\">Material: Prata 925 leg\u00edtima<\/p>\n<\/li>\n<li data-start=\"533\" data-end=\"579\">\n<p data-start=\"535\" data-end=\"579\">Design: Nossa Senhora Aparecida estilizada<\/p>\n<\/li>\n<li data-start=\"580\" data-end=\"612\">\n<p data-start=\"582\" data-end=\"612\">Acabamento: Liso e brilhante<\/p>\n<\/li>\n<li data-start=\"613\" data-end=\"639\">\n<p data-start=\"615\" data-end=\"639\">Produto hipoalerg\u00eanico<\/p>\n<\/li>\n<li data-start=\"640\" data-end=\"668\">\n<p data-start=\"642\" data-end=\"668\">Garantia eterna da prata<\/p>\n<\/li>\n<\/ul>\n<p data-start=\"670\" data-end=\"797\"><\/p>","protected":false},"excerpt":{"rendered":"<p>Brinco Nossa Senhora Aparecida em Prata 925 Um acess\u00f3rio de f\u00e9 e devo\u00e7\u00e3o. O Brinco Nossa Senhora Aparecida \u00e9 confeccionado em prata 925 leg\u00edtima, com&#8230;<\/p>","protected":false},"featured_media":5414,"comment_status":"open","ping_status":"closed","template":"","meta":[],"etheme_brands":[],"product_brand":[],"product_cat":[117,97],"product_tag":[133],"class_list":{"0":"post-5415","1":"product","2":"type-product","3":"status-publish","4":"has-post-thumbnail","6":"product_cat-categoriabrincosbrinco-feminino","7":"product_cat-categoriabrincos","8":"product_tag-uze-pratas","10":"first","11":"outofstock","12":"shipping-taxable","13":"purchasable","14":"product-type-simple"},"_links":{"self":[{"href":"https:\/\/agenciausphot.com\/uze\/en\/wp-json\/wp\/v2\/product\/5415","targetHints":{"allow":["GET"]}}],"collection":[{"href":"https:\/\/agenciausphot.com\/uze\/en\/wp-json\/wp\/v2\/product"}],"about":[{"href":"https:\/\/agenciausphot.com\/uze\/en\/wp-json\/wp\/v2\/types\/product"}],"replies":[{"embeddable":true,"href":"https:\/\/agenciausphot.com\/uze\/en\/wp-json\/wp\/v2\/comments?post=5415"}],"version-history":[{"count":1,"href":"https:\/\/agenciausphot.com\/uze\/en\/wp-json\/wp\/v2\/product\/5415\/revisions"}],"predecessor-version":[{"id":6165,"href":"https:\/\/agenciausphot.com\/uze\/en\/wp-json\/wp\/v2\/product\/5415\/revisions\/6165"}],"wp:featuredmedia":[{"embeddable":true,"href":"https:\/\/agenciausphot.com\/uze\/en\/wp-json\/wp\/v2\/media\/5414"}],"wp:attachment":[{"href":"https:\/\/agenciausphot.com\/uze\/en\/wp-json\/wp\/v2\/media?parent=5415"}],"wp:term":[{"taxonomy":"brand","embeddable":true,"href":"https:\/\/agenciausphot.com\/uze\/en\/wp-json\/wp\/v2\/etheme_brands?post=5415"},{"taxonomy":"product_brand","embeddable":true,"href":"https:\/\/agenciausphot.com\/uze\/en\/wp-json\/wp\/v2\/product_brand?post=5415"},{"taxonomy":"product_cat","embeddable":true,"href":"https:\/\/agenciausphot.com\/uze\/en\/wp-json\/wp\/v2\/product_cat?post=5415"},{"taxonomy":"product_tag","embeddable":true,"href":"https:\/\/agenciausphot.com\/uze\/en\/wp-json\/wp\/v2\/product_tag?post=5415"}],"curies":[{"name":"wp","href":"https:\/\/api.w.org\/{rel}","templated":true}]}}