{"id":5409,"date":"2025-10-29T13:11:16","date_gmt":"2025-10-29T13:11:16","guid":{"rendered":"https:\/\/agenciausphot.com\/uze\/produto\/brinco-ponto-de-luz-formato-coracao\/"},"modified":"2026-01-12T15:14:41","modified_gmt":"2026-01-12T15:14:41","slug":"brinco-ponto-de-luz-formato-coracao","status":"publish","type":"product","link":"https:\/\/agenciausphot.com\/uze\/en\/product\/brinco-ponto-de-luz-formato-coracao\/","title":{"rendered":"BRINCO PONTO DE LUZ formato CORA\u00c7\u00c3O"},"content":{"rendered":"<h3 data-start=\"97\" data-end=\"143\">Brinco Ponto de Luz Cora\u00e7\u00e3o em Prata 925<\/h3>\n<p data-start=\"144\" data-end=\"417\">Rom\u00e2ntico e delicado, o Brinco Ponto de Luz Cora\u00e7\u00e3o \u00e9 confeccionado em prata 925 leg\u00edtima e traz o brilho especial das zirc\u00f4nias em formato de cora\u00e7\u00e3o.<br data-start=\"295\" data-end=\"298\"><br \/>\nCom design cl\u00e1ssico e atemporal, \u00e9 perfeito para quem deseja um acess\u00f3rio vers\u00e1til, que combina com qualquer ocasi\u00e3o.<\/p>\n<p data-start=\"419\" data-end=\"445\"><strong data-start=\"419\" data-end=\"443\">Detalhes do produto:<\/strong><\/p>\n<ul data-start=\"446\" data-end=\"611\">\n<li data-start=\"446\" data-end=\"478\">\n<p data-start=\"448\" data-end=\"478\">Material: Prata 925 leg\u00edtima<\/p>\n<\/li>\n<li data-start=\"479\" data-end=\"520\">\n<p data-start=\"481\" data-end=\"520\">Pedra: Zirc\u00f4nia em formato de cora\u00e7\u00e3o<\/p>\n<\/li>\n<li data-start=\"521\" data-end=\"555\">\n<p data-start=\"523\" data-end=\"555\">Acabamento: Polido e brilhante<\/p>\n<\/li>\n<li data-start=\"556\" data-end=\"582\">\n<p data-start=\"558\" data-end=\"582\">Produto hipoalerg\u00eanico<\/p>\n<\/li>\n<li data-start=\"583\" data-end=\"611\">\n<p data-start=\"585\" data-end=\"611\">Garantia eterna da prata<\/p>\n<\/li>\n<\/ul>\n<p data-start=\"613\" data-end=\"723\">Um brinco que une simplicidade e eleg\u00e2ncia, ideal para usar no dia a dia ou para presentear algu\u00e9m especial.<\/p>","protected":false},"excerpt":{"rendered":"<p>Brinco Ponto de Luz Cora\u00e7\u00e3o em Prata 925 Rom\u00e2ntico e delicado, o Brinco Ponto de Luz Cora\u00e7\u00e3o \u00e9 confeccionado em prata 925 leg\u00edtima e traz&#8230;<\/p>","protected":false},"featured_media":5408,"comment_status":"open","ping_status":"closed","template":"","meta":[],"etheme_brands":[],"product_brand":[],"product_cat":[117,97],"product_tag":[133],"class_list":{"0":"post-5409","1":"product","2":"type-product","3":"status-publish","4":"has-post-thumbnail","6":"product_cat-categoriabrincosbrinco-feminino","7":"product_cat-categoriabrincos","8":"product_tag-uze-pratas","10":"first","11":"instock","12":"shipping-taxable","13":"purchasable","14":"product-type-simple"},"_links":{"self":[{"href":"https:\/\/agenciausphot.com\/uze\/en\/wp-json\/wp\/v2\/product\/5409","targetHints":{"allow":["GET"]}}],"collection":[{"href":"https:\/\/agenciausphot.com\/uze\/en\/wp-json\/wp\/v2\/product"}],"about":[{"href":"https:\/\/agenciausphot.com\/uze\/en\/wp-json\/wp\/v2\/types\/product"}],"replies":[{"embeddable":true,"href":"https:\/\/agenciausphot.com\/uze\/en\/wp-json\/wp\/v2\/comments?post=5409"}],"version-history":[{"count":1,"href":"https:\/\/agenciausphot.com\/uze\/en\/wp-json\/wp\/v2\/product\/5409\/revisions"}],"predecessor-version":[{"id":6162,"href":"https:\/\/agenciausphot.com\/uze\/en\/wp-json\/wp\/v2\/product\/5409\/revisions\/6162"}],"wp:featuredmedia":[{"embeddable":true,"href":"https:\/\/agenciausphot.com\/uze\/en\/wp-json\/wp\/v2\/media\/5408"}],"wp:attachment":[{"href":"https:\/\/agenciausphot.com\/uze\/en\/wp-json\/wp\/v2\/media?parent=5409"}],"wp:term":[{"taxonomy":"brand","embeddable":true,"href":"https:\/\/agenciausphot.com\/uze\/en\/wp-json\/wp\/v2\/etheme_brands?post=5409"},{"taxonomy":"product_brand","embeddable":true,"href":"https:\/\/agenciausphot.com\/uze\/en\/wp-json\/wp\/v2\/product_brand?post=5409"},{"taxonomy":"product_cat","embeddable":true,"href":"https:\/\/agenciausphot.com\/uze\/en\/wp-json\/wp\/v2\/product_cat?post=5409"},{"taxonomy":"product_tag","embeddable":true,"href":"https:\/\/agenciausphot.com\/uze\/en\/wp-json\/wp\/v2\/product_tag?post=5409"}],"curies":[{"name":"wp","href":"https:\/\/api.w.org\/{rel}","templated":true}]}}