{"id":5401,"date":"2025-10-29T13:11:10","date_gmt":"2025-10-29T13:11:10","guid":{"rendered":"https:\/\/agenciausphot.com\/uze\/produto\/brinco-trevo-madreperola\/"},"modified":"2025-11-04T20:38:19","modified_gmt":"2025-11-04T20:38:19","slug":"brinco-trevo-madreperola","status":"publish","type":"product","link":"https:\/\/agenciausphot.com\/uze\/en\/product\/brinco-trevo-madreperola\/","title":{"rendered":"Brinco trevo madreperola"},"content":{"rendered":"<h3 data-start=\"94\" data-end=\"137\">Brinco Trevo Madrep\u00e9rola em Prata 925<\/h3>\n<p data-start=\"138\" data-end=\"416\">Delicadeza e eleg\u00e2ncia em uma joia \u00fanica. O Brinco Trevo \u00e9 confeccionado em prata 925 leg\u00edtima, com detalhe em madrep\u00e9rola que traz um toque sofisticado e atemporal.<br data-start=\"303\" data-end=\"306\"><br \/>\nO design em formato de trevo simboliza sorte, prote\u00e7\u00e3o e boas energias, tornando a pe\u00e7a ainda mais especial.<\/p>\n<p data-start=\"418\" data-end=\"444\"><strong data-start=\"418\" data-end=\"442\">Detalhes do produto:<\/strong><\/p>\n<ul data-start=\"445\" data-end=\"627\">\n<li data-start=\"445\" data-end=\"477\">\n<p data-start=\"447\" data-end=\"477\">Material: Prata 925 leg\u00edtima<\/p>\n<\/li>\n<li data-start=\"478\" data-end=\"508\">\n<p data-start=\"480\" data-end=\"508\">Pedra: Madrep\u00e9rola natural<\/p>\n<\/li>\n<li data-start=\"509\" data-end=\"544\">\n<p data-start=\"511\" data-end=\"544\">Formato: Trevo de quatro folhas<\/p>\n<\/li>\n<li data-start=\"545\" data-end=\"579\">\n<p data-start=\"547\" data-end=\"579\">Acabamento: Polido e brilhante<\/p>\n<\/li>\n<li data-start=\"580\" data-end=\"598\">\n<p data-start=\"582\" data-end=\"598\">Hipoalerg\u00eanico<\/p>\n<\/li>\n<li data-start=\"599\" data-end=\"627\">\n<p data-start=\"601\" data-end=\"627\">Garantia eterna da prata<\/p>\n<\/li>\n<\/ul>","protected":false},"excerpt":{"rendered":"<p>Brinco Trevo Madrep\u00e9rola em Prata 925 Delicadeza e eleg\u00e2ncia em uma joia \u00fanica. O Brinco Trevo \u00e9 confeccionado em prata 925 leg\u00edtima, com detalhe em&#8230;<\/p>","protected":false},"featured_media":5400,"comment_status":"open","ping_status":"closed","template":"","meta":[],"etheme_brands":[],"product_brand":[],"product_cat":[117,97],"product_tag":[133],"class_list":{"0":"post-5401","1":"product","2":"type-product","3":"status-publish","4":"has-post-thumbnail","6":"product_cat-categoriabrincosbrinco-feminino","7":"product_cat-categoriabrincos","8":"product_tag-uze-pratas","10":"first","11":"instock","12":"shipping-taxable","13":"purchasable","14":"product-type-simple"},"_links":{"self":[{"href":"https:\/\/agenciausphot.com\/uze\/en\/wp-json\/wp\/v2\/product\/5401","targetHints":{"allow":["GET"]}}],"collection":[{"href":"https:\/\/agenciausphot.com\/uze\/en\/wp-json\/wp\/v2\/product"}],"about":[{"href":"https:\/\/agenciausphot.com\/uze\/en\/wp-json\/wp\/v2\/types\/product"}],"replies":[{"embeddable":true,"href":"https:\/\/agenciausphot.com\/uze\/en\/wp-json\/wp\/v2\/comments?post=5401"}],"version-history":[{"count":1,"href":"https:\/\/agenciausphot.com\/uze\/en\/wp-json\/wp\/v2\/product\/5401\/revisions"}],"predecessor-version":[{"id":6158,"href":"https:\/\/agenciausphot.com\/uze\/en\/wp-json\/wp\/v2\/product\/5401\/revisions\/6158"}],"wp:featuredmedia":[{"embeddable":true,"href":"https:\/\/agenciausphot.com\/uze\/en\/wp-json\/wp\/v2\/media\/5400"}],"wp:attachment":[{"href":"https:\/\/agenciausphot.com\/uze\/en\/wp-json\/wp\/v2\/media?parent=5401"}],"wp:term":[{"taxonomy":"brand","embeddable":true,"href":"https:\/\/agenciausphot.com\/uze\/en\/wp-json\/wp\/v2\/etheme_brands?post=5401"},{"taxonomy":"product_brand","embeddable":true,"href":"https:\/\/agenciausphot.com\/uze\/en\/wp-json\/wp\/v2\/product_brand?post=5401"},{"taxonomy":"product_cat","embeddable":true,"href":"https:\/\/agenciausphot.com\/uze\/en\/wp-json\/wp\/v2\/product_cat?post=5401"},{"taxonomy":"product_tag","embeddable":true,"href":"https:\/\/agenciausphot.com\/uze\/en\/wp-json\/wp\/v2\/product_tag?post=5401"}],"curies":[{"name":"wp","href":"https:\/\/api.w.org\/{rel}","templated":true}]}}